{"id":17284,"date":"2024-06-11T13:53:59","date_gmt":"2024-06-11T11:53:59","guid":{"rendered":"https:\/\/www.arteliagroup.com\/?page_id=17284"},"modified":"2025-06-24T09:55:01","modified_gmt":"2025-06-24T07:55:01","slug":"artelia-consulting-assistance-financiere","status":"publish","type":"page","link":"https:\/\/www.arteliagroup.com\/fr\/artelia-consulting\/artelia-consulting-assistance-financiere\/","title":{"rendered":"Artelia Consulting &#8211; Assistance \u00e9conomique et financi\u00e8re"},"content":{"rendered":"\t\t<div data-elementor-type=\"wp-page\" data-elementor-id=\"17284\" class=\"elementor elementor-17284\">\n\t\t\t\t\t\t<section class=\"elementor-section elementor-top-section elementor-element elementor-element-60ec8814 elementor-section-full_width elementor-section-height-min-height elementor-section-items-stretch elementor-section-content-middle elementor-reverse-mobile_extra elementor-reverse-mobile width-limit elementor-section-height-default\" data-id=\"60ec8814\" data-element_type=\"section\" data-e-type=\"section\">\n\t\t\t\t\t\t\t<div class=\"elementor-background-overlay\"><\/div>\n\t\t\t\t\t\t\t<div class=\"elementor-container elementor-column-gap-no\">\n\t\t\t\t\t<div class=\"elementor-column elementor-col-50 elementor-top-column elementor-element elementor-element-265e6d8b padleft0-full\" data-id=\"265e6d8b\" data-element_type=\"column\" data-e-type=\"column\">\n\t\t\t<div class=\"elementor-widget-wrap elementor-element-populated\">\n\t\t\t\t\t\t<div class=\"elementor-element elementor-element-6caae2fb elementor-widget elementor-widget-heading\" data-id=\"6caae2fb\" data-element_type=\"widget\" data-e-type=\"widget\" data-widget_type=\"heading.default\">\n\t\t\t\t<div class=\"elementor-widget-container\">\n\t\t\t\t\t<h1 class=\"elementor-heading-title elementor-size-default\">ASSISTANCE \u00c9CONOMIQUE ET FINANCI\u00c8RE<\/h1>\t\t\t\t<\/div>\n\t\t\t\t<\/div>\n\t\t\t\t<div class=\"elementor-element elementor-element-28e08708 elementor-widget elementor-widget-text-editor\" data-id=\"28e08708\" data-element_type=\"widget\" data-e-type=\"widget\" data-widget_type=\"text-editor.default\">\n\t\t\t\t<div class=\"elementor-widget-container\">\n\t\t\t\t\t\t\t\t\t<p>Artelia Consulting aide les acteurs priv\u00e9s et publics dans le suivi et la s\u00e9curisation des aspects \u00e9conomiques et financiers de leurs projets.<\/p>\t\t\t\t\t\t\t\t<\/div>\n\t\t\t\t<\/div>\n\t\t\t\t<div class=\"elementor-element elementor-element-44ff4309 elementor-widget-laptop__width-auto elementor-widget__width-auto elementor-widget-mobile__width-auto elementor-widget elementor-widget-button\" data-id=\"44ff4309\" data-element_type=\"widget\" data-e-type=\"widget\" data-widget_type=\"button.default\">\n\t\t\t\t<div class=\"elementor-widget-container\">\n\t\t\t\t\t\t\t\t\t<div class=\"elementor-button-wrapper\">\n\t\t\t\t\t<a class=\"elementor-button elementor-button-link elementor-size-sm\" href=\"mailto:consulting@arteliagroup.com\">\n\t\t\t\t\t\t<span class=\"elementor-button-content-wrapper\">\n\t\t\t\t\t\t\t\t\t<span class=\"elementor-button-text\">CONTACTEZ-nous<\/span>\n\t\t\t\t\t<\/span>\n\t\t\t\t\t<\/a>\n\t\t\t\t<\/div>\n\t\t\t\t\t\t\t\t<\/div>\n\t\t\t\t<\/div>\n\t\t\t\t\t<\/div>\n\t\t<\/div>\n\t\t\t\t<div class=\"elementor-column elementor-col-50 elementor-top-column elementor-element elementor-element-6cb824b\" data-id=\"6cb824b\" data-element_type=\"column\" data-e-type=\"column\" data-settings=\"{&quot;background_background&quot;:&quot;classic&quot;}\">\n\t\t\t<div class=\"elementor-widget-wrap elementor-element-populated\">\n\t\t\t\t\t<div class=\"elementor-background-overlay\"><\/div>\n\t\t\t\t\t\t<div class=\"elementor-element elementor-element-2e2d3c1b elementor-widget elementor-widget-spacer\" data-id=\"2e2d3c1b\" data-element_type=\"widget\" data-e-type=\"widget\" data-widget_type=\"spacer.default\">\n\t\t\t\t<div class=\"elementor-widget-container\">\n\t\t\t\t\t\t\t<div class=\"elementor-spacer\">\n\t\t\t<div class=\"elementor-spacer-inner\"><\/div>\n\t\t<\/div>\n\t\t\t\t\t\t<\/div>\n\t\t\t\t<\/div>\n\t\t\t\t\t<\/div>\n\t\t<\/div>\n\t\t\t\t\t<\/div>\n\t\t<\/section>\n\t\t\t\t<section class=\"elementor-section elementor-top-section elementor-element elementor-element-3821fd70 elementor-section-boxed elementor-section-height-default elementor-section-height-default\" data-id=\"3821fd70\" data-element_type=\"section\" data-e-type=\"section\">\n\t\t\t\t\t\t<div class=\"elementor-container elementor-column-gap-no\">\n\t\t\t\t\t<div class=\"elementor-column elementor-col-100 elementor-top-column elementor-element elementor-element-699c604e\" data-id=\"699c604e\" data-element_type=\"column\" data-e-type=\"column\">\n\t\t\t<div class=\"elementor-widget-wrap elementor-element-populated\">\n\t\t\t\t\t\t<div class=\"elementor-element elementor-element-770205c5 elementor-widget elementor-widget-spacer\" data-id=\"770205c5\" data-element_type=\"widget\" data-e-type=\"widget\" data-widget_type=\"spacer.default\">\n\t\t\t\t<div class=\"elementor-widget-container\">\n\t\t\t\t\t\t\t<div class=\"elementor-spacer\">\n\t\t\t<div class=\"elementor-spacer-inner\"><\/div>\n\t\t<\/div>\n\t\t\t\t\t\t<\/div>\n\t\t\t\t<\/div>\n\t\t\t\t\t<\/div>\n\t\t<\/div>\n\t\t\t\t\t<\/div>\n\t\t<\/section>\n\t\t\t\t<section class=\"elementor-section elementor-top-section elementor-element elementor-element-27798a92 elementor-section-height-min-height elementor-section-full_width elementor-section-items-stretch width-limit elementor-section-height-default\" data-id=\"27798a92\" data-element_type=\"section\" data-e-type=\"section\" data-settings=\"{&quot;background_background&quot;:&quot;classic&quot;}\">\n\t\t\t\t\t\t<div class=\"elementor-container elementor-column-gap-no\">\n\t\t\t\t\t<div class=\"elementor-column elementor-col-50 elementor-top-column elementor-element elementor-element-20e78a0e\" data-id=\"20e78a0e\" data-element_type=\"column\" data-e-type=\"column\" data-settings=\"{&quot;background_background&quot;:&quot;classic&quot;}\">\n\t\t\t<div class=\"elementor-widget-wrap elementor-element-populated\">\n\t\t\t\t\t\t<div class=\"elementor-element elementor-element-1feb997b elementor-widget elementor-widget-spacer\" data-id=\"1feb997b\" data-element_type=\"widget\" data-e-type=\"widget\" data-widget_type=\"spacer.default\">\n\t\t\t\t<div class=\"elementor-widget-container\">\n\t\t\t\t\t\t\t<div class=\"elementor-spacer\">\n\t\t\t<div class=\"elementor-spacer-inner\"><\/div>\n\t\t<\/div>\n\t\t\t\t\t\t<\/div>\n\t\t\t\t<\/div>\n\t\t\t\t<div class=\"elementor-element elementor-element-bfba01b elementor-widget__width-initial elementor-widget-mobile_extra__width-inherit elementor-widget elementor-widget-text-editor\" data-id=\"bfba01b\" data-element_type=\"widget\" data-e-type=\"widget\" data-widget_type=\"text-editor.default\">\n\t\t\t\t<div class=\"elementor-widget-container\">\n\t\t\t\t\t\t\t\t\t<p>\u00a9\u00a0Cobe Architects<\/p>\t\t\t\t\t\t\t\t<\/div>\n\t\t\t\t<\/div>\n\t\t\t\t\t<\/div>\n\t\t<\/div>\n\t\t\t\t<div class=\"elementor-column elementor-col-50 elementor-top-column elementor-element elementor-element-57c2e4da padright-full\" data-id=\"57c2e4da\" data-element_type=\"column\" data-e-type=\"column\">\n\t\t\t<div class=\"elementor-widget-wrap elementor-element-populated\">\n\t\t\t\t\t\t<div class=\"elementor-element elementor-element-3e2bcf6d elementor-widget elementor-widget-text-editor\" data-id=\"3e2bcf6d\" data-element_type=\"widget\" data-e-type=\"widget\" data-widget_type=\"text-editor.default\">\n\t\t\t\t<div class=\"elementor-widget-container\">\n\t\t\t\t\t\t\t\t\t<p style=\"box-sizing: border-box; outline: none !important; scrollbar-width: thin; scrollbar-color: #089b86 white; margin-block: 0px 0.9rem; color: #000000; font-family: SegoeUI, sans-serif; font-size: 16px; font-style: normal; font-variant-ligatures: normal; font-variant-caps: normal; font-weight: 400; letter-spacing: normal; orphans: 2; text-align: start; text-indent: 0px; text-transform: none; widows: 2; word-spacing: 0px; -webkit-text-stroke: 1px rgba(0, 0, 0, 0); white-space: normal; background-color: #ffffff; text-decoration-thickness: initial; text-decoration-style: initial; text-decoration-color: initial;\">Nous mettons \u00e0 votre disposition une expertise compl\u00e8te en mati\u00e8re de gestion \u00e9conomique et financi\u00e8re de projets.<\/p>\t\t\t\t\t\t\t\t<\/div>\n\t\t\t\t<\/div>\n\t\t\t\t<div class=\"elementor-element elementor-element-143684ed elementor-widget__width-initial elementor-widget-mobile_extra__width-inherit elementor-widget elementor-widget-text-editor\" data-id=\"143684ed\" data-element_type=\"widget\" data-e-type=\"widget\" data-widget_type=\"text-editor.default\">\n\t\t\t\t<div class=\"elementor-widget-container\">\n\t\t\t\t\t\t\t\t\t<ul><li>Suivi \u00e9conomique et financier de vos contrats<\/li><li>Sourcing d\u2019acteurs financiers<\/li><li>R\u00e9alisation de PIM (Project Info-Memorandum) \u00e0 destination d\u2019investisseurs<\/li><li>Pr\u00e9sentation des structures de financement possibles pour votre projet<\/li><li>R\u00e9daction des parties financi\u00e8res des appels \u00e0 projets<\/li><li>Assistance \u00e0 la r\u00e9daction des documents de recherche de financement<\/li><li>Exploration des sources de financement pour financer vos projets<\/li><li>Etudes de march\u00e9<\/li><\/ul>\t\t\t\t\t\t\t\t<\/div>\n\t\t\t\t<\/div>\n\t\t\t\t\t<\/div>\n\t\t<\/div>\n\t\t\t\t\t<\/div>\n\t\t<\/section>\n\t\t\t\t<section class=\"elementor-section elementor-top-section elementor-element elementor-element-25883303 elementor-section-boxed elementor-section-height-default elementor-section-height-default\" data-id=\"25883303\" data-element_type=\"section\" data-e-type=\"section\">\n\t\t\t\t\t\t<div class=\"elementor-container elementor-column-gap-no\">\n\t\t\t\t\t<div class=\"elementor-column elementor-col-100 elementor-top-column elementor-element elementor-element-1e6807f2\" data-id=\"1e6807f2\" data-element_type=\"column\" data-e-type=\"column\">\n\t\t\t<div class=\"elementor-widget-wrap elementor-element-populated\">\n\t\t\t\t\t\t<div class=\"elementor-element elementor-element-2a33ff5e elementor-widget elementor-widget-spacer\" data-id=\"2a33ff5e\" data-element_type=\"widget\" data-e-type=\"widget\" data-widget_type=\"spacer.default\">\n\t\t\t\t<div class=\"elementor-widget-container\">\n\t\t\t\t\t\t\t<div class=\"elementor-spacer\">\n\t\t\t<div class=\"elementor-spacer-inner\"><\/div>\n\t\t<\/div>\n\t\t\t\t\t\t<\/div>\n\t\t\t\t<\/div>\n\t\t\t\t\t<\/div>\n\t\t<\/div>\n\t\t\t\t\t<\/div>\n\t\t<\/section>\n\t\t\t\t<section class=\"elementor-section elementor-top-section elementor-element elementor-element-853d700 elementor-section-boxed elementor-section-height-default elementor-section-height-default\" data-id=\"853d700\" data-element_type=\"section\" data-e-type=\"section\">\n\t\t\t\t\t\t<div class=\"elementor-container elementor-column-gap-default\">\n\t\t\t\t\t<div class=\"elementor-column elementor-col-100 elementor-top-column elementor-element elementor-element-7c1b06a\" data-id=\"7c1b06a\" data-element_type=\"column\" data-e-type=\"column\">\n\t\t\t<div class=\"elementor-widget-wrap elementor-element-populated\">\n\t\t\t\t\t\t<div class=\"elementor-element elementor-element-96c425b elementor-widget elementor-widget-spacer\" data-id=\"96c425b\" data-element_type=\"widget\" data-e-type=\"widget\" data-widget_type=\"spacer.default\">\n\t\t\t\t<div class=\"elementor-widget-container\">\n\t\t\t\t\t\t\t<div class=\"elementor-spacer\">\n\t\t\t<div class=\"elementor-spacer-inner\"><\/div>\n\t\t<\/div>\n\t\t\t\t\t\t<\/div>\n\t\t\t\t<\/div>\n\t\t\t\t\t<\/div>\n\t\t<\/div>\n\t\t\t\t\t<\/div>\n\t\t<\/section>\n\t\t\t\t<\/div>\n\t\t","protected":false},"excerpt":{"rendered":"<p>Artelia Consulting aide les acteurs priv\u00e9s et publics dans le suivi et la s\u00e9curisation des aspects \u00e9conomiques et financiers de leurs projets.<\/p>\n","protected":false},"author":6,"featured_media":6069,"parent":17248,"menu_order":0,"comment_status":"closed","ping_status":"closed","template":"","meta":{"_acf_changed":false,"inline_featured_image":false,"footnotes":""},"class_list":["post-17284","page","type-page","status-publish","has-post-thumbnail","hentry"],"acf":[],"yoast_head":"<!-- This site is optimized with the Yoast SEO plugin v27.5 - https:\/\/yoast.com\/product\/yoast-seo-wordpress\/ -->\n<title>Artelia Consulting - Assistance \u00e9conomique et financi\u00e8re - Artelia Group<\/title>\n<meta name=\"description\" content=\"Artelia Consulting aide les acteurs priv\u00e9s et publics dans le suivi et la s\u00e9curisation des aspects \u00e9conomiques et financiers de leurs projets\" \/>\n<meta name=\"robots\" content=\"index, follow, max-snippet:-1, max-image-preview:large, max-video-preview:-1\" \/>\n<link rel=\"canonical\" href=\"https:\/\/www.arteliagroup.com\/fr\/artelia-consulting\/artelia-consulting-assistance-financiere\/\" \/>\n<meta property=\"og:locale\" content=\"fr_FR\" \/>\n<meta property=\"og:type\" content=\"article\" \/>\n<meta property=\"og:title\" content=\"Assistance \u00e9conomique et financi\u00e8re\" \/>\n<meta property=\"og:description\" content=\"Artelia Consulting aide les acteurs priv\u00e9s et publics dans le suivi et la s\u00e9curisation des aspects \u00e9conomiques et financiers de leurs projets.\" \/>\n<meta property=\"og:url\" content=\"https:\/\/www.arteliagroup.com\/fr\/artelia-consulting\/artelia-consulting-assistance-financiere\/\" \/>\n<meta property=\"og:site_name\" content=\"Artelia Group\" \/>\n<meta property=\"article:modified_time\" content=\"2025-06-24T07:55:01+00:00\" \/>\n<meta property=\"og:image\" content=\"https:\/\/www.arteliagroup.com\/wp-content\/uploads\/2023\/11\/Photo-siege-Artelia-Saint-Ouen-Evidence-scaled.jpg\" \/>\n\t<meta property=\"og:image:width\" content=\"2560\" \/>\n\t<meta property=\"og:image:height\" content=\"1616\" \/>\n\t<meta property=\"og:image:type\" content=\"image\/jpeg\" \/>\n<meta name=\"twitter:card\" content=\"summary_large_image\" \/>\n<meta name=\"twitter:title\" content=\"Assistance \u00e9conomique et financi\u00e8re\" \/>\n<meta name=\"twitter:description\" content=\"Artelia Consulting aide les acteurs priv\u00e9s et publics dans le suivi et la s\u00e9curisation des aspects \u00e9conomiques et financiers de leurs projets.\" \/>\n<meta name=\"twitter:image\" content=\"https:\/\/www.arteliagroup.com\/wp-content\/uploads\/2023\/11\/Photo-siege-Artelia-Saint-Ouen-Evidence-scaled.jpg\" \/>\n<meta name=\"twitter:label1\" content=\"Dur\u00e9e de lecture estim\u00e9e\" \/>\n\t<meta name=\"twitter:data1\" content=\"1 minute\" \/>\n<script type=\"application\/ld+json\" class=\"yoast-schema-graph\">{\"@context\":\"https:\\\/\\\/schema.org\",\"@graph\":[{\"@type\":\"WebPage\",\"@id\":\"https:\\\/\\\/www.arteliagroup.com\\\/fr\\\/artelia-consulting\\\/artelia-consulting-assistance-financiere\\\/\",\"url\":\"https:\\\/\\\/www.arteliagroup.com\\\/fr\\\/artelia-consulting\\\/artelia-consulting-assistance-financiere\\\/\",\"name\":\"Artelia Consulting - Assistance \u00e9conomique et financi\u00e8re - Artelia Group\",\"isPartOf\":{\"@id\":\"https:\\\/\\\/www.arteliagroup.com\\\/#website\"},\"primaryImageOfPage\":{\"@id\":\"https:\\\/\\\/www.arteliagroup.com\\\/fr\\\/artelia-consulting\\\/artelia-consulting-assistance-financiere\\\/#primaryimage\"},\"image\":{\"@id\":\"https:\\\/\\\/www.arteliagroup.com\\\/fr\\\/artelia-consulting\\\/artelia-consulting-assistance-financiere\\\/#primaryimage\"},\"thumbnailUrl\":\"https:\\\/\\\/www.arteliagroup.com\\\/wp-content\\\/uploads\\\/2023\\\/11\\\/Photo-siege-Artelia-Saint-Ouen-Evidence-scaled.jpg\",\"datePublished\":\"2024-06-11T11:53:59+00:00\",\"dateModified\":\"2025-06-24T07:55:01+00:00\",\"description\":\"Artelia Consulting aide les acteurs priv\u00e9s et publics dans le suivi et la s\u00e9curisation des aspects \u00e9conomiques et financiers de leurs projets\",\"breadcrumb\":{\"@id\":\"https:\\\/\\\/www.arteliagroup.com\\\/fr\\\/artelia-consulting\\\/artelia-consulting-assistance-financiere\\\/#breadcrumb\"},\"inLanguage\":\"fr-FR\",\"potentialAction\":[{\"@type\":\"ReadAction\",\"target\":[\"https:\\\/\\\/www.arteliagroup.com\\\/fr\\\/artelia-consulting\\\/artelia-consulting-assistance-financiere\\\/\"]}]},{\"@type\":\"ImageObject\",\"inLanguage\":\"fr-FR\",\"@id\":\"https:\\\/\\\/www.arteliagroup.com\\\/fr\\\/artelia-consulting\\\/artelia-consulting-assistance-financiere\\\/#primaryimage\",\"url\":\"https:\\\/\\\/www.arteliagroup.com\\\/wp-content\\\/uploads\\\/2023\\\/11\\\/Photo-siege-Artelia-Saint-Ouen-Evidence-scaled.jpg\",\"contentUrl\":\"https:\\\/\\\/www.arteliagroup.com\\\/wp-content\\\/uploads\\\/2023\\\/11\\\/Photo-siege-Artelia-Saint-Ouen-Evidence-scaled.jpg\",\"width\":2560,\"height\":1616,\"caption\":\"Headquarter Artelia de Saint-Ouen\"},{\"@type\":\"BreadcrumbList\",\"@id\":\"https:\\\/\\\/www.arteliagroup.com\\\/fr\\\/artelia-consulting\\\/artelia-consulting-assistance-financiere\\\/#breadcrumb\",\"itemListElement\":[{\"@type\":\"ListItem\",\"position\":1,\"name\":\"Home\",\"item\":\"https:\\\/\\\/www.arteliagroup.com\\\/fr\\\/\"},{\"@type\":\"ListItem\",\"position\":2,\"name\":\"Artelia Consulting &#8211; Accueil\",\"item\":\"https:\\\/\\\/www.arteliagroup.com\\\/fr\\\/artelia-consulting\\\/\"},{\"@type\":\"ListItem\",\"position\":3,\"name\":\"Artelia Consulting &#8211; Assistance \u00e9conomique et financi\u00e8re\"}]},{\"@type\":\"WebSite\",\"@id\":\"https:\\\/\\\/www.arteliagroup.com\\\/#website\",\"url\":\"https:\\\/\\\/www.arteliagroup.com\\\/\",\"name\":\"Artelia Group\",\"description\":\"\",\"publisher\":{\"@id\":\"https:\\\/\\\/www.arteliagroup.com\\\/#organization\"},\"potentialAction\":[{\"@type\":\"SearchAction\",\"target\":{\"@type\":\"EntryPoint\",\"urlTemplate\":\"https:\\\/\\\/www.arteliagroup.com\\\/?s={search_term_string}\"},\"query-input\":{\"@type\":\"PropertyValueSpecification\",\"valueRequired\":true,\"valueName\":\"search_term_string\"}}],\"inLanguage\":\"fr-FR\"},{\"@type\":\"Organization\",\"@id\":\"https:\\\/\\\/www.arteliagroup.com\\\/#organization\",\"name\":\"Artelia Group\",\"url\":\"https:\\\/\\\/www.arteliagroup.com\\\/\",\"logo\":{\"@type\":\"ImageObject\",\"inLanguage\":\"fr-FR\",\"@id\":\"https:\\\/\\\/www.arteliagroup.com\\\/#\\\/schema\\\/logo\\\/image\\\/\",\"url\":\"https:\\\/\\\/www.arteliagroup.com\\\/wp-content\\\/uploads\\\/2023\\\/04\\\/logo_ARTELIA_Couleur.png\",\"contentUrl\":\"https:\\\/\\\/www.arteliagroup.com\\\/wp-content\\\/uploads\\\/2023\\\/04\\\/logo_ARTELIA_Couleur.png\",\"width\":303,\"height\":100,\"caption\":\"Artelia Group\"},\"image\":{\"@id\":\"https:\\\/\\\/www.arteliagroup.com\\\/#\\\/schema\\\/logo\\\/image\\\/\"}}]}<\/script>\n<!-- \/ Yoast SEO plugin. -->","yoast_head_json":{"title":"Artelia Consulting - Assistance \u00e9conomique et financi\u00e8re - Artelia Group","description":"Artelia Consulting aide les acteurs priv\u00e9s et publics dans le suivi et la s\u00e9curisation des aspects \u00e9conomiques et financiers de leurs projets","robots":{"index":"index","follow":"follow","max-snippet":"max-snippet:-1","max-image-preview":"max-image-preview:large","max-video-preview":"max-video-preview:-1"},"canonical":"https:\/\/www.arteliagroup.com\/fr\/artelia-consulting\/artelia-consulting-assistance-financiere\/","og_locale":"fr_FR","og_type":"article","og_title":"Assistance \u00e9conomique et financi\u00e8re","og_description":"Artelia Consulting aide les acteurs priv\u00e9s et publics dans le suivi et la s\u00e9curisation des aspects \u00e9conomiques et financiers de leurs projets.","og_url":"https:\/\/www.arteliagroup.com\/fr\/artelia-consulting\/artelia-consulting-assistance-financiere\/","og_site_name":"Artelia Group","article_modified_time":"2025-06-24T07:55:01+00:00","og_image":[{"width":2560,"height":1616,"url":"https:\/\/www.arteliagroup.com\/wp-content\/uploads\/2023\/11\/Photo-siege-Artelia-Saint-Ouen-Evidence-scaled.jpg","type":"image\/jpeg"}],"twitter_card":"summary_large_image","twitter_title":"Assistance \u00e9conomique et financi\u00e8re","twitter_description":"Artelia Consulting aide les acteurs priv\u00e9s et publics dans le suivi et la s\u00e9curisation des aspects \u00e9conomiques et financiers de leurs projets.","twitter_image":"https:\/\/www.arteliagroup.com\/wp-content\/uploads\/2023\/11\/Photo-siege-Artelia-Saint-Ouen-Evidence-scaled.jpg","twitter_misc":{"Dur\u00e9e de lecture estim\u00e9e":"1 minute"},"schema":{"@context":"https:\/\/schema.org","@graph":[{"@type":"WebPage","@id":"https:\/\/www.arteliagroup.com\/fr\/artelia-consulting\/artelia-consulting-assistance-financiere\/","url":"https:\/\/www.arteliagroup.com\/fr\/artelia-consulting\/artelia-consulting-assistance-financiere\/","name":"Artelia Consulting - Assistance \u00e9conomique et financi\u00e8re - Artelia Group","isPartOf":{"@id":"https:\/\/www.arteliagroup.com\/#website"},"primaryImageOfPage":{"@id":"https:\/\/www.arteliagroup.com\/fr\/artelia-consulting\/artelia-consulting-assistance-financiere\/#primaryimage"},"image":{"@id":"https:\/\/www.arteliagroup.com\/fr\/artelia-consulting\/artelia-consulting-assistance-financiere\/#primaryimage"},"thumbnailUrl":"https:\/\/www.arteliagroup.com\/wp-content\/uploads\/2023\/11\/Photo-siege-Artelia-Saint-Ouen-Evidence-scaled.jpg","datePublished":"2024-06-11T11:53:59+00:00","dateModified":"2025-06-24T07:55:01+00:00","description":"Artelia Consulting aide les acteurs priv\u00e9s et publics dans le suivi et la s\u00e9curisation des aspects \u00e9conomiques et financiers de leurs projets","breadcrumb":{"@id":"https:\/\/www.arteliagroup.com\/fr\/artelia-consulting\/artelia-consulting-assistance-financiere\/#breadcrumb"},"inLanguage":"fr-FR","potentialAction":[{"@type":"ReadAction","target":["https:\/\/www.arteliagroup.com\/fr\/artelia-consulting\/artelia-consulting-assistance-financiere\/"]}]},{"@type":"ImageObject","inLanguage":"fr-FR","@id":"https:\/\/www.arteliagroup.com\/fr\/artelia-consulting\/artelia-consulting-assistance-financiere\/#primaryimage","url":"https:\/\/www.arteliagroup.com\/wp-content\/uploads\/2023\/11\/Photo-siege-Artelia-Saint-Ouen-Evidence-scaled.jpg","contentUrl":"https:\/\/www.arteliagroup.com\/wp-content\/uploads\/2023\/11\/Photo-siege-Artelia-Saint-Ouen-Evidence-scaled.jpg","width":2560,"height":1616,"caption":"Headquarter Artelia de Saint-Ouen"},{"@type":"BreadcrumbList","@id":"https:\/\/www.arteliagroup.com\/fr\/artelia-consulting\/artelia-consulting-assistance-financiere\/#breadcrumb","itemListElement":[{"@type":"ListItem","position":1,"name":"Home","item":"https:\/\/www.arteliagroup.com\/fr\/"},{"@type":"ListItem","position":2,"name":"Artelia Consulting &#8211; Accueil","item":"https:\/\/www.arteliagroup.com\/fr\/artelia-consulting\/"},{"@type":"ListItem","position":3,"name":"Artelia Consulting &#8211; Assistance \u00e9conomique et financi\u00e8re"}]},{"@type":"WebSite","@id":"https:\/\/www.arteliagroup.com\/#website","url":"https:\/\/www.arteliagroup.com\/","name":"Artelia Group","description":"","publisher":{"@id":"https:\/\/www.arteliagroup.com\/#organization"},"potentialAction":[{"@type":"SearchAction","target":{"@type":"EntryPoint","urlTemplate":"https:\/\/www.arteliagroup.com\/?s={search_term_string}"},"query-input":{"@type":"PropertyValueSpecification","valueRequired":true,"valueName":"search_term_string"}}],"inLanguage":"fr-FR"},{"@type":"Organization","@id":"https:\/\/www.arteliagroup.com\/#organization","name":"Artelia Group","url":"https:\/\/www.arteliagroup.com\/","logo":{"@type":"ImageObject","inLanguage":"fr-FR","@id":"https:\/\/www.arteliagroup.com\/#\/schema\/logo\/image\/","url":"https:\/\/www.arteliagroup.com\/wp-content\/uploads\/2023\/04\/logo_ARTELIA_Couleur.png","contentUrl":"https:\/\/www.arteliagroup.com\/wp-content\/uploads\/2023\/04\/logo_ARTELIA_Couleur.png","width":303,"height":100,"caption":"Artelia Group"},"image":{"@id":"https:\/\/www.arteliagroup.com\/#\/schema\/logo\/image\/"}}]}},"_links":{"self":[{"href":"https:\/\/www.arteliagroup.com\/fr\/wp-json\/wp\/v2\/pages\/17284","targetHints":{"allow":["GET"]}}],"collection":[{"href":"https:\/\/www.arteliagroup.com\/fr\/wp-json\/wp\/v2\/pages"}],"about":[{"href":"https:\/\/www.arteliagroup.com\/fr\/wp-json\/wp\/v2\/types\/page"}],"author":[{"embeddable":true,"href":"https:\/\/www.arteliagroup.com\/fr\/wp-json\/wp\/v2\/users\/6"}],"replies":[{"embeddable":true,"href":"https:\/\/www.arteliagroup.com\/fr\/wp-json\/wp\/v2\/comments?post=17284"}],"version-history":[{"count":6,"href":"https:\/\/www.arteliagroup.com\/fr\/wp-json\/wp\/v2\/pages\/17284\/revisions"}],"predecessor-version":[{"id":22594,"href":"https:\/\/www.arteliagroup.com\/fr\/wp-json\/wp\/v2\/pages\/17284\/revisions\/22594"}],"up":[{"embeddable":true,"href":"https:\/\/www.arteliagroup.com\/fr\/wp-json\/wp\/v2\/pages\/17248"}],"wp:featuredmedia":[{"embeddable":true,"href":"https:\/\/www.arteliagroup.com\/fr\/wp-json\/wp\/v2\/media\/6069"}],"wp:attachment":[{"href":"https:\/\/www.arteliagroup.com\/fr\/wp-json\/wp\/v2\/media?parent=17284"}],"curies":[{"name":"wp","href":"https:\/\/api.w.org\/{rel}","templated":true}]}}