{"id":7724,"date":"2023-05-19T09:23:40","date_gmt":"2023-05-19T07:23:40","guid":{"rendered":"https:\/\/www.arteliagroup.com\/locations\/"},"modified":"2023-12-08T10:08:44","modified_gmt":"2023-12-08T09:08:44","slug":"localisations","status":"publish","type":"page","link":"https:\/\/www.arteliagroup.com\/fr\/localisations\/","title":{"rendered":"Localisations"},"content":{"rendered":"\t\t<div data-elementor-type=\"wp-page\" data-elementor-id=\"7724\" class=\"elementor elementor-7724 elementor-4381\">\n\t\t\t\t\t\t<section class=\"elementor-section elementor-top-section elementor-element elementor-element-258966e elementor-section-full_width elementor-section-height-min-height elementor-section-items-stretch elementor-section-content-middle elementor-reverse-mobile_extra elementor-reverse-mobile width-limit elementor-section-height-default\" data-id=\"258966e\" data-element_type=\"section\" data-e-type=\"section\">\n\t\t\t\t\t\t\t<div class=\"elementor-background-overlay\"><\/div>\n\t\t\t\t\t\t\t<div class=\"elementor-container elementor-column-gap-no\">\n\t\t\t\t\t<div class=\"elementor-column elementor-col-50 elementor-top-column elementor-element elementor-element-6f0a48d padleft0-full\" data-id=\"6f0a48d\" data-element_type=\"column\" data-e-type=\"column\">\n\t\t\t<div class=\"elementor-widget-wrap elementor-element-populated\">\n\t\t\t\t\t\t<div class=\"elementor-element elementor-element-ab0de7b elementor-widget elementor-widget-heading\" data-id=\"ab0de7b\" data-element_type=\"widget\" data-e-type=\"widget\" data-widget_type=\"heading.default\">\n\t\t\t\t<div class=\"elementor-widget-container\">\n\t\t\t\t\t<h1 class=\"elementor-heading-title elementor-size-default\">NOTRE PR\u00c9SENCE DANS LE MONDE<\/h1>\t\t\t\t<\/div>\n\t\t\t\t<\/div>\n\t\t\t\t<div class=\"elementor-element elementor-element-cf92a1b elementor-widget elementor-widget-text-editor\" data-id=\"cf92a1b\" data-element_type=\"widget\" data-e-type=\"widget\" data-widget_type=\"text-editor.default\">\n\t\t\t\t<div class=\"elementor-widget-container\">\n\t\t\t\t\t\t\t\t\tLe groupe est pr\u00e9sent dans 40 pays en Europe, en Afrique, au Moyen-Orient, en Asie-Pacifique et en Am\u00e9rique. Chaque ann\u00e9e, il intervient dans plus de 100 pays en s&rsquo;adaptant aux projets qui lui sont confi\u00e9s.\t\t\t\t\t\t\t\t<\/div>\n\t\t\t\t<\/div>\n\t\t\t\t<div class=\"elementor-element elementor-element-174b2d2 elementor-widget elementor-widget-shortcode\" data-id=\"174b2d2\" data-element_type=\"widget\" data-e-type=\"widget\" data-widget_type=\"shortcode.default\">\n\t\t\t\t<div class=\"elementor-widget-container\">\n\t\t\t\t\t\t\t<div class=\"elementor-shortcode\">            <select class=\"cbo_filter bold-label\" name=\"filter-country-location\">\r\n                <option value=\"0\">Pays<\/option>\r\n                                    <option value=\"267\">Alg\u00e9rie<\/option>\r\n                                    <option value=\"326\">Allemagne<\/option>\r\n                                    <option value=\"269\">Angola<\/option>\r\n                                    <option value=\"410\">Arabie Saoudite<\/option>\r\n                                    <option value=\"273\">Australie<\/option>\r\n                                    <option value=\"274\">Autriche<\/option>\r\n                                    <option value=\"277\">Bahre\u00efn<\/option>\r\n                                    <option value=\"281\">Belgique<\/option>\r\n                                    <option value=\"283\">B\u00e9nin<\/option>\r\n                                    <option value=\"377\">Birmanie<\/option>\r\n                                    <option value=\"294\">Cambodge<\/option>\r\n                                    <option value=\"296\">Canada<\/option>\r\n                                    <option value=\"300\">Chine<\/option>\r\n                                    <option value=\"309\">C\u00f4te d&#039;Ivoire<\/option>\r\n                                    <option value=\"311\">Danemark<\/option>\r\n                                    <option value=\"316\">\u00c9gypte<\/option>\r\n                                    <option value=\"443\">Emirats Arabes Unis<\/option>\r\n                                    <option value=\"423\">Espagne<\/option>\r\n                                    <option value=\"263\">France<\/option>\r\n                                    <option value=\"331\">Guin\u00e9e<\/option>\r\n                                    <option value=\"339\">Inde<\/option>\r\n                                    <option value=\"340\">Indon\u00e9sie<\/option>\r\n                                    <option value=\"338\">Islande<\/option>\r\n                                    <option value=\"345\">Italie<\/option>\r\n                                    <option value=\"360\">Madagascar<\/option>\r\n                                    <option value=\"362\">Malaisie<\/option>\r\n                                    <option value=\"375\">Maroc<\/option>\r\n                                    <option value=\"369\">Mexique<\/option>\r\n                                    <option value=\"372\">Monaco<\/option>\r\n                                    <option value=\"374\">Mont\u00e9n\u00e9gro<\/option>\r\n                                    <option value=\"388\">Norv\u00e8ge<\/option>\r\n                                    <option value=\"389\">Oman<\/option>\r\n                                    <option value=\"381\">Pays-bas<\/option>\r\n                                    <option value=\"397\">Philippines<\/option>\r\n                                    <option value=\"399\">Portugal<\/option>\r\n                                    <option value=\"444\">Royaume-Uni<\/option>\r\n                                    <option value=\"403\">Rwanda<\/option>\r\n                                    <option value=\"415\">Singapour<\/option>\r\n                                    <option value=\"428\">Suisse<\/option>\r\n                                    <option value=\"458\">Ta\u00efwan<\/option>\r\n                                    <option value=\"431\">Tanzanie<\/option>\r\n                                    <option value=\"308\">Tch\u00e9quie (R\u00e9publique tch\u00e8que)<\/option>\r\n                                    <option value=\"432\">Tha\u00eflande<\/option>\r\n                                    <option value=\"231\">United Arab Emirates<\/option>\r\n                                    <option value=\"450\">Vi\u00eat Nam<\/option>\r\n                            <\/select>\r\n        <\/div>\n\t\t\t\t\t\t<\/div>\n\t\t\t\t<\/div>\n\t\t\t\t\t<\/div>\n\t\t<\/div>\n\t\t\t\t<div class=\"elementor-column elementor-col-50 elementor-top-column elementor-element elementor-element-933ce27\" data-id=\"933ce27\" data-element_type=\"column\" data-e-type=\"column\" data-settings=\"{&quot;background_background&quot;:&quot;classic&quot;}\">\n\t\t\t<div class=\"elementor-widget-wrap elementor-element-populated\">\n\t\t\t\t\t<div class=\"elementor-background-overlay\"><\/div>\n\t\t\t\t\t\t<div class=\"elementor-element elementor-element-7320d3f elementor-widget elementor-widget-html\" data-id=\"7320d3f\" data-element_type=\"widget\" data-e-type=\"widget\" data-widget_type=\"html.default\">\n\t\t\t\t<div class=\"elementor-widget-container\">\n\t\t\t\t\t<div id=\"locations-map_container\"><div id=\"locations-map_html\"><\/div><\/div>\t\t\t\t<\/div>\n\t\t\t\t<\/div>\n\t\t\t\t\t<\/div>\n\t\t<\/div>\n\t\t\t\t\t<\/div>\n\t\t<\/section>\n\t\t\t\t<section class=\"elementor-section elementor-top-section elementor-element elementor-element-afbae20 elementor-section-boxed elementor-section-height-default elementor-section-height-default\" data-id=\"afbae20\" data-element_type=\"section\" data-e-type=\"section\">\n\t\t\t\t\t\t<div class=\"elementor-container elementor-column-gap-no\">\n\t\t\t\t\t<div class=\"elementor-column elementor-col-100 elementor-top-column elementor-element elementor-element-2990016\" data-id=\"2990016\" data-element_type=\"column\" data-e-type=\"column\">\n\t\t\t<div class=\"elementor-widget-wrap elementor-element-populated\">\n\t\t\t\t\t\t<div class=\"elementor-element elementor-element-f5d42c9 elementor-widget elementor-widget-spacer\" data-id=\"f5d42c9\" data-element_type=\"widget\" data-e-type=\"widget\" data-widget_type=\"spacer.default\">\n\t\t\t\t<div class=\"elementor-widget-container\">\n\t\t\t\t\t\t\t<div class=\"elementor-spacer\">\n\t\t\t<div class=\"elementor-spacer-inner\"><\/div>\n\t\t<\/div>\n\t\t\t\t\t\t<\/div>\n\t\t\t\t<\/div>\n\t\t\t\t\t<\/div>\n\t\t<\/div>\n\t\t\t\t\t<\/div>\n\t\t<\/section>\n\t\t\t\t<section class=\"elementor-section elementor-top-section elementor-element elementor-element-bf813bd elementor-section-boxed elementor-section-height-default elementor-section-height-default\" data-id=\"bf813bd\" data-element_type=\"section\" data-e-type=\"section\" data-settings=\"{&quot;background_background&quot;:&quot;classic&quot;}\">\n\t\t\t\t\t\t<div class=\"elementor-container elementor-column-gap-no\">\n\t\t\t\t\t<div class=\"elementor-column elementor-col-100 elementor-top-column elementor-element elementor-element-8e65439\" data-id=\"8e65439\" data-element_type=\"column\" data-e-type=\"column\">\n\t\t\t<div class=\"elementor-widget-wrap elementor-element-populated\">\n\t\t\t\t\t\t<div class=\"elementor-element elementor-element-0040089 elementor-widget elementor-widget-html\" data-id=\"0040089\" data-element_type=\"widget\" data-e-type=\"widget\" data-widget_type=\"html.default\">\n\t\t\t\t<div class=\"elementor-widget-container\">\n\t\t\t\t\t<div id=\"locations_container\"><div id=\"locations_html\"><\/div><\/div>\t\t\t\t<\/div>\n\t\t\t\t<\/div>\n\t\t\t\t\t<\/div>\n\t\t<\/div>\n\t\t\t\t\t<\/div>\n\t\t<\/section>\n\t\t\t\t<\/div>\n\t\t","protected":false},"excerpt":{"rendered":"<p>NOTRE PR\u00c9SENCE DANS LE MONDE Le groupe est pr\u00e9sent dans 40 pays en Europe, en Afrique, au Moyen-Orient, en Asie-Pacifique et en Am\u00e9rique. Chaque ann\u00e9e, il intervient dans plus de 100 pays en s&rsquo;adaptant aux projets qui lui sont confi\u00e9s.<\/p>\n","protected":false},"author":1,"featured_media":0,"parent":0,"menu_order":0,"comment_status":"closed","ping_status":"closed","template":"","meta":{"_acf_changed":false,"inline_featured_image":false,"footnotes":""},"class_list":["post-7724","page","type-page","status-publish","hentry"],"acf":[],"yoast_head":"<!-- This site is optimized with the Yoast SEO plugin v27.3 - https:\/\/yoast.com\/product\/yoast-seo-wordpress\/ -->\n<title>Localisations - Artelia Group<\/title>\n<meta name=\"robots\" content=\"index, follow, max-snippet:-1, max-image-preview:large, max-video-preview:-1\" \/>\n<link rel=\"canonical\" href=\"https:\/\/www.arteliagroup.com\/fr\/localisations\/\" \/>\n<meta property=\"og:locale\" content=\"fr_FR\" \/>\n<meta property=\"og:type\" content=\"article\" \/>\n<meta property=\"og:title\" content=\"Localisations - Artelia Group\" \/>\n<meta property=\"og:description\" content=\"NOTRE PR\u00c9SENCE DANS LE MONDE Le groupe est pr\u00e9sent dans 40 pays en Europe, en Afrique, au Moyen-Orient, en Asie-Pacifique et en Am\u00e9rique. Chaque ann\u00e9e, il intervient dans plus de 100 pays en s&rsquo;adaptant aux projets qui lui sont confi\u00e9s.\" \/>\n<meta property=\"og:url\" content=\"https:\/\/www.arteliagroup.com\/fr\/localisations\/\" \/>\n<meta property=\"og:site_name\" content=\"Artelia Group\" \/>\n<meta property=\"article:modified_time\" content=\"2023-12-08T09:08:44+00:00\" \/>\n<meta name=\"twitter:card\" content=\"summary_large_image\" \/>\n<meta name=\"twitter:label1\" content=\"Dur\u00e9e de lecture estim\u00e9e\" \/>\n\t<meta name=\"twitter:data1\" content=\"1 minute\" \/>\n<script type=\"application\/ld+json\" class=\"yoast-schema-graph\">{\"@context\":\"https:\\\/\\\/schema.org\",\"@graph\":[{\"@type\":\"WebPage\",\"@id\":\"https:\\\/\\\/www.arteliagroup.com\\\/fr\\\/localisations\\\/\",\"url\":\"https:\\\/\\\/www.arteliagroup.com\\\/fr\\\/localisations\\\/\",\"name\":\"Localisations - Artelia Group\",\"isPartOf\":{\"@id\":\"https:\\\/\\\/www.arteliagroup.com\\\/#website\"},\"datePublished\":\"2023-05-19T07:23:40+00:00\",\"dateModified\":\"2023-12-08T09:08:44+00:00\",\"breadcrumb\":{\"@id\":\"https:\\\/\\\/www.arteliagroup.com\\\/fr\\\/localisations\\\/#breadcrumb\"},\"inLanguage\":\"fr-FR\",\"potentialAction\":[{\"@type\":\"ReadAction\",\"target\":[\"https:\\\/\\\/www.arteliagroup.com\\\/fr\\\/localisations\\\/\"]}]},{\"@type\":\"BreadcrumbList\",\"@id\":\"https:\\\/\\\/www.arteliagroup.com\\\/fr\\\/localisations\\\/#breadcrumb\",\"itemListElement\":[{\"@type\":\"ListItem\",\"position\":1,\"name\":\"Home\",\"item\":\"https:\\\/\\\/www.arteliagroup.com\\\/fr\\\/\"},{\"@type\":\"ListItem\",\"position\":2,\"name\":\"Localisations\"}]},{\"@type\":\"WebSite\",\"@id\":\"https:\\\/\\\/www.arteliagroup.com\\\/#website\",\"url\":\"https:\\\/\\\/www.arteliagroup.com\\\/\",\"name\":\"Artelia Group\",\"description\":\"\",\"publisher\":{\"@id\":\"https:\\\/\\\/www.arteliagroup.com\\\/#organization\"},\"potentialAction\":[{\"@type\":\"SearchAction\",\"target\":{\"@type\":\"EntryPoint\",\"urlTemplate\":\"https:\\\/\\\/www.arteliagroup.com\\\/?s={search_term_string}\"},\"query-input\":{\"@type\":\"PropertyValueSpecification\",\"valueRequired\":true,\"valueName\":\"search_term_string\"}}],\"inLanguage\":\"fr-FR\"},{\"@type\":\"Organization\",\"@id\":\"https:\\\/\\\/www.arteliagroup.com\\\/#organization\",\"name\":\"Artelia Group\",\"url\":\"https:\\\/\\\/www.arteliagroup.com\\\/\",\"logo\":{\"@type\":\"ImageObject\",\"inLanguage\":\"fr-FR\",\"@id\":\"https:\\\/\\\/www.arteliagroup.com\\\/#\\\/schema\\\/logo\\\/image\\\/\",\"url\":\"https:\\\/\\\/www.arteliagroup.com\\\/wp-content\\\/uploads\\\/2023\\\/04\\\/logo_ARTELIA_Couleur.png\",\"contentUrl\":\"https:\\\/\\\/www.arteliagroup.com\\\/wp-content\\\/uploads\\\/2023\\\/04\\\/logo_ARTELIA_Couleur.png\",\"width\":303,\"height\":100,\"caption\":\"Artelia Group\"},\"image\":{\"@id\":\"https:\\\/\\\/www.arteliagroup.com\\\/#\\\/schema\\\/logo\\\/image\\\/\"}}]}<\/script>\n<!-- \/ Yoast SEO plugin. -->","yoast_head_json":{"title":"Localisations - Artelia Group","robots":{"index":"index","follow":"follow","max-snippet":"max-snippet:-1","max-image-preview":"max-image-preview:large","max-video-preview":"max-video-preview:-1"},"canonical":"https:\/\/www.arteliagroup.com\/fr\/localisations\/","og_locale":"fr_FR","og_type":"article","og_title":"Localisations - Artelia Group","og_description":"NOTRE PR\u00c9SENCE DANS LE MONDE Le groupe est pr\u00e9sent dans 40 pays en Europe, en Afrique, au Moyen-Orient, en Asie-Pacifique et en Am\u00e9rique. Chaque ann\u00e9e, il intervient dans plus de 100 pays en s&rsquo;adaptant aux projets qui lui sont confi\u00e9s.","og_url":"https:\/\/www.arteliagroup.com\/fr\/localisations\/","og_site_name":"Artelia Group","article_modified_time":"2023-12-08T09:08:44+00:00","twitter_card":"summary_large_image","twitter_misc":{"Dur\u00e9e de lecture estim\u00e9e":"1 minute"},"schema":{"@context":"https:\/\/schema.org","@graph":[{"@type":"WebPage","@id":"https:\/\/www.arteliagroup.com\/fr\/localisations\/","url":"https:\/\/www.arteliagroup.com\/fr\/localisations\/","name":"Localisations - Artelia Group","isPartOf":{"@id":"https:\/\/www.arteliagroup.com\/#website"},"datePublished":"2023-05-19T07:23:40+00:00","dateModified":"2023-12-08T09:08:44+00:00","breadcrumb":{"@id":"https:\/\/www.arteliagroup.com\/fr\/localisations\/#breadcrumb"},"inLanguage":"fr-FR","potentialAction":[{"@type":"ReadAction","target":["https:\/\/www.arteliagroup.com\/fr\/localisations\/"]}]},{"@type":"BreadcrumbList","@id":"https:\/\/www.arteliagroup.com\/fr\/localisations\/#breadcrumb","itemListElement":[{"@type":"ListItem","position":1,"name":"Home","item":"https:\/\/www.arteliagroup.com\/fr\/"},{"@type":"ListItem","position":2,"name":"Localisations"}]},{"@type":"WebSite","@id":"https:\/\/www.arteliagroup.com\/#website","url":"https:\/\/www.arteliagroup.com\/","name":"Artelia Group","description":"","publisher":{"@id":"https:\/\/www.arteliagroup.com\/#organization"},"potentialAction":[{"@type":"SearchAction","target":{"@type":"EntryPoint","urlTemplate":"https:\/\/www.arteliagroup.com\/?s={search_term_string}"},"query-input":{"@type":"PropertyValueSpecification","valueRequired":true,"valueName":"search_term_string"}}],"inLanguage":"fr-FR"},{"@type":"Organization","@id":"https:\/\/www.arteliagroup.com\/#organization","name":"Artelia Group","url":"https:\/\/www.arteliagroup.com\/","logo":{"@type":"ImageObject","inLanguage":"fr-FR","@id":"https:\/\/www.arteliagroup.com\/#\/schema\/logo\/image\/","url":"https:\/\/www.arteliagroup.com\/wp-content\/uploads\/2023\/04\/logo_ARTELIA_Couleur.png","contentUrl":"https:\/\/www.arteliagroup.com\/wp-content\/uploads\/2023\/04\/logo_ARTELIA_Couleur.png","width":303,"height":100,"caption":"Artelia Group"},"image":{"@id":"https:\/\/www.arteliagroup.com\/#\/schema\/logo\/image\/"}}]}},"_links":{"self":[{"href":"https:\/\/www.arteliagroup.com\/fr\/wp-json\/wp\/v2\/pages\/7724","targetHints":{"allow":["GET"]}}],"collection":[{"href":"https:\/\/www.arteliagroup.com\/fr\/wp-json\/wp\/v2\/pages"}],"about":[{"href":"https:\/\/www.arteliagroup.com\/fr\/wp-json\/wp\/v2\/types\/page"}],"author":[{"embeddable":true,"href":"https:\/\/www.arteliagroup.com\/fr\/wp-json\/wp\/v2\/users\/1"}],"replies":[{"embeddable":true,"href":"https:\/\/www.arteliagroup.com\/fr\/wp-json\/wp\/v2\/comments?post=7724"}],"version-history":[{"count":0,"href":"https:\/\/www.arteliagroup.com\/fr\/wp-json\/wp\/v2\/pages\/7724\/revisions"}],"wp:attachment":[{"href":"https:\/\/www.arteliagroup.com\/fr\/wp-json\/wp\/v2\/media?parent=7724"}],"curies":[{"name":"wp","href":"https:\/\/api.w.org\/{rel}","templated":true}]}}