{"id":7922,"date":"2023-04-28T06:20:35","date_gmt":"2023-04-28T04:20:35","guid":{"rendered":"https:\/\/www.arteliagroup.com\/project-gallery\/"},"modified":"2024-01-10T10:19:15","modified_gmt":"2024-01-10T09:19:15","slug":"project-gallery","status":"publish","type":"page","link":"https:\/\/www.arteliagroup.com\/fr\/project-gallery\/","title":{"rendered":"Project Gallery"},"content":{"rendered":"\t\t<div data-elementor-type=\"wp-page\" data-elementor-id=\"7922\" class=\"elementor elementor-7922 elementor-1675\">\n\t\t\t\t\t\t<section class=\"elementor-section elementor-top-section elementor-element elementor-element-679590c elementor-section-full_width elementor-section-height-min-height elementor-section-items-stretch elementor-section-content-middle elementor-reverse-mobile_extra elementor-reverse-mobile width-limit elementor-section-height-default\" data-id=\"679590c\" data-element_type=\"section\" data-e-type=\"section\">\n\t\t\t\t\t\t\t<div class=\"elementor-background-overlay\"><\/div>\n\t\t\t\t\t\t\t<div class=\"elementor-container elementor-column-gap-no\">\n\t\t\t\t\t<div class=\"elementor-column elementor-col-50 elementor-top-column elementor-element elementor-element-3489e4e padleft0-full\" data-id=\"3489e4e\" data-element_type=\"column\" data-e-type=\"column\">\n\t\t\t<div class=\"elementor-widget-wrap elementor-element-populated\">\n\t\t\t\t\t\t<div class=\"elementor-element elementor-element-68e84a4 elementor-widget elementor-widget-heading\" data-id=\"68e84a4\" data-element_type=\"widget\" data-e-type=\"widget\" data-widget_type=\"heading.default\">\n\t\t\t\t<div class=\"elementor-widget-container\">\n\t\t\t\t\t<h2 class=\"elementor-heading-title elementor-size-default\">UN CONCEPT VISIONNAIRE DE MAISON INDIVIDUELLE MODULABLE, DURABLE ET BAS CARBONE<\/h2>\t\t\t\t<\/div>\n\t\t\t\t<\/div>\n\t\t\t\t<div class=\"elementor-element elementor-element-2c081dd elementor-widget elementor-widget-heading\" data-id=\"2c081dd\" data-element_type=\"widget\" data-e-type=\"widget\" data-widget_type=\"heading.default\">\n\t\t\t\t<div class=\"elementor-widget-container\">\n\t\t\t\t\t<h1 class=\"elementor-heading-title elementor-size-default\">LIVING PLACES<\/h1>\t\t\t\t<\/div>\n\t\t\t\t<\/div>\n\t\t\t\t<div class=\"elementor-element elementor-element-8ae7519 elementor-widget elementor-widget-text-editor\" data-id=\"8ae7519\" data-element_type=\"widget\" data-e-type=\"widget\" data-widget_type=\"text-editor.default\">\n\t\t\t\t<div class=\"elementor-widget-container\">\n\t\t\t\t\t\t\t\t\t<p>Living Places est un concept de logement qu\u2019Artelia Danemark d\u00e9veloppe en groupement avec la soci\u00e9t\u00e9 Velux, Effekt Architects et l\u2019entrepreneur Enem\u00e6rke &amp; Petersen.\u00a0<\/p><p>L\u2019ambition est de cr\u00e9er une nouvelle norme de maisons individuelles, plus durables et plus saines, en d\u00e9veloppant un concept \u00e9volutif et commercialement viable.<\/p>\t\t\t\t\t\t\t\t<\/div>\n\t\t\t\t<\/div>\n\t\t\t\t<div class=\"elementor-element elementor-element-881f557 elementor-widget elementor-widget-button\" data-id=\"881f557\" data-element_type=\"widget\" data-e-type=\"widget\" data-widget_type=\"button.default\">\n\t\t\t\t<div class=\"elementor-widget-container\">\n\t\t\t\t\t\t\t\t\t<div class=\"elementor-button-wrapper\">\n\t\t\t\t\t<a class=\"elementor-button elementor-button-link elementor-size-sm\" href=\"https:\/\/www.arteliagroup.com\/fr\/project\/living-place-family-home\/\">\n\t\t\t\t\t\t<span class=\"elementor-button-content-wrapper\">\n\t\t\t\t\t\t\t\t\t<span class=\"elementor-button-text\">EN savoir plus<\/span>\n\t\t\t\t\t<\/span>\n\t\t\t\t\t<\/a>\n\t\t\t\t<\/div>\n\t\t\t\t\t\t\t\t<\/div>\n\t\t\t\t<\/div>\n\t\t\t\t\t<\/div>\n\t\t<\/div>\n\t\t\t\t<div class=\"elementor-column elementor-col-50 elementor-top-column elementor-element elementor-element-2f12ac9\" data-id=\"2f12ac9\" data-element_type=\"column\" data-e-type=\"column\" data-settings=\"{&quot;background_background&quot;:&quot;classic&quot;}\">\n\t\t\t<div class=\"elementor-widget-wrap elementor-element-populated\">\n\t\t\t\t\t<div class=\"elementor-background-overlay\"><\/div>\n\t\t\t\t\t\t<div class=\"elementor-element elementor-element-6c82830 elementor-widget elementor-widget-spacer\" data-id=\"6c82830\" data-element_type=\"widget\" data-e-type=\"widget\" data-widget_type=\"spacer.default\">\n\t\t\t\t<div class=\"elementor-widget-container\">\n\t\t\t\t\t\t\t<div class=\"elementor-spacer\">\n\t\t\t<div class=\"elementor-spacer-inner\"><\/div>\n\t\t<\/div>\n\t\t\t\t\t\t<\/div>\n\t\t\t\t<\/div>\n\t\t\t\t\t<\/div>\n\t\t<\/div>\n\t\t\t\t\t<\/div>\n\t\t<\/section>\n\t\t\t\t<section class=\"elementor-section elementor-top-section elementor-element elementor-element-a85681b elementor-section-boxed elementor-section-height-default elementor-section-height-default\" data-id=\"a85681b\" data-element_type=\"section\" data-e-type=\"section\">\n\t\t\t\t\t\t<div class=\"elementor-container elementor-column-gap-no\">\n\t\t\t\t\t<div class=\"elementor-column elementor-col-100 elementor-top-column elementor-element elementor-element-abb43fc\" data-id=\"abb43fc\" data-element_type=\"column\" data-e-type=\"column\">\n\t\t\t<div class=\"elementor-widget-wrap elementor-element-populated\">\n\t\t\t\t\t\t<div class=\"elementor-element elementor-element-a5a86e7 elementor-widget elementor-widget-spacer\" data-id=\"a5a86e7\" data-element_type=\"widget\" data-e-type=\"widget\" data-widget_type=\"spacer.default\">\n\t\t\t\t<div class=\"elementor-widget-container\">\n\t\t\t\t\t\t\t<div class=\"elementor-spacer\">\n\t\t\t<div class=\"elementor-spacer-inner\"><\/div>\n\t\t<\/div>\n\t\t\t\t\t\t<\/div>\n\t\t\t\t<\/div>\n\t\t\t\t\t<\/div>\n\t\t<\/div>\n\t\t\t\t\t<\/div>\n\t\t<\/section>\n\t\t\t\t<section class=\"elementor-section elementor-top-section elementor-element elementor-element-9c3b1e4 elementor-section-boxed elementor-section-height-default elementor-section-height-default\" data-id=\"9c3b1e4\" data-element_type=\"section\" data-e-type=\"section\">\n\t\t\t\t\t\t<div class=\"elementor-container elementor-column-gap-no\">\n\t\t\t\t\t<div class=\"elementor-column elementor-col-100 elementor-top-column elementor-element elementor-element-ace25eb\" data-id=\"ace25eb\" data-element_type=\"column\" data-e-type=\"column\">\n\t\t\t<div class=\"elementor-widget-wrap elementor-element-populated\">\n\t\t\t\t\t\t<div class=\"elementor-element elementor-element-0da13ff elementor-widget elementor-widget-shortcode\" data-id=\"0da13ff\" data-element_type=\"widget\" data-e-type=\"widget\" data-widget_type=\"shortcode.default\">\n\t\t\t\t<div class=\"elementor-widget-container\">\n\t\t\t\t\t\t\t<div class=\"elementor-shortcode\">\r\n    <div class=\"filter-projects-holder\">\r\n\r\n        <select class=\"cbo_filter bold-label\" name=\"market\">\r\n        <option hidden>Domaine<\/option>\r\n        <option value=\"0\">Tous les domaines<\/option>\r\n                    <option value=\"244\">B\u00e2timent<\/option>\r\n                    <option value=\"248\">Eau<\/option>\r\n                    <option value=\"245\">\u00c9nergie<\/option>\r\n                    <option value=\"246\">Industrie<\/option>\r\n                    <option value=\"247\">Mobilit\u00e9<\/option>\r\n            <\/select>\r\n    <select class=\"cbo_filter bold-label\" name=\"challenge\">\r\n        <option hidden>Enjeu<\/option>\r\n        <option value=\"0\">Tous les enjeux<\/option>\r\n                    <option value=\"256\">Industrie avanc\u00e9e<\/option>\r\n                    <option value=\"257\">R\u00e9silience climatique et biodiversit\u00e9<\/option>\r\n                    <option value=\"258\">Transition \u00e9nerg\u00e9tique<\/option>\r\n                    <option value=\"259\">Mieux vivre en ville<\/option>\r\n                    <option value=\"260\">Mobilit\u00e9 durable et multimodale<\/option>\r\n                    <option value=\"261\">Renouveau du b\u00e2ti<\/option>\r\n                    <option value=\"262\">Economie des ressources<\/option>\r\n            <\/select>\r\n    <select class=\"cbo_filter bold-label\" name=\"country\">\r\n        <option hidden>Pays<\/option>\r\n        <option value=\"0\">Tous les pays<\/option>\r\n                    <option value=\"326\">Allemagne<\/option>\r\n                    <option value=\"271\">Argentine<\/option>\r\n                    <option value=\"283\">B\u00e9nin<\/option>\r\n                    <option value=\"291\">Burkina Faso<\/option>\r\n                    <option value=\"292\">Burundi<\/option>\r\n                    <option value=\"295\">Cameroun<\/option>\r\n                    <option value=\"296\">Canada<\/option>\r\n                    <option value=\"299\">Chili<\/option>\r\n                    <option value=\"309\">C\u00f4te d&#039;Ivoire<\/option>\r\n                    <option value=\"311\">Danemark<\/option>\r\n                    <option value=\"443\">Emirats Arabes Unis<\/option>\r\n                    <option value=\"423\">Espagne<\/option>\r\n                    <option value=\"263\">France<\/option>\r\n                    <option value=\"323\">Gabon<\/option>\r\n                    <option value=\"331\">Guin\u00e9e<\/option>\r\n                    <option value=\"338\">Islande<\/option>\r\n                    <option value=\"345\">Italie<\/option>\r\n                    <option value=\"354\">Laos<\/option>\r\n                    <option value=\"143\">Liberia<\/option>\r\n                    <option value=\"360\">Madagascar<\/option>\r\n                    <option value=\"364\">Mali<\/option>\r\n                    <option value=\"375\">Maroc<\/option>\r\n                    <option value=\"388\">Norv\u00e8ge<\/option>\r\n                    <option value=\"389\">Oman<\/option>\r\n                    <option value=\"441\">Ouganda<\/option>\r\n                    <option value=\"399\">Portugal<\/option>\r\n                    <option value=\"310\">R\u00e9publique d\u00e9mocratique du Congo<\/option>\r\n                    <option value=\"444\">Royaume-Uni<\/option>\r\n                    <option value=\"411\">S\u00e9n\u00e9gal<\/option>\r\n                    <option value=\"428\">Suisse<\/option>\r\n                    <option value=\"431\">Tanzanie<\/option>\r\n                    <option value=\"432\">Tha\u00eflande<\/option>\r\n                    <option value=\"450\">Vi\u00eat Nam<\/option>\r\n            <\/select>\r\n    <\/div>\r\n    <\/div>\n\t\t\t\t\t\t<\/div>\n\t\t\t\t<\/div>\n\t\t\t\t\t<\/div>\n\t\t<\/div>\n\t\t\t\t\t<\/div>\n\t\t<\/section>\n\t\t\t\t<section class=\"elementor-section elementor-top-section elementor-element elementor-element-4d0b456 elementor-section-boxed elementor-section-height-default elementor-section-height-default\" data-id=\"4d0b456\" data-element_type=\"section\" data-e-type=\"section\">\n\t\t\t\t\t\t<div class=\"elementor-container elementor-column-gap-no\">\n\t\t\t\t\t<div class=\"elementor-column elementor-col-100 elementor-top-column elementor-element elementor-element-4bcd559\" data-id=\"4bcd559\" data-element_type=\"column\" data-e-type=\"column\">\n\t\t\t<div class=\"elementor-widget-wrap elementor-element-populated\">\n\t\t\t\t\t\t<div class=\"elementor-element elementor-element-7a0becb elementor-widget elementor-widget-html\" data-id=\"7a0becb\" data-element_type=\"widget\" data-e-type=\"widget\" data-widget_type=\"html.default\">\n\t\t\t\t<div class=\"elementor-widget-container\">\n\t\t\t\t\t<div id=\"projects_container\"><div id=\"projects_html\"><\/div><\/div>\t\t\t\t<\/div>\n\t\t\t\t<\/div>\n\t\t\t\t<div class=\"elementor-element elementor-element-32141d8 elementor-widget elementor-widget-spacer\" data-id=\"32141d8\" data-element_type=\"widget\" data-e-type=\"widget\" data-widget_type=\"spacer.default\">\n\t\t\t\t<div class=\"elementor-widget-container\">\n\t\t\t\t\t\t\t<div class=\"elementor-spacer\">\n\t\t\t<div class=\"elementor-spacer-inner\"><\/div>\n\t\t<\/div>\n\t\t\t\t\t\t<\/div>\n\t\t\t\t<\/div>\n\t\t\t\t\t<\/div>\n\t\t<\/div>\n\t\t\t\t\t<\/div>\n\t\t<\/section>\n\t\t\t\t<\/div>\n\t\t","protected":false},"excerpt":{"rendered":"<p>UN CONCEPT VISIONNAIRE DE MAISON INDIVIDUELLE MODULABLE, DURABLE ET BAS CARBONE LIVING PLACES Living Places est un concept de logement qu\u2019Artelia Danemark d\u00e9veloppe en groupement avec la soci\u00e9t\u00e9 Velux, Effekt Architects et l\u2019entrepreneur Enem\u00e6rke &amp; Petersen.\u00a0 L\u2019ambition est de cr\u00e9er une nouvelle norme de maisons individuelles, plus durables et plus saines, en d\u00e9veloppant un concept [&hellip;]<\/p>\n","protected":false},"author":1,"featured_media":0,"parent":0,"menu_order":0,"comment_status":"closed","ping_status":"closed","template":"","meta":{"_acf_changed":false,"inline_featured_image":false,"footnotes":""},"class_list":["post-7922","page","type-page","status-publish","hentry"],"acf":[],"yoast_head":"<!-- This site is optimized with the Yoast SEO plugin v27.4 - https:\/\/yoast.com\/product\/yoast-seo-wordpress\/ -->\n<title>Project Gallery - Artelia Group<\/title>\n<meta name=\"robots\" content=\"index, follow, max-snippet:-1, max-image-preview:large, max-video-preview:-1\" \/>\n<link rel=\"canonical\" href=\"https:\/\/www.arteliagroup.com\/project-gallery\/\" \/>\n<meta property=\"og:locale\" content=\"fr_FR\" \/>\n<meta property=\"og:type\" content=\"article\" \/>\n<meta property=\"og:title\" content=\"Project Gallery - Artelia Group\" \/>\n<meta property=\"og:description\" content=\"UN CONCEPT VISIONNAIRE DE MAISON INDIVIDUELLE MODULABLE, DURABLE ET BAS CARBONE LIVING PLACES Living Places est un concept de logement qu\u2019Artelia Danemark d\u00e9veloppe en groupement avec la soci\u00e9t\u00e9 Velux, Effekt Architects et l\u2019entrepreneur Enem\u00e6rke &amp; Petersen.\u00a0 L\u2019ambition est de cr\u00e9er une nouvelle norme de maisons individuelles, plus durables et plus saines, en d\u00e9veloppant un concept [&hellip;]\" \/>\n<meta property=\"og:url\" content=\"https:\/\/www.arteliagroup.com\/project-gallery\/\" \/>\n<meta property=\"og:site_name\" content=\"Artelia Group\" \/>\n<meta property=\"article:modified_time\" content=\"2024-01-10T09:19:15+00:00\" \/>\n<meta name=\"twitter:card\" content=\"summary_large_image\" \/>\n<meta name=\"twitter:label1\" content=\"Dur\u00e9e de lecture estim\u00e9e\" \/>\n\t<meta name=\"twitter:data1\" content=\"80 minutes\" \/>\n<script type=\"application\/ld+json\" class=\"yoast-schema-graph\">{\"@context\":\"https:\\\/\\\/schema.org\",\"@graph\":[{\"@type\":\"WebPage\",\"@id\":\"https:\\\/\\\/www.arteliagroup.com\\\/project-gallery\\\/\",\"url\":\"https:\\\/\\\/www.arteliagroup.com\\\/project-gallery\\\/\",\"name\":\"Project Gallery - Artelia Group\",\"isPartOf\":{\"@id\":\"https:\\\/\\\/www.arteliagroup.com\\\/#website\"},\"datePublished\":\"2023-04-28T04:20:35+00:00\",\"dateModified\":\"2024-01-10T09:19:15+00:00\",\"breadcrumb\":{\"@id\":\"https:\\\/\\\/www.arteliagroup.com\\\/project-gallery\\\/#breadcrumb\"},\"inLanguage\":\"fr-FR\",\"potentialAction\":[{\"@type\":\"ReadAction\",\"target\":[\"https:\\\/\\\/www.arteliagroup.com\\\/project-gallery\\\/\"]}]},{\"@type\":\"BreadcrumbList\",\"@id\":\"https:\\\/\\\/www.arteliagroup.com\\\/project-gallery\\\/#breadcrumb\",\"itemListElement\":[{\"@type\":\"ListItem\",\"position\":1,\"name\":\"Home\",\"item\":\"https:\\\/\\\/www.arteliagroup.com\\\/fr\\\/\"},{\"@type\":\"ListItem\",\"position\":2,\"name\":\"Project Gallery\"}]},{\"@type\":\"WebSite\",\"@id\":\"https:\\\/\\\/www.arteliagroup.com\\\/#website\",\"url\":\"https:\\\/\\\/www.arteliagroup.com\\\/\",\"name\":\"Artelia Group\",\"description\":\"\",\"publisher\":{\"@id\":\"https:\\\/\\\/www.arteliagroup.com\\\/#organization\"},\"potentialAction\":[{\"@type\":\"SearchAction\",\"target\":{\"@type\":\"EntryPoint\",\"urlTemplate\":\"https:\\\/\\\/www.arteliagroup.com\\\/?s={search_term_string}\"},\"query-input\":{\"@type\":\"PropertyValueSpecification\",\"valueRequired\":true,\"valueName\":\"search_term_string\"}}],\"inLanguage\":\"fr-FR\"},{\"@type\":\"Organization\",\"@id\":\"https:\\\/\\\/www.arteliagroup.com\\\/#organization\",\"name\":\"Artelia Group\",\"url\":\"https:\\\/\\\/www.arteliagroup.com\\\/\",\"logo\":{\"@type\":\"ImageObject\",\"inLanguage\":\"fr-FR\",\"@id\":\"https:\\\/\\\/www.arteliagroup.com\\\/#\\\/schema\\\/logo\\\/image\\\/\",\"url\":\"https:\\\/\\\/www.arteliagroup.com\\\/wp-content\\\/uploads\\\/2023\\\/04\\\/logo_ARTELIA_Couleur.png\",\"contentUrl\":\"https:\\\/\\\/www.arteliagroup.com\\\/wp-content\\\/uploads\\\/2023\\\/04\\\/logo_ARTELIA_Couleur.png\",\"width\":303,\"height\":100,\"caption\":\"Artelia Group\"},\"image\":{\"@id\":\"https:\\\/\\\/www.arteliagroup.com\\\/#\\\/schema\\\/logo\\\/image\\\/\"}}]}<\/script>\n<!-- \/ Yoast SEO plugin. -->","yoast_head_json":{"title":"Project Gallery - Artelia Group","robots":{"index":"index","follow":"follow","max-snippet":"max-snippet:-1","max-image-preview":"max-image-preview:large","max-video-preview":"max-video-preview:-1"},"canonical":"https:\/\/www.arteliagroup.com\/project-gallery\/","og_locale":"fr_FR","og_type":"article","og_title":"Project Gallery - Artelia Group","og_description":"UN CONCEPT VISIONNAIRE DE MAISON INDIVIDUELLE MODULABLE, DURABLE ET BAS CARBONE LIVING PLACES Living Places est un concept de logement qu\u2019Artelia Danemark d\u00e9veloppe en groupement avec la soci\u00e9t\u00e9 Velux, Effekt Architects et l\u2019entrepreneur Enem\u00e6rke &amp; Petersen.\u00a0 L\u2019ambition est de cr\u00e9er une nouvelle norme de maisons individuelles, plus durables et plus saines, en d\u00e9veloppant un concept [&hellip;]","og_url":"https:\/\/www.arteliagroup.com\/project-gallery\/","og_site_name":"Artelia Group","article_modified_time":"2024-01-10T09:19:15+00:00","twitter_card":"summary_large_image","twitter_misc":{"Dur\u00e9e de lecture estim\u00e9e":"80 minutes"},"schema":{"@context":"https:\/\/schema.org","@graph":[{"@type":"WebPage","@id":"https:\/\/www.arteliagroup.com\/project-gallery\/","url":"https:\/\/www.arteliagroup.com\/project-gallery\/","name":"Project Gallery - Artelia Group","isPartOf":{"@id":"https:\/\/www.arteliagroup.com\/#website"},"datePublished":"2023-04-28T04:20:35+00:00","dateModified":"2024-01-10T09:19:15+00:00","breadcrumb":{"@id":"https:\/\/www.arteliagroup.com\/project-gallery\/#breadcrumb"},"inLanguage":"fr-FR","potentialAction":[{"@type":"ReadAction","target":["https:\/\/www.arteliagroup.com\/project-gallery\/"]}]},{"@type":"BreadcrumbList","@id":"https:\/\/www.arteliagroup.com\/project-gallery\/#breadcrumb","itemListElement":[{"@type":"ListItem","position":1,"name":"Home","item":"https:\/\/www.arteliagroup.com\/fr\/"},{"@type":"ListItem","position":2,"name":"Project Gallery"}]},{"@type":"WebSite","@id":"https:\/\/www.arteliagroup.com\/#website","url":"https:\/\/www.arteliagroup.com\/","name":"Artelia Group","description":"","publisher":{"@id":"https:\/\/www.arteliagroup.com\/#organization"},"potentialAction":[{"@type":"SearchAction","target":{"@type":"EntryPoint","urlTemplate":"https:\/\/www.arteliagroup.com\/?s={search_term_string}"},"query-input":{"@type":"PropertyValueSpecification","valueRequired":true,"valueName":"search_term_string"}}],"inLanguage":"fr-FR"},{"@type":"Organization","@id":"https:\/\/www.arteliagroup.com\/#organization","name":"Artelia Group","url":"https:\/\/www.arteliagroup.com\/","logo":{"@type":"ImageObject","inLanguage":"fr-FR","@id":"https:\/\/www.arteliagroup.com\/#\/schema\/logo\/image\/","url":"https:\/\/www.arteliagroup.com\/wp-content\/uploads\/2023\/04\/logo_ARTELIA_Couleur.png","contentUrl":"https:\/\/www.arteliagroup.com\/wp-content\/uploads\/2023\/04\/logo_ARTELIA_Couleur.png","width":303,"height":100,"caption":"Artelia Group"},"image":{"@id":"https:\/\/www.arteliagroup.com\/#\/schema\/logo\/image\/"}}]}},"_links":{"self":[{"href":"https:\/\/www.arteliagroup.com\/fr\/wp-json\/wp\/v2\/pages\/7922","targetHints":{"allow":["GET"]}}],"collection":[{"href":"https:\/\/www.arteliagroup.com\/fr\/wp-json\/wp\/v2\/pages"}],"about":[{"href":"https:\/\/www.arteliagroup.com\/fr\/wp-json\/wp\/v2\/types\/page"}],"author":[{"embeddable":true,"href":"https:\/\/www.arteliagroup.com\/fr\/wp-json\/wp\/v2\/users\/1"}],"replies":[{"embeddable":true,"href":"https:\/\/www.arteliagroup.com\/fr\/wp-json\/wp\/v2\/comments?post=7922"}],"version-history":[{"count":0,"href":"https:\/\/www.arteliagroup.com\/fr\/wp-json\/wp\/v2\/pages\/7922\/revisions"}],"wp:attachment":[{"href":"https:\/\/www.arteliagroup.com\/fr\/wp-json\/wp\/v2\/media?parent=7922"}],"curies":[{"name":"wp","href":"https:\/\/api.w.org\/{rel}","templated":true}]}}