{"id":7932,"date":"2023-10-10T11:03:05","date_gmt":"2023-10-10T09:03:05","guid":{"rendered":"https:\/\/www.arteliagroup.com\/a-commitment-to-civic-and-humanitarian-causes\/"},"modified":"2025-06-20T09:07:56","modified_gmt":"2025-06-20T07:07:56","slug":"engagement-citoyen-et-solidaire","status":"publish","type":"page","link":"https:\/\/www.arteliagroup.com\/fr\/notre-groupe\/engagement-citoyen-et-solidaire\/","title":{"rendered":"Engagement citoyen et solidaire"},"content":{"rendered":"\t\t<div data-elementor-type=\"wp-page\" data-elementor-id=\"7932\" class=\"elementor elementor-7932 elementor-5192\">\n\t\t\t\t\t\t<section class=\"elementor-section elementor-top-section elementor-element elementor-element-d2acb85 elementor-section-full_width elementor-section-height-min-height elementor-section-items-stretch elementor-section-content-middle elementor-reverse-mobile_extra elementor-reverse-mobile width-limit elementor-section-height-default\" data-id=\"d2acb85\" data-element_type=\"section\" data-e-type=\"section\">\n\t\t\t\t\t\t\t<div class=\"elementor-background-overlay\"><\/div>\n\t\t\t\t\t\t\t<div class=\"elementor-container elementor-column-gap-no\">\n\t\t\t\t\t<div class=\"elementor-column elementor-col-50 elementor-top-column elementor-element elementor-element-77869240 padleft0-full\" data-id=\"77869240\" data-element_type=\"column\" data-e-type=\"column\">\n\t\t\t<div class=\"elementor-widget-wrap elementor-element-populated\">\n\t\t\t\t\t\t<div class=\"elementor-element elementor-element-339d0943 elementor-widget elementor-widget-heading\" data-id=\"339d0943\" data-element_type=\"widget\" data-e-type=\"widget\" data-widget_type=\"heading.default\">\n\t\t\t\t<div class=\"elementor-widget-container\">\n\t\t\t\t\t<h1 class=\"elementor-heading-title elementor-size-default\">ENGAGEMENT CITOYEN ET SOLIDAIRE<\/h1>\t\t\t\t<\/div>\n\t\t\t\t<\/div>\n\t\t\t\t<div class=\"elementor-element elementor-element-87308b8 elementor-widget elementor-widget-button\" data-id=\"87308b8\" data-element_type=\"widget\" data-e-type=\"widget\" data-widget_type=\"button.default\">\n\t\t\t\t<div class=\"elementor-widget-container\">\n\t\t\t\t\t\t\t\t\t<div class=\"elementor-button-wrapper\">\n\t\t\t\t\t<a class=\"elementor-button elementor-button-link elementor-size-sm\" href=\"https:\/\/www.arteliagroup.com\/wp-content\/uploads\/2025\/06\/artelia_RPEF2024_16_07_2025_FR.pdf\" target=\"_blank\">\n\t\t\t\t\t\t<span class=\"elementor-button-content-wrapper\">\n\t\t\t\t\t\t\t\t\t<span class=\"elementor-button-text\">Rapport de performance extra-financi\u00e8re<\/span>\n\t\t\t\t\t<\/span>\n\t\t\t\t\t<\/a>\n\t\t\t\t<\/div>\n\t\t\t\t\t\t\t\t<\/div>\n\t\t\t\t<\/div>\n\t\t\t\t\t<\/div>\n\t\t<\/div>\n\t\t\t\t<div class=\"elementor-column elementor-col-50 elementor-top-column elementor-element elementor-element-5a436347\" data-id=\"5a436347\" data-element_type=\"column\" data-e-type=\"column\" data-settings=\"{&quot;background_background&quot;:&quot;classic&quot;}\">\n\t\t\t<div class=\"elementor-widget-wrap elementor-element-populated\">\n\t\t\t\t\t<div class=\"elementor-background-overlay\"><\/div>\n\t\t\t\t\t\t<div class=\"elementor-element elementor-element-4e08343b elementor-widget elementor-widget-spacer\" data-id=\"4e08343b\" data-element_type=\"widget\" data-e-type=\"widget\" data-widget_type=\"spacer.default\">\n\t\t\t\t<div class=\"elementor-widget-container\">\n\t\t\t\t\t\t\t<div class=\"elementor-spacer\">\n\t\t\t<div class=\"elementor-spacer-inner\"><\/div>\n\t\t<\/div>\n\t\t\t\t\t\t<\/div>\n\t\t\t\t<\/div>\n\t\t\t\t\t<\/div>\n\t\t<\/div>\n\t\t\t\t\t<\/div>\n\t\t<\/section>\n\t\t\t\t<section class=\"elementor-section elementor-top-section elementor-element elementor-element-44639658 elementor-section-boxed elementor-section-height-default elementor-section-height-default\" data-id=\"44639658\" data-element_type=\"section\" data-e-type=\"section\">\n\t\t\t\t\t\t<div class=\"elementor-container elementor-column-gap-no\">\n\t\t\t\t\t<div class=\"elementor-column elementor-col-100 elementor-top-column elementor-element elementor-element-2ad0b6c4\" data-id=\"2ad0b6c4\" data-element_type=\"column\" data-e-type=\"column\">\n\t\t\t<div class=\"elementor-widget-wrap elementor-element-populated\">\n\t\t\t\t\t\t<div class=\"elementor-element elementor-element-1f7418b0 elementor-widget elementor-widget-spacer\" data-id=\"1f7418b0\" data-element_type=\"widget\" data-e-type=\"widget\" data-widget_type=\"spacer.default\">\n\t\t\t\t<div class=\"elementor-widget-container\">\n\t\t\t\t\t\t\t<div class=\"elementor-spacer\">\n\t\t\t<div class=\"elementor-spacer-inner\"><\/div>\n\t\t<\/div>\n\t\t\t\t\t\t<\/div>\n\t\t\t\t<\/div>\n\t\t\t\t\t<\/div>\n\t\t<\/div>\n\t\t\t\t\t<\/div>\n\t\t<\/section>\n\t\t\t\t<section class=\"elementor-section elementor-top-section elementor-element elementor-element-15658913 elementor-section-boxed elementor-section-height-default elementor-section-height-default\" data-id=\"15658913\" data-element_type=\"section\" data-e-type=\"section\">\n\t\t\t\t\t\t<div class=\"elementor-container elementor-column-gap-no\">\n\t\t\t\t\t<div class=\"elementor-column elementor-col-100 elementor-top-column elementor-element elementor-element-1657ae43\" data-id=\"1657ae43\" data-element_type=\"column\" data-e-type=\"column\">\n\t\t\t<div class=\"elementor-widget-wrap elementor-element-populated\">\n\t\t\t\t\t\t<div class=\"elementor-element elementor-element-5c8b21d2 elementor-widget elementor-widget-heading\" data-id=\"5c8b21d2\" data-element_type=\"widget\" data-e-type=\"widget\" data-widget_type=\"heading.default\">\n\t\t\t\t<div class=\"elementor-widget-container\">\n\t\t\t\t\t<h2 class=\"elementor-heading-title elementor-size-default\">UNE CULTURE D\u2019OUVERTURE SUR LA SOCI\u00c9T\u00c9 CIVILE<\/h2>\t\t\t\t<\/div>\n\t\t\t\t<\/div>\n\t\t\t\t<div class=\"elementor-element elementor-element-643fb90c elementor-widget elementor-widget-text-editor\" data-id=\"643fb90c\" data-element_type=\"widget\" data-e-type=\"widget\" data-widget_type=\"text-editor.default\">\n\t\t\t\t<div class=\"elementor-widget-container\">\n\t\t\t\t\t\t\t\t\tPar nos activit\u00e9s de conception et de r\u00e9alisation d\u2019am\u00e9nagements extr\u00eamement vari\u00e9s, nous sommes au quotidien en prise directe avec l\u2019essentiel des besoins mat\u00e9riels des \u00c9tats, des collectivit\u00e9s et des citoyens. Les infrastructures \u00e9nerg\u00e9tiques, syst\u00e8mes de gestion des ressources en eau, b\u00e2timents, ouvrages d\u2019art, r\u00e9seaux de transport, quartiers urbains\u2026 auxquels nous contribuons, visent en effet \u00e0 am\u00e9liorer le quotidien de millions de personnes.\nNotre raison d\u2019\u00eatre \u00ab Cr\u00e9er des solutions pour une vie positive \u00bb est le reflet de cette ouverture sur la soci\u00e9t\u00e9 civile et de notre engagement intrins\u00e8que \u00e0 r\u00e9pondre au mieux \u00e0 ses attentes dans le respect des grands \u00e9quilibres \u00e9cologiques de notre plan\u00e8te.\n\t\t\t\t\t\t\t\t<\/div>\n\t\t\t\t<\/div>\n\t\t\t\t\t<\/div>\n\t\t<\/div>\n\t\t\t\t\t<\/div>\n\t\t<\/section>\n\t\t\t\t<section class=\"elementor-section elementor-top-section elementor-element elementor-element-8af688f elementor-section-boxed elementor-section-height-default elementor-section-height-default\" data-id=\"8af688f\" data-element_type=\"section\" data-e-type=\"section\">\n\t\t\t\t\t\t<div class=\"elementor-container elementor-column-gap-default\">\n\t\t\t\t\t<div class=\"elementor-column elementor-col-100 elementor-top-column elementor-element elementor-element-1ed16e9\" data-id=\"1ed16e9\" data-element_type=\"column\" data-e-type=\"column\">\n\t\t\t<div class=\"elementor-widget-wrap elementor-element-populated\">\n\t\t\t\t\t\t<div class=\"elementor-element elementor-element-4f458bf elementor-widget elementor-widget-spacer\" data-id=\"4f458bf\" data-element_type=\"widget\" data-e-type=\"widget\" data-widget_type=\"spacer.default\">\n\t\t\t\t<div class=\"elementor-widget-container\">\n\t\t\t\t\t\t\t<div class=\"elementor-spacer\">\n\t\t\t<div class=\"elementor-spacer-inner\"><\/div>\n\t\t<\/div>\n\t\t\t\t\t\t<\/div>\n\t\t\t\t<\/div>\n\t\t\t\t\t<\/div>\n\t\t<\/div>\n\t\t\t\t\t<\/div>\n\t\t<\/section>\n\t\t\t\t<section class=\"elementor-section elementor-top-section elementor-element elementor-element-f3d9d88 elementor-section-boxed elementor-section-height-default elementor-section-height-default\" data-id=\"f3d9d88\" data-element_type=\"section\" data-e-type=\"section\">\n\t\t\t\t\t\t<div class=\"elementor-container elementor-column-gap-no\">\n\t\t\t\t\t<div class=\"elementor-column elementor-col-100 elementor-top-column elementor-element elementor-element-1fa1875\" data-id=\"1fa1875\" data-element_type=\"column\" data-e-type=\"column\">\n\t\t\t<div class=\"elementor-widget-wrap elementor-element-populated\">\n\t\t\t\t\t\t<div class=\"elementor-element elementor-element-cc8b8c4 elementor-widget elementor-widget-heading\" data-id=\"cc8b8c4\" data-element_type=\"widget\" data-e-type=\"widget\" data-widget_type=\"heading.default\">\n\t\t\t\t<div class=\"elementor-widget-container\">\n\t\t\t\t\t<h2 class=\"elementor-heading-title elementor-size-default\">PARTICIPER \u00c0 LA PROMOTION DES M\u00c9TIERS SCIENTIFIQUES ET DE L\u2019INNOVATION<\/h2>\t\t\t\t<\/div>\n\t\t\t\t<\/div>\n\t\t\t\t<div class=\"elementor-element elementor-element-b4e046c elementor-widget elementor-widget-text-editor\" data-id=\"b4e046c\" data-element_type=\"widget\" data-e-type=\"widget\" data-widget_type=\"text-editor.default\">\n\t\t\t\t<div class=\"elementor-widget-container\">\n\t\t\t\t\t\t\t\t\t<p>Les progr\u00e8s scientifiques et technologiques jouent un r\u00f4le fondamental dans nos m\u00e9tiers et constituent un levier essentiel pour relever les diff\u00e9rents d\u00e9fis auxquels l\u2019humanit\u00e9 est aujourd\u2019hui confront\u00e9e. C\u2019est pourquoi nous menons de nombreuses actions au sein du Groupe pour soutenir et dynamiser tant nos capacit\u00e9s internes que nos collaborations en mati\u00e8re de R&amp;D et d\u2019innovation.<\/p><p>Afin de participer activement \u00e0 la diffusion de la culture scientifique et technique, nous nouons des partenariats avec diff\u00e9rents organismes de promotion, des \u00e9coles et universit\u00e9s qui se consacrent \u00e0 la formation et \u00e0 la recherche. Nos efforts portent notamment sur la cr\u00e9ation de chaires d\u00e9di\u00e9es \u00e0 des probl\u00e9matiques cl\u00e9s de l\u2019am\u00e9nagement en relation avec la transition \u00e9cologique et \u00e9nerg\u00e9tique.<\/p>\t\t\t\t\t\t\t\t<\/div>\n\t\t\t\t<\/div>\n\t\t\t\t\t<\/div>\n\t\t<\/div>\n\t\t\t\t\t<\/div>\n\t\t<\/section>\n\t\t\t\t<section class=\"elementor-section elementor-top-section elementor-element elementor-element-e6d341a elementor-section-boxed elementor-section-height-default elementor-section-height-default\" data-id=\"e6d341a\" data-element_type=\"section\" data-e-type=\"section\">\n\t\t\t\t\t\t<div class=\"elementor-container elementor-column-gap-default\">\n\t\t\t\t\t<div class=\"elementor-column elementor-col-100 elementor-top-column elementor-element elementor-element-45c1774\" data-id=\"45c1774\" data-element_type=\"column\" data-e-type=\"column\">\n\t\t\t<div class=\"elementor-widget-wrap elementor-element-populated\">\n\t\t\t\t\t\t<div class=\"elementor-element elementor-element-a11721c elementor-widget elementor-widget-spacer\" data-id=\"a11721c\" data-element_type=\"widget\" data-e-type=\"widget\" data-widget_type=\"spacer.default\">\n\t\t\t\t<div class=\"elementor-widget-container\">\n\t\t\t\t\t\t\t<div class=\"elementor-spacer\">\n\t\t\t<div class=\"elementor-spacer-inner\"><\/div>\n\t\t<\/div>\n\t\t\t\t\t\t<\/div>\n\t\t\t\t<\/div>\n\t\t\t\t\t<\/div>\n\t\t<\/div>\n\t\t\t\t\t<\/div>\n\t\t<\/section>\n\t\t\t\t<section class=\"elementor-section elementor-top-section elementor-element elementor-element-3062e7e elementor-section-boxed elementor-section-height-default elementor-section-height-default\" data-id=\"3062e7e\" data-element_type=\"section\" data-e-type=\"section\">\n\t\t\t\t\t\t<div class=\"elementor-container elementor-column-gap-no\">\n\t\t\t\t\t<div class=\"elementor-column elementor-col-100 elementor-top-column elementor-element elementor-element-dae55b1\" data-id=\"dae55b1\" data-element_type=\"column\" data-e-type=\"column\">\n\t\t\t<div class=\"elementor-widget-wrap elementor-element-populated\">\n\t\t\t\t\t\t<div class=\"elementor-element elementor-element-5375ad7 elementor-widget elementor-widget-heading\" data-id=\"5375ad7\" data-element_type=\"widget\" data-e-type=\"widget\" data-widget_type=\"heading.default\">\n\t\t\t\t<div class=\"elementor-widget-container\">\n\t\t\t\t\t<h2 class=\"elementor-heading-title elementor-size-default\">S\u2019ENGAGER PAR L\u2019INTERM\u00c9DIAIRE DE LA FONDATION ARTELIA<\/h2>\t\t\t\t<\/div>\n\t\t\t\t<\/div>\n\t\t\t\t<div class=\"elementor-element elementor-element-5a3f7da elementor-widget elementor-widget-text-editor\" data-id=\"5a3f7da\" data-element_type=\"widget\" data-e-type=\"widget\" data-widget_type=\"text-editor.default\">\n\t\t\t\t<div class=\"elementor-widget-container\">\n\t\t\t\t\t\t\t\t\t<p>Souhaitant aller plus loin dans notre apport \u00e0 la soci\u00e9t\u00e9 civile et agir autrement dans le sens de l\u2019int\u00e9r\u00eat g\u00e9n\u00e9ral, nous avons cr\u00e9\u00e9 en 2006 la Fondation Artelia. Cette entit\u00e9 philanthropique privil\u00e9gie un mode d\u2019intervention original ax\u00e9 prioritairement sur le b\u00e9n\u00e9volat de comp\u00e9tences. Elle permet aux collaborateurs et collaboratrices du Groupe de s\u2019engager aux c\u00f4t\u00e9s d\u2019associations dans diff\u00e9rents projets humanitaires, tout en proposant des formes de soutien compl\u00e9mentaires (m\u00e9c\u00e9nats financiers, \u00e9v\u00e9nements ponctuels, challenges sportifs, parrainage de jeunes\u2026).<\/p><p>Depuis sa cr\u00e9ation, la Fondation Artelia a soutenu plus de 200 projets aux c\u00f4t\u00e9s de 80 associations. Plus de 330 salari\u00e9s se sont mobilis\u00e9s sur diff\u00e9rentes missions dans 28 pays. Notre objectif est de renforcer les moyens allou\u00e9s et l\u2019ampleur des actions de notre fondation.<\/p>\t\t\t\t\t\t\t\t<\/div>\n\t\t\t\t<\/div>\n\t\t\t\t<div class=\"elementor-element elementor-element-a6fb34d elementor-widget elementor-widget-button\" data-id=\"a6fb34d\" data-element_type=\"widget\" data-e-type=\"widget\" data-widget_type=\"button.default\">\n\t\t\t\t<div class=\"elementor-widget-container\">\n\t\t\t\t\t\t\t\t\t<div class=\"elementor-button-wrapper\">\n\t\t\t\t\t<a class=\"elementor-button elementor-button-link elementor-size-sm\" href=\"https:\/\/fondationartelia.org\/fr\" target=\"_blank\">\n\t\t\t\t\t\t<span class=\"elementor-button-content-wrapper\">\n\t\t\t\t\t\t\t\t\t<span class=\"elementor-button-text\">D\u00e9couvrir la Fondation Artelia<\/span>\n\t\t\t\t\t<\/span>\n\t\t\t\t\t<\/a>\n\t\t\t\t<\/div>\n\t\t\t\t\t\t\t\t<\/div>\n\t\t\t\t<\/div>\n\t\t\t\t\t<\/div>\n\t\t<\/div>\n\t\t\t\t\t<\/div>\n\t\t<\/section>\n\t\t\t\t<section class=\"elementor-section elementor-top-section elementor-element elementor-element-dc7d2af elementor-section-boxed elementor-section-height-default elementor-section-height-default\" data-id=\"dc7d2af\" data-element_type=\"section\" data-e-type=\"section\">\n\t\t\t\t\t\t<div class=\"elementor-container elementor-column-gap-default\">\n\t\t\t\t\t<div class=\"elementor-column elementor-col-100 elementor-top-column elementor-element elementor-element-f541da6\" data-id=\"f541da6\" data-element_type=\"column\" data-e-type=\"column\">\n\t\t\t<div class=\"elementor-widget-wrap elementor-element-populated\">\n\t\t\t\t\t\t<div class=\"elementor-element elementor-element-f620aaf elementor-widget elementor-widget-spacer\" data-id=\"f620aaf\" data-element_type=\"widget\" data-e-type=\"widget\" data-widget_type=\"spacer.default\">\n\t\t\t\t<div class=\"elementor-widget-container\">\n\t\t\t\t\t\t\t<div class=\"elementor-spacer\">\n\t\t\t<div class=\"elementor-spacer-inner\"><\/div>\n\t\t<\/div>\n\t\t\t\t\t\t<\/div>\n\t\t\t\t<\/div>\n\t\t\t\t\t<\/div>\n\t\t<\/div>\n\t\t\t\t\t<\/div>\n\t\t<\/section>\n\t\t\t\t<\/div>\n\t\t","protected":false},"excerpt":{"rendered":"<p>ENGAGEMENT CITOYEN ET SOLIDAIRE Rapport de performance extra-financi\u00e8re UNE CULTURE D\u2019OUVERTURE SUR LA SOCI\u00c9T\u00c9 CIVILE Par nos activit\u00e9s de conception et de r\u00e9alisation d\u2019am\u00e9nagements extr\u00eamement vari\u00e9s, nous sommes au quotidien en prise directe avec l\u2019essentiel des besoins mat\u00e9riels des \u00c9tats, des collectivit\u00e9s et des citoyens. Les infrastructures \u00e9nerg\u00e9tiques, syst\u00e8mes de gestion des ressources en eau, [&hellip;]<\/p>\n","protected":false},"author":1,"featured_media":0,"parent":7950,"menu_order":0,"comment_status":"closed","ping_status":"closed","template":"","meta":{"_acf_changed":false,"inline_featured_image":false,"footnotes":""},"class_list":["post-7932","page","type-page","status-publish","hentry"],"acf":[],"yoast_head":"<!-- This site is optimized with the Yoast SEO plugin v27.3 - https:\/\/yoast.com\/product\/yoast-seo-wordpress\/ -->\n<title>Engagement citoyen et solidaire - Artelia Group<\/title>\n<meta name=\"robots\" content=\"index, follow, max-snippet:-1, max-image-preview:large, max-video-preview:-1\" \/>\n<link rel=\"canonical\" href=\"https:\/\/www.arteliagroup.com\/our-group\/a-commitment-to-civic-and-humanitarian-causes\/\" \/>\n<meta property=\"og:locale\" content=\"fr_FR\" \/>\n<meta property=\"og:type\" content=\"article\" \/>\n<meta property=\"og:title\" content=\"Engagement citoyen et solidaire - Artelia Group\" \/>\n<meta property=\"og:description\" content=\"ENGAGEMENT CITOYEN ET SOLIDAIRE Rapport de performance extra-financi\u00e8re UNE CULTURE D\u2019OUVERTURE SUR LA SOCI\u00c9T\u00c9 CIVILE Par nos activit\u00e9s de conception et de r\u00e9alisation d\u2019am\u00e9nagements extr\u00eamement vari\u00e9s, nous sommes au quotidien en prise directe avec l\u2019essentiel des besoins mat\u00e9riels des \u00c9tats, des collectivit\u00e9s et des citoyens. Les infrastructures \u00e9nerg\u00e9tiques, syst\u00e8mes de gestion des ressources en eau, [&hellip;]\" \/>\n<meta property=\"og:url\" content=\"https:\/\/www.arteliagroup.com\/our-group\/a-commitment-to-civic-and-humanitarian-causes\/\" \/>\n<meta property=\"og:site_name\" content=\"Artelia Group\" \/>\n<meta property=\"article:modified_time\" content=\"2025-06-20T07:07:56+00:00\" \/>\n<meta name=\"twitter:card\" content=\"summary_large_image\" \/>\n<meta name=\"twitter:label1\" content=\"Dur\u00e9e de lecture estim\u00e9e\" \/>\n\t<meta name=\"twitter:data1\" content=\"2 minutes\" \/>\n<script type=\"application\/ld+json\" class=\"yoast-schema-graph\">{\"@context\":\"https:\\\/\\\/schema.org\",\"@graph\":[{\"@type\":\"WebPage\",\"@id\":\"https:\\\/\\\/www.arteliagroup.com\\\/our-group\\\/a-commitment-to-civic-and-humanitarian-causes\\\/\",\"url\":\"https:\\\/\\\/www.arteliagroup.com\\\/our-group\\\/a-commitment-to-civic-and-humanitarian-causes\\\/\",\"name\":\"Engagement citoyen et solidaire - Artelia Group\",\"isPartOf\":{\"@id\":\"https:\\\/\\\/www.arteliagroup.com\\\/#website\"},\"datePublished\":\"2023-10-10T09:03:05+00:00\",\"dateModified\":\"2025-06-20T07:07:56+00:00\",\"breadcrumb\":{\"@id\":\"https:\\\/\\\/www.arteliagroup.com\\\/our-group\\\/a-commitment-to-civic-and-humanitarian-causes\\\/#breadcrumb\"},\"inLanguage\":\"fr-FR\",\"potentialAction\":[{\"@type\":\"ReadAction\",\"target\":[\"https:\\\/\\\/www.arteliagroup.com\\\/our-group\\\/a-commitment-to-civic-and-humanitarian-causes\\\/\"]}]},{\"@type\":\"BreadcrumbList\",\"@id\":\"https:\\\/\\\/www.arteliagroup.com\\\/our-group\\\/a-commitment-to-civic-and-humanitarian-causes\\\/#breadcrumb\",\"itemListElement\":[{\"@type\":\"ListItem\",\"position\":1,\"name\":\"Home\",\"item\":\"https:\\\/\\\/www.arteliagroup.com\\\/fr\\\/\"},{\"@type\":\"ListItem\",\"position\":2,\"name\":\"Notre Groupe\",\"item\":\"https:\\\/\\\/www.arteliagroup.com\\\/our-group\\\/\"},{\"@type\":\"ListItem\",\"position\":3,\"name\":\"Engagement citoyen et solidaire\"}]},{\"@type\":\"WebSite\",\"@id\":\"https:\\\/\\\/www.arteliagroup.com\\\/#website\",\"url\":\"https:\\\/\\\/www.arteliagroup.com\\\/\",\"name\":\"Artelia Group\",\"description\":\"\",\"publisher\":{\"@id\":\"https:\\\/\\\/www.arteliagroup.com\\\/#organization\"},\"potentialAction\":[{\"@type\":\"SearchAction\",\"target\":{\"@type\":\"EntryPoint\",\"urlTemplate\":\"https:\\\/\\\/www.arteliagroup.com\\\/?s={search_term_string}\"},\"query-input\":{\"@type\":\"PropertyValueSpecification\",\"valueRequired\":true,\"valueName\":\"search_term_string\"}}],\"inLanguage\":\"fr-FR\"},{\"@type\":\"Organization\",\"@id\":\"https:\\\/\\\/www.arteliagroup.com\\\/#organization\",\"name\":\"Artelia Group\",\"url\":\"https:\\\/\\\/www.arteliagroup.com\\\/\",\"logo\":{\"@type\":\"ImageObject\",\"inLanguage\":\"fr-FR\",\"@id\":\"https:\\\/\\\/www.arteliagroup.com\\\/#\\\/schema\\\/logo\\\/image\\\/\",\"url\":\"https:\\\/\\\/www.arteliagroup.com\\\/wp-content\\\/uploads\\\/2023\\\/04\\\/logo_ARTELIA_Couleur.png\",\"contentUrl\":\"https:\\\/\\\/www.arteliagroup.com\\\/wp-content\\\/uploads\\\/2023\\\/04\\\/logo_ARTELIA_Couleur.png\",\"width\":303,\"height\":100,\"caption\":\"Artelia Group\"},\"image\":{\"@id\":\"https:\\\/\\\/www.arteliagroup.com\\\/#\\\/schema\\\/logo\\\/image\\\/\"}}]}<\/script>\n<!-- \/ Yoast SEO plugin. -->","yoast_head_json":{"title":"Engagement citoyen et solidaire - Artelia Group","robots":{"index":"index","follow":"follow","max-snippet":"max-snippet:-1","max-image-preview":"max-image-preview:large","max-video-preview":"max-video-preview:-1"},"canonical":"https:\/\/www.arteliagroup.com\/our-group\/a-commitment-to-civic-and-humanitarian-causes\/","og_locale":"fr_FR","og_type":"article","og_title":"Engagement citoyen et solidaire - Artelia Group","og_description":"ENGAGEMENT CITOYEN ET SOLIDAIRE Rapport de performance extra-financi\u00e8re UNE CULTURE D\u2019OUVERTURE SUR LA SOCI\u00c9T\u00c9 CIVILE Par nos activit\u00e9s de conception et de r\u00e9alisation d\u2019am\u00e9nagements extr\u00eamement vari\u00e9s, nous sommes au quotidien en prise directe avec l\u2019essentiel des besoins mat\u00e9riels des \u00c9tats, des collectivit\u00e9s et des citoyens. Les infrastructures \u00e9nerg\u00e9tiques, syst\u00e8mes de gestion des ressources en eau, [&hellip;]","og_url":"https:\/\/www.arteliagroup.com\/our-group\/a-commitment-to-civic-and-humanitarian-causes\/","og_site_name":"Artelia Group","article_modified_time":"2025-06-20T07:07:56+00:00","twitter_card":"summary_large_image","twitter_misc":{"Dur\u00e9e de lecture estim\u00e9e":"2 minutes"},"schema":{"@context":"https:\/\/schema.org","@graph":[{"@type":"WebPage","@id":"https:\/\/www.arteliagroup.com\/our-group\/a-commitment-to-civic-and-humanitarian-causes\/","url":"https:\/\/www.arteliagroup.com\/our-group\/a-commitment-to-civic-and-humanitarian-causes\/","name":"Engagement citoyen et solidaire - Artelia Group","isPartOf":{"@id":"https:\/\/www.arteliagroup.com\/#website"},"datePublished":"2023-10-10T09:03:05+00:00","dateModified":"2025-06-20T07:07:56+00:00","breadcrumb":{"@id":"https:\/\/www.arteliagroup.com\/our-group\/a-commitment-to-civic-and-humanitarian-causes\/#breadcrumb"},"inLanguage":"fr-FR","potentialAction":[{"@type":"ReadAction","target":["https:\/\/www.arteliagroup.com\/our-group\/a-commitment-to-civic-and-humanitarian-causes\/"]}]},{"@type":"BreadcrumbList","@id":"https:\/\/www.arteliagroup.com\/our-group\/a-commitment-to-civic-and-humanitarian-causes\/#breadcrumb","itemListElement":[{"@type":"ListItem","position":1,"name":"Home","item":"https:\/\/www.arteliagroup.com\/fr\/"},{"@type":"ListItem","position":2,"name":"Notre Groupe","item":"https:\/\/www.arteliagroup.com\/our-group\/"},{"@type":"ListItem","position":3,"name":"Engagement citoyen et solidaire"}]},{"@type":"WebSite","@id":"https:\/\/www.arteliagroup.com\/#website","url":"https:\/\/www.arteliagroup.com\/","name":"Artelia Group","description":"","publisher":{"@id":"https:\/\/www.arteliagroup.com\/#organization"},"potentialAction":[{"@type":"SearchAction","target":{"@type":"EntryPoint","urlTemplate":"https:\/\/www.arteliagroup.com\/?s={search_term_string}"},"query-input":{"@type":"PropertyValueSpecification","valueRequired":true,"valueName":"search_term_string"}}],"inLanguage":"fr-FR"},{"@type":"Organization","@id":"https:\/\/www.arteliagroup.com\/#organization","name":"Artelia Group","url":"https:\/\/www.arteliagroup.com\/","logo":{"@type":"ImageObject","inLanguage":"fr-FR","@id":"https:\/\/www.arteliagroup.com\/#\/schema\/logo\/image\/","url":"https:\/\/www.arteliagroup.com\/wp-content\/uploads\/2023\/04\/logo_ARTELIA_Couleur.png","contentUrl":"https:\/\/www.arteliagroup.com\/wp-content\/uploads\/2023\/04\/logo_ARTELIA_Couleur.png","width":303,"height":100,"caption":"Artelia Group"},"image":{"@id":"https:\/\/www.arteliagroup.com\/#\/schema\/logo\/image\/"}}]}},"_links":{"self":[{"href":"https:\/\/www.arteliagroup.com\/fr\/wp-json\/wp\/v2\/pages\/7932","targetHints":{"allow":["GET"]}}],"collection":[{"href":"https:\/\/www.arteliagroup.com\/fr\/wp-json\/wp\/v2\/pages"}],"about":[{"href":"https:\/\/www.arteliagroup.com\/fr\/wp-json\/wp\/v2\/types\/page"}],"author":[{"embeddable":true,"href":"https:\/\/www.arteliagroup.com\/fr\/wp-json\/wp\/v2\/users\/1"}],"replies":[{"embeddable":true,"href":"https:\/\/www.arteliagroup.com\/fr\/wp-json\/wp\/v2\/comments?post=7932"}],"version-history":[{"count":3,"href":"https:\/\/www.arteliagroup.com\/fr\/wp-json\/wp\/v2\/pages\/7932\/revisions"}],"predecessor-version":[{"id":22548,"href":"https:\/\/www.arteliagroup.com\/fr\/wp-json\/wp\/v2\/pages\/7932\/revisions\/22548"}],"up":[{"embeddable":true,"href":"https:\/\/www.arteliagroup.com\/fr\/wp-json\/wp\/v2\/pages\/7950"}],"wp:attachment":[{"href":"https:\/\/www.arteliagroup.com\/fr\/wp-json\/wp\/v2\/media?parent=7932"}],"curies":[{"name":"wp","href":"https:\/\/api.w.org\/{rel}","templated":true}]}}