{"id":8163,"date":"2023-10-10T12:18:15","date_gmt":"2023-10-10T10:18:15","guid":{"rendered":"https:\/\/www.arteliagroup.com\/irrigation\/"},"modified":"2024-01-03T11:44:27","modified_gmt":"2024-01-03T10:44:27","slug":"irrigation","status":"publish","type":"page","link":"https:\/\/www.arteliagroup.com\/fr\/eau\/irrigation\/","title":{"rendered":"Irrigation"},"content":{"rendered":"\t\t<div data-elementor-type=\"wp-page\" data-elementor-id=\"8163\" class=\"elementor elementor-8163 elementor-5302\">\n\t\t\t\t\t\t<section class=\"elementor-section elementor-top-section elementor-element elementor-element-d2acb85 elementor-section-full_width elementor-section-height-min-height elementor-section-items-stretch elementor-section-content-middle elementor-reverse-mobile_extra elementor-reverse-mobile width-limit elementor-section-height-default\" data-id=\"d2acb85\" data-element_type=\"section\" data-e-type=\"section\">\n\t\t\t\t\t\t\t<div class=\"elementor-background-overlay\"><\/div>\n\t\t\t\t\t\t\t<div class=\"elementor-container elementor-column-gap-no\">\n\t\t\t\t\t<div class=\"elementor-column elementor-col-50 elementor-top-column elementor-element elementor-element-77869240 padleft0-full\" data-id=\"77869240\" data-element_type=\"column\" data-e-type=\"column\">\n\t\t\t<div class=\"elementor-widget-wrap elementor-element-populated\">\n\t\t\t\t\t\t<div class=\"elementor-element elementor-element-339d0943 elementor-widget elementor-widget-heading\" data-id=\"339d0943\" data-element_type=\"widget\" data-e-type=\"widget\" data-widget_type=\"heading.default\">\n\t\t\t\t<div class=\"elementor-widget-container\">\n\t\t\t\t\t<h1 class=\"elementor-heading-title elementor-size-default\">IRRIGATION<\/h1>\t\t\t\t<\/div>\n\t\t\t\t<\/div>\n\t\t\t\t<div class=\"elementor-element elementor-element-3fbc70 elementor-widget elementor-widget-text-editor\" data-id=\"3fbc70\" data-element_type=\"widget\" data-e-type=\"widget\" data-widget_type=\"text-editor.default\">\n\t\t\t\t<div class=\"elementor-widget-container\">\n\t\t\t\t\t\t\t\t\t<p>Artelia et sa filiale SHER sont des acteurs importants du d\u00e9veloppement de l\u2019irrigation en Afrique.<\/p>\n\t\t\t\t\t\t\t\t<\/div>\n\t\t\t\t<\/div>\n\t\t\t\t<div class=\"elementor-element elementor-element-87308b8 elementor-widget elementor-widget-button\" data-id=\"87308b8\" data-element_type=\"widget\" data-e-type=\"widget\" data-widget_type=\"button.default\">\n\t\t\t\t<div class=\"elementor-widget-container\">\n\t\t\t\t\t\t\t\t\t<div class=\"elementor-button-wrapper\">\n\t\t\t\t\t<a class=\"elementor-button elementor-button-link elementor-size-sm\" href=\"https:\/\/www.arteliagroup.com\/fr\/contact\/\">\n\t\t\t\t\t\t<span class=\"elementor-button-content-wrapper\">\n\t\t\t\t\t\t\t\t\t<span class=\"elementor-button-text\">Contactez-nous<\/span>\n\t\t\t\t\t<\/span>\n\t\t\t\t\t<\/a>\n\t\t\t\t<\/div>\n\t\t\t\t\t\t\t\t<\/div>\n\t\t\t\t<\/div>\n\t\t\t\t\t<\/div>\n\t\t<\/div>\n\t\t\t\t<div class=\"elementor-column elementor-col-50 elementor-top-column elementor-element elementor-element-5a436347\" data-id=\"5a436347\" data-element_type=\"column\" data-e-type=\"column\" data-settings=\"{&quot;background_background&quot;:&quot;classic&quot;}\">\n\t\t\t<div class=\"elementor-widget-wrap elementor-element-populated\">\n\t\t\t\t\t<div class=\"elementor-background-overlay\"><\/div>\n\t\t\t\t\t\t<div class=\"elementor-element elementor-element-4e08343b elementor-widget elementor-widget-spacer\" data-id=\"4e08343b\" data-element_type=\"widget\" data-e-type=\"widget\" data-widget_type=\"spacer.default\">\n\t\t\t\t<div class=\"elementor-widget-container\">\n\t\t\t\t\t\t\t<div class=\"elementor-spacer\">\n\t\t\t<div class=\"elementor-spacer-inner\"><\/div>\n\t\t<\/div>\n\t\t\t\t\t\t<\/div>\n\t\t\t\t<\/div>\n\t\t\t\t\t<\/div>\n\t\t<\/div>\n\t\t\t\t\t<\/div>\n\t\t<\/section>\n\t\t\t\t<section class=\"elementor-section elementor-top-section elementor-element elementor-element-18e99509 elementor-section-boxed elementor-section-height-default elementor-section-height-default\" data-id=\"18e99509\" data-element_type=\"section\" data-e-type=\"section\">\n\t\t\t\t\t\t<div class=\"elementor-container elementor-column-gap-no\">\n\t\t\t\t\t<div class=\"elementor-column elementor-col-100 elementor-top-column elementor-element elementor-element-2cc74eed\" data-id=\"2cc74eed\" data-element_type=\"column\" data-e-type=\"column\">\n\t\t\t<div class=\"elementor-widget-wrap elementor-element-populated\">\n\t\t\t\t\t\t<div class=\"elementor-element elementor-element-76ececa0 elementor-widget elementor-widget-spacer\" data-id=\"76ececa0\" data-element_type=\"widget\" data-e-type=\"widget\" data-widget_type=\"spacer.default\">\n\t\t\t\t<div class=\"elementor-widget-container\">\n\t\t\t\t\t\t\t<div class=\"elementor-spacer\">\n\t\t\t<div class=\"elementor-spacer-inner\"><\/div>\n\t\t<\/div>\n\t\t\t\t\t\t<\/div>\n\t\t\t\t<\/div>\n\t\t\t\t\t<\/div>\n\t\t<\/div>\n\t\t\t\t\t<\/div>\n\t\t<\/section>\n\t\t\t\t<section class=\"elementor-section elementor-top-section elementor-element elementor-element-15658913 elementor-section-boxed elementor-section-height-default elementor-section-height-default\" data-id=\"15658913\" data-element_type=\"section\" data-e-type=\"section\">\n\t\t\t\t\t\t<div class=\"elementor-container elementor-column-gap-no\">\n\t\t\t\t\t<div class=\"elementor-column elementor-col-100 elementor-top-column elementor-element elementor-element-1657ae43\" data-id=\"1657ae43\" data-element_type=\"column\" data-e-type=\"column\">\n\t\t\t<div class=\"elementor-widget-wrap elementor-element-populated\">\n\t\t\t\t\t\t<div class=\"elementor-element elementor-element-5c8b21d2 elementor-widget elementor-widget-heading\" data-id=\"5c8b21d2\" data-element_type=\"widget\" data-e-type=\"widget\" data-widget_type=\"heading.default\">\n\t\t\t\t<div class=\"elementor-widget-container\">\n\t\t\t\t\t<h2 class=\"elementor-heading-title elementor-size-default\">NOTRE ACCOMPAGNEMENT<\/h2>\t\t\t\t<\/div>\n\t\t\t\t<\/div>\n\t\t\t\t<div class=\"elementor-element elementor-element-643fb90c elementor-widget elementor-widget-text-editor\" data-id=\"643fb90c\" data-element_type=\"widget\" data-e-type=\"widget\" data-widget_type=\"text-editor.default\">\n\t\t\t\t<div class=\"elementor-widget-container\">\n\t\t\t\t\t\t\t\t\t<p>Artelia a commenc\u00e9 \u00e0 concevoir des r\u00e9seaux d\u2019irrigation modernes dans les ann\u00e9es 1930 et a ensuite pilot\u00e9 de tr\u00e8s nombreux projets de cr\u00e9ation de p\u00e9rim\u00e8tres irrigu\u00e9s en Afrique, au Moyen-Orient, en Asie\u2026 Aujourd\u2019hui, le Groupe continue de r\u00e9aliser des \u00e9tudes de potentiel, des sch\u00e9mas directeurs de d\u00e9veloppement de l\u2019agriculture irrigu\u00e9e, des \u00e9tudes de faisabilit\u00e9 et des plans d\u2019investissement. Il m\u00e8ne dans ce cadre diff\u00e9rentes \u00e9tudes p\u00e9dologiques, g\u00e9otechniques, fonci\u00e8res et hydrologiques.<\/p><p>Les besoins ayant \u00e9volu\u00e9, Artelia intervient de plus en plus sur des projets de r\u00e9habilitation et de modernisation des r\u00e9seaux d\u2019irrigation existants afin d\u2019am\u00e9liorer leur fonctionnement. Pour pr\u00e9server les ressources en eau, le Groupe participe aussi \u00e0 plusieurs projets visant \u00e0 exploiter les eaux issues de stations d\u2019\u00e9puration \u00e0 des fins d\u2019irrigation.<span style=\"color: var( --e-global-color-primary ); -webkit-text-stroke-color: transparent;\">\u00a0<\/span><\/p><p>Artelia s\u2019appuie sur des \u00e9quipes de sp\u00e9cialistes exp\u00e9riment\u00e9s pour mener \u00e0 bien ces missions (ing\u00e9nieurs du g\u00e9nie rural et du g\u00e9nie civil, hydrauliciens, hydrologues, p\u00e9dologues, g\u00e9om\u00e8tres, g\u00e9omaticiens\u2026).\u00a0<\/p>\t\t\t\t\t\t\t\t<\/div>\n\t\t\t\t<\/div>\n\t\t\t\t\t<\/div>\n\t\t<\/div>\n\t\t\t\t\t<\/div>\n\t\t<\/section>\n\t\t\t\t<section class=\"elementor-section elementor-top-section elementor-element elementor-element-c73d497 elementor-section-boxed elementor-section-height-default elementor-section-height-default\" data-id=\"c73d497\" data-element_type=\"section\" data-e-type=\"section\">\n\t\t\t\t\t\t<div class=\"elementor-container elementor-column-gap-no\">\n\t\t\t\t\t<div class=\"elementor-column elementor-col-100 elementor-top-column elementor-element elementor-element-0e0aaac\" data-id=\"0e0aaac\" data-element_type=\"column\" data-e-type=\"column\">\n\t\t\t<div class=\"elementor-widget-wrap elementor-element-populated\">\n\t\t\t\t\t\t<div class=\"elementor-element elementor-element-ab46e6a elementor-widget elementor-widget-spacer\" data-id=\"ab46e6a\" data-element_type=\"widget\" data-e-type=\"widget\" data-widget_type=\"spacer.default\">\n\t\t\t\t<div class=\"elementor-widget-container\">\n\t\t\t\t\t\t\t<div class=\"elementor-spacer\">\n\t\t\t<div class=\"elementor-spacer-inner\"><\/div>\n\t\t<\/div>\n\t\t\t\t\t\t<\/div>\n\t\t\t\t<\/div>\n\t\t\t\t\t<\/div>\n\t\t<\/div>\n\t\t\t\t\t<\/div>\n\t\t<\/section>\n\t\t\t\t<section class=\"elementor-section elementor-top-section elementor-element elementor-element-7595033a elementor-section-boxed elementor-section-height-default elementor-section-height-default\" data-id=\"7595033a\" data-element_type=\"section\" data-e-type=\"section\">\n\t\t\t\t\t\t<div class=\"elementor-container elementor-column-gap-no\">\n\t\t\t\t\t<div class=\"elementor-column elementor-col-100 elementor-top-column elementor-element elementor-element-2a81e7b9\" data-id=\"2a81e7b9\" data-element_type=\"column\" data-e-type=\"column\">\n\t\t\t<div class=\"elementor-widget-wrap elementor-element-populated\">\n\t\t\t\t\t\t<div class=\"elementor-element elementor-element-2f17ec22 elementor-widget elementor-widget-heading\" data-id=\"2f17ec22\" data-element_type=\"widget\" data-e-type=\"widget\" data-widget_type=\"heading.default\">\n\t\t\t\t<div class=\"elementor-widget-container\">\n\t\t\t\t\t<h2 class=\"elementor-heading-title elementor-size-default\">PROJETS EMBL\u00c9MATIQUES<\/h2>\t\t\t\t<\/div>\n\t\t\t\t<\/div>\n\t\t\t\t<div class=\"elementor-element elementor-element-076684f elementor-widget elementor-widget-spacer\" data-id=\"076684f\" data-element_type=\"widget\" data-e-type=\"widget\" data-widget_type=\"spacer.default\">\n\t\t\t\t<div class=\"elementor-widget-container\">\n\t\t\t\t\t\t\t<div class=\"elementor-spacer\">\n\t\t\t<div class=\"elementor-spacer-inner\"><\/div>\n\t\t<\/div>\n\t\t\t\t\t\t<\/div>\n\t\t\t\t<\/div>\n\t\t\t\t<div class=\"elementor-element elementor-element-1ff7f7fb elementor-widget elementor-widget-elementskit-IabdCPTGrid\" data-id=\"1ff7f7fb\" data-element_type=\"widget\" data-e-type=\"widget\" data-widget_type=\"elementskit-IabdCPTGrid.default\">\n\t\t\t\t<div class=\"elementor-widget-container\">\n\t\t\t\t\t<div class=\"ibway_iabd_cpt_grid\"><div id=\"post-items--1ff7f7fb\" class=\"row post-items\" data-col=\"col3\">\n        <div class=\"post-item\">\n        <div class=\"post-item__photo\" style=\"background-image: url('https:\/\/www.arteliagroup.com\/wp-content\/uploads\/2023\/12\/Guinee_Schema_Directeur_Irrigation_PHOTO.jpg')\">\n            <div class=\"picto\"><img decoding=\"async\" src=\"https:\/\/www.arteliagroup.com\/wp-content\/uploads\/2023\/04\/Picto_Water.svg\" \/><\/div>\n        <\/div>\n        <div class=\"post-item__info\">\n            <div class=\"post-item__info-meta\">\n                <div class=\"challenge\">Economie des ressources<\/div>\n                <div class=\"country\">Guin\u00e9e<\/div>\n            <\/div>\n                        <div class=\"post-item__info-title\">\n                <h3>\n                    Sch\u00e9ma directeur de l\u2019irrigation en Guin\u00e9e                <\/h3>\n            <\/div>\n            \n                        <div class=\"post-item__info-des\">\n                \u00c9laboration d\u2019un document de r\u00e9f\u00e9rence pour dresser un \u00e9tat des lieux de la situation et orienter les inves...            <\/div>\n            \n                        <div class=\"post-item__info-cta\" align=\"center\">\n                <a href=\"https:\/\/www.arteliagroup.com\/fr\/project\/irrigation-master-plan-in-guinea\/\">EN SAVOIR +<\/a>\n            <\/div>\n            \n        <\/div>\n    <\/div>\n        <div class=\"post-item\">\n        <div class=\"post-item__photo\" style=\"background-image: url('https:\/\/www.arteliagroup.com\/wp-content\/uploads\/2023\/12\/France_F974_Saint_Denis_Operation_Meren_PHOTO-1024x576.jpg')\">\n            <div class=\"picto\"><img decoding=\"async\" src=\"https:\/\/www.arteliagroup.com\/wp-content\/uploads\/2023\/04\/Picto_Water.svg\" \/><\/div>\n        <\/div>\n        <div class=\"post-item__info\">\n            <div class=\"post-item__info-meta\">\n                <div class=\"challenge\">Economie des ressources<\/div>\n                <div class=\"country\">France<\/div>\n            <\/div>\n                        <div class=\"post-item__info-title\">\n                <h3>\n                    Mobilisation de ressource en eau pour l\u2019irrigation via le MEREN                <\/h3>\n            <\/div>\n            \n                        <div class=\"post-item__info-des\">\n                Valoriser des eaux us\u00e9es en sortie de stations d\u2019\u00e9puration pour irriguer et s\u00e9curiser la production agricole de La R\u00e9un...            <\/div>\n            \n                        <div class=\"post-item__info-cta\" align=\"center\">\n                <a href=\"https:\/\/www.arteliagroup.com\/fr\/project\/mobilisation-of-water-resources-for-irrigation-via-meren\/\">EN SAVOIR +<\/a>\n            <\/div>\n            \n        <\/div>\n    <\/div>\n        <div class=\"post-item\">\n        <div class=\"post-item__photo\" style=\"background-image: url('https:\/\/www.arteliagroup.com\/wp-content\/uploads\/2023\/12\/Burkina-Faso_Gestion-des-ressources-en-eau_PHOTO-1-1024x683.jpeg')\">\n            <div class=\"picto\"><img decoding=\"async\" src=\"https:\/\/www.arteliagroup.com\/wp-content\/uploads\/2023\/04\/Picto_Water.svg\" \/><\/div>\n        <\/div>\n        <div class=\"post-item__info\">\n            <div class=\"post-item__info-meta\">\n                <div class=\"challenge\">Economie des ressources<\/div>\n                <div class=\"country\">Burundi<\/div>\n            <\/div>\n                        <div class=\"post-item__info-title\">\n                <h3>\n                    Remise en \u00e9tat des p\u00e9rim\u00e8tres irrigu\u00e9s de l\u2019Imbo Nord                <\/h3>\n            <\/div>\n            \n                        <div class=\"post-item__info-des\">\n                Renforcer le potentiel agricole d\u2019une zone tr\u00e8s fertile gr\u00e2ce \u00e0 la r\u00e9habilitation et l\u2019extension de ses r\u00e9seaux d\u2019irriga...            <\/div>\n            \n                        <div class=\"post-item__info-cta\" align=\"center\">\n                <a href=\"https:\/\/www.arteliagroup.com\/fr\/project\/rehabilitation-of-irrigated-schemes-in-northern-imbo-plain\/\">EN SAVOIR +<\/a>\n            <\/div>\n            \n        <\/div>\n    <\/div>\n    <\/div><\/div>\t\t\t\t<\/div>\n\t\t\t\t<\/div>\n\t\t\t\t\t<\/div>\n\t\t<\/div>\n\t\t\t\t\t<\/div>\n\t\t<\/section>\n\t\t\t\t<section class=\"elementor-section elementor-top-section elementor-element elementor-element-6b0a7500 elementor-section-boxed elementor-section-height-default elementor-section-height-default\" data-id=\"6b0a7500\" data-element_type=\"section\" data-e-type=\"section\">\n\t\t\t\t\t\t<div class=\"elementor-container elementor-column-gap-no\">\n\t\t\t\t\t<div class=\"elementor-column elementor-col-100 elementor-top-column elementor-element elementor-element-526fe2c2\" data-id=\"526fe2c2\" data-element_type=\"column\" data-e-type=\"column\">\n\t\t\t<div class=\"elementor-widget-wrap elementor-element-populated\">\n\t\t\t\t\t\t<div class=\"elementor-element elementor-element-2e86ee7d elementor-widget elementor-widget-spacer\" data-id=\"2e86ee7d\" data-element_type=\"widget\" data-e-type=\"widget\" data-widget_type=\"spacer.default\">\n\t\t\t\t<div class=\"elementor-widget-container\">\n\t\t\t\t\t\t\t<div class=\"elementor-spacer\">\n\t\t\t<div class=\"elementor-spacer-inner\"><\/div>\n\t\t<\/div>\n\t\t\t\t\t\t<\/div>\n\t\t\t\t<\/div>\n\t\t\t\t\t<\/div>\n\t\t<\/div>\n\t\t\t\t\t<\/div>\n\t\t<\/section>\n\t\t\t\t<\/div>\n\t\t","protected":false},"excerpt":{"rendered":"<p>IRRIGATION Artelia et sa filiale SHER sont des acteurs importants du d\u00e9veloppement de l\u2019irrigation en Afrique. Contactez-nous NOTRE ACCOMPAGNEMENT Artelia a commenc\u00e9 \u00e0 concevoir des r\u00e9seaux d\u2019irrigation modernes dans les ann\u00e9es 1930 et a ensuite pilot\u00e9 de tr\u00e8s nombreux projets de cr\u00e9ation de p\u00e9rim\u00e8tres irrigu\u00e9s en Afrique, au Moyen-Orient, en Asie\u2026 Aujourd\u2019hui, le Groupe continue [&hellip;]<\/p>\n","protected":false},"author":1,"featured_media":0,"parent":8200,"menu_order":1,"comment_status":"closed","ping_status":"closed","template":"","meta":{"_acf_changed":false,"inline_featured_image":false,"footnotes":""},"class_list":["post-8163","page","type-page","status-publish","hentry"],"acf":[],"yoast_head":"<!-- This site is optimized with the Yoast SEO plugin v27.3 - https:\/\/yoast.com\/product\/yoast-seo-wordpress\/ -->\n<title>Irrigation - Artelia Group<\/title>\n<meta name=\"robots\" content=\"index, follow, max-snippet:-1, max-image-preview:large, max-video-preview:-1\" \/>\n<link rel=\"canonical\" href=\"https:\/\/www.arteliagroup.com\/fr\/eau\/irrigation\/\" \/>\n<meta property=\"og:locale\" content=\"fr_FR\" \/>\n<meta property=\"og:type\" content=\"article\" \/>\n<meta property=\"og:title\" content=\"Irrigation - Artelia Group\" \/>\n<meta property=\"og:description\" content=\"IRRIGATION Artelia et sa filiale SHER sont des acteurs importants du d\u00e9veloppement de l\u2019irrigation en Afrique. Contactez-nous NOTRE ACCOMPAGNEMENT Artelia a commenc\u00e9 \u00e0 concevoir des r\u00e9seaux d\u2019irrigation modernes dans les ann\u00e9es 1930 et a ensuite pilot\u00e9 de tr\u00e8s nombreux projets de cr\u00e9ation de p\u00e9rim\u00e8tres irrigu\u00e9s en Afrique, au Moyen-Orient, en Asie\u2026 Aujourd\u2019hui, le Groupe continue [&hellip;]\" \/>\n<meta property=\"og:url\" content=\"https:\/\/www.arteliagroup.com\/fr\/eau\/irrigation\/\" \/>\n<meta property=\"og:site_name\" content=\"Artelia Group\" \/>\n<meta property=\"article:modified_time\" content=\"2024-01-03T10:44:27+00:00\" \/>\n<meta property=\"og:image\" content=\"https:\/\/www.arteliagroup.com\/wp-content\/uploads\/2023\/04\/Picto_Water.svg\" \/>\n<meta name=\"twitter:card\" content=\"summary_large_image\" \/>\n<meta name=\"twitter:label1\" content=\"Dur\u00e9e de lecture estim\u00e9e\" \/>\n\t<meta name=\"twitter:data1\" content=\"2 minutes\" \/>\n<script type=\"application\/ld+json\" class=\"yoast-schema-graph\">{\"@context\":\"https:\\\/\\\/schema.org\",\"@graph\":[{\"@type\":\"WebPage\",\"@id\":\"https:\\\/\\\/www.arteliagroup.com\\\/fr\\\/eau\\\/irrigation\\\/\",\"url\":\"https:\\\/\\\/www.arteliagroup.com\\\/fr\\\/eau\\\/irrigation\\\/\",\"name\":\"Irrigation - Artelia Group\",\"isPartOf\":{\"@id\":\"https:\\\/\\\/www.arteliagroup.com\\\/#website\"},\"primaryImageOfPage\":{\"@id\":\"https:\\\/\\\/www.arteliagroup.com\\\/fr\\\/eau\\\/irrigation\\\/#primaryimage\"},\"image\":{\"@id\":\"https:\\\/\\\/www.arteliagroup.com\\\/fr\\\/eau\\\/irrigation\\\/#primaryimage\"},\"thumbnailUrl\":\"https:\\\/\\\/www.arteliagroup.com\\\/wp-content\\\/uploads\\\/2023\\\/04\\\/Picto_Water.svg\",\"datePublished\":\"2023-10-10T10:18:15+00:00\",\"dateModified\":\"2024-01-03T10:44:27+00:00\",\"breadcrumb\":{\"@id\":\"https:\\\/\\\/www.arteliagroup.com\\\/fr\\\/eau\\\/irrigation\\\/#breadcrumb\"},\"inLanguage\":\"fr-FR\",\"potentialAction\":[{\"@type\":\"ReadAction\",\"target\":[\"https:\\\/\\\/www.arteliagroup.com\\\/fr\\\/eau\\\/irrigation\\\/\"]}]},{\"@type\":\"ImageObject\",\"inLanguage\":\"fr-FR\",\"@id\":\"https:\\\/\\\/www.arteliagroup.com\\\/fr\\\/eau\\\/irrigation\\\/#primaryimage\",\"url\":\"https:\\\/\\\/www.arteliagroup.com\\\/wp-content\\\/uploads\\\/2023\\\/04\\\/Picto_Water.svg\",\"contentUrl\":\"https:\\\/\\\/www.arteliagroup.com\\\/wp-content\\\/uploads\\\/2023\\\/04\\\/Picto_Water.svg\"},{\"@type\":\"BreadcrumbList\",\"@id\":\"https:\\\/\\\/www.arteliagroup.com\\\/fr\\\/eau\\\/irrigation\\\/#breadcrumb\",\"itemListElement\":[{\"@type\":\"ListItem\",\"position\":1,\"name\":\"Home\",\"item\":\"https:\\\/\\\/www.arteliagroup.com\\\/fr\\\/\"},{\"@type\":\"ListItem\",\"position\":2,\"name\":\"Eau\",\"item\":\"https:\\\/\\\/www.arteliagroup.com\\\/fr\\\/eau\\\/\"},{\"@type\":\"ListItem\",\"position\":3,\"name\":\"Irrigation\"}]},{\"@type\":\"WebSite\",\"@id\":\"https:\\\/\\\/www.arteliagroup.com\\\/#website\",\"url\":\"https:\\\/\\\/www.arteliagroup.com\\\/\",\"name\":\"Artelia Group\",\"description\":\"\",\"publisher\":{\"@id\":\"https:\\\/\\\/www.arteliagroup.com\\\/#organization\"},\"potentialAction\":[{\"@type\":\"SearchAction\",\"target\":{\"@type\":\"EntryPoint\",\"urlTemplate\":\"https:\\\/\\\/www.arteliagroup.com\\\/?s={search_term_string}\"},\"query-input\":{\"@type\":\"PropertyValueSpecification\",\"valueRequired\":true,\"valueName\":\"search_term_string\"}}],\"inLanguage\":\"fr-FR\"},{\"@type\":\"Organization\",\"@id\":\"https:\\\/\\\/www.arteliagroup.com\\\/#organization\",\"name\":\"Artelia Group\",\"url\":\"https:\\\/\\\/www.arteliagroup.com\\\/\",\"logo\":{\"@type\":\"ImageObject\",\"inLanguage\":\"fr-FR\",\"@id\":\"https:\\\/\\\/www.arteliagroup.com\\\/#\\\/schema\\\/logo\\\/image\\\/\",\"url\":\"https:\\\/\\\/www.arteliagroup.com\\\/wp-content\\\/uploads\\\/2023\\\/04\\\/logo_ARTELIA_Couleur.png\",\"contentUrl\":\"https:\\\/\\\/www.arteliagroup.com\\\/wp-content\\\/uploads\\\/2023\\\/04\\\/logo_ARTELIA_Couleur.png\",\"width\":303,\"height\":100,\"caption\":\"Artelia Group\"},\"image\":{\"@id\":\"https:\\\/\\\/www.arteliagroup.com\\\/#\\\/schema\\\/logo\\\/image\\\/\"}}]}<\/script>\n<!-- \/ Yoast SEO plugin. -->","yoast_head_json":{"title":"Irrigation - Artelia Group","robots":{"index":"index","follow":"follow","max-snippet":"max-snippet:-1","max-image-preview":"max-image-preview:large","max-video-preview":"max-video-preview:-1"},"canonical":"https:\/\/www.arteliagroup.com\/fr\/eau\/irrigation\/","og_locale":"fr_FR","og_type":"article","og_title":"Irrigation - Artelia Group","og_description":"IRRIGATION Artelia et sa filiale SHER sont des acteurs importants du d\u00e9veloppement de l\u2019irrigation en Afrique. Contactez-nous NOTRE ACCOMPAGNEMENT Artelia a commenc\u00e9 \u00e0 concevoir des r\u00e9seaux d\u2019irrigation modernes dans les ann\u00e9es 1930 et a ensuite pilot\u00e9 de tr\u00e8s nombreux projets de cr\u00e9ation de p\u00e9rim\u00e8tres irrigu\u00e9s en Afrique, au Moyen-Orient, en Asie\u2026 Aujourd\u2019hui, le Groupe continue [&hellip;]","og_url":"https:\/\/www.arteliagroup.com\/fr\/eau\/irrigation\/","og_site_name":"Artelia Group","article_modified_time":"2024-01-03T10:44:27+00:00","og_image":[{"url":"https:\/\/www.arteliagroup.com\/wp-content\/uploads\/2023\/04\/Picto_Water.svg","type":"","width":"","height":""}],"twitter_card":"summary_large_image","twitter_misc":{"Dur\u00e9e de lecture estim\u00e9e":"2 minutes"},"schema":{"@context":"https:\/\/schema.org","@graph":[{"@type":"WebPage","@id":"https:\/\/www.arteliagroup.com\/fr\/eau\/irrigation\/","url":"https:\/\/www.arteliagroup.com\/fr\/eau\/irrigation\/","name":"Irrigation - Artelia Group","isPartOf":{"@id":"https:\/\/www.arteliagroup.com\/#website"},"primaryImageOfPage":{"@id":"https:\/\/www.arteliagroup.com\/fr\/eau\/irrigation\/#primaryimage"},"image":{"@id":"https:\/\/www.arteliagroup.com\/fr\/eau\/irrigation\/#primaryimage"},"thumbnailUrl":"https:\/\/www.arteliagroup.com\/wp-content\/uploads\/2023\/04\/Picto_Water.svg","datePublished":"2023-10-10T10:18:15+00:00","dateModified":"2024-01-03T10:44:27+00:00","breadcrumb":{"@id":"https:\/\/www.arteliagroup.com\/fr\/eau\/irrigation\/#breadcrumb"},"inLanguage":"fr-FR","potentialAction":[{"@type":"ReadAction","target":["https:\/\/www.arteliagroup.com\/fr\/eau\/irrigation\/"]}]},{"@type":"ImageObject","inLanguage":"fr-FR","@id":"https:\/\/www.arteliagroup.com\/fr\/eau\/irrigation\/#primaryimage","url":"https:\/\/www.arteliagroup.com\/wp-content\/uploads\/2023\/04\/Picto_Water.svg","contentUrl":"https:\/\/www.arteliagroup.com\/wp-content\/uploads\/2023\/04\/Picto_Water.svg"},{"@type":"BreadcrumbList","@id":"https:\/\/www.arteliagroup.com\/fr\/eau\/irrigation\/#breadcrumb","itemListElement":[{"@type":"ListItem","position":1,"name":"Home","item":"https:\/\/www.arteliagroup.com\/fr\/"},{"@type":"ListItem","position":2,"name":"Eau","item":"https:\/\/www.arteliagroup.com\/fr\/eau\/"},{"@type":"ListItem","position":3,"name":"Irrigation"}]},{"@type":"WebSite","@id":"https:\/\/www.arteliagroup.com\/#website","url":"https:\/\/www.arteliagroup.com\/","name":"Artelia Group","description":"","publisher":{"@id":"https:\/\/www.arteliagroup.com\/#organization"},"potentialAction":[{"@type":"SearchAction","target":{"@type":"EntryPoint","urlTemplate":"https:\/\/www.arteliagroup.com\/?s={search_term_string}"},"query-input":{"@type":"PropertyValueSpecification","valueRequired":true,"valueName":"search_term_string"}}],"inLanguage":"fr-FR"},{"@type":"Organization","@id":"https:\/\/www.arteliagroup.com\/#organization","name":"Artelia Group","url":"https:\/\/www.arteliagroup.com\/","logo":{"@type":"ImageObject","inLanguage":"fr-FR","@id":"https:\/\/www.arteliagroup.com\/#\/schema\/logo\/image\/","url":"https:\/\/www.arteliagroup.com\/wp-content\/uploads\/2023\/04\/logo_ARTELIA_Couleur.png","contentUrl":"https:\/\/www.arteliagroup.com\/wp-content\/uploads\/2023\/04\/logo_ARTELIA_Couleur.png","width":303,"height":100,"caption":"Artelia Group"},"image":{"@id":"https:\/\/www.arteliagroup.com\/#\/schema\/logo\/image\/"}}]}},"_links":{"self":[{"href":"https:\/\/www.arteliagroup.com\/fr\/wp-json\/wp\/v2\/pages\/8163","targetHints":{"allow":["GET"]}}],"collection":[{"href":"https:\/\/www.arteliagroup.com\/fr\/wp-json\/wp\/v2\/pages"}],"about":[{"href":"https:\/\/www.arteliagroup.com\/fr\/wp-json\/wp\/v2\/types\/page"}],"author":[{"embeddable":true,"href":"https:\/\/www.arteliagroup.com\/fr\/wp-json\/wp\/v2\/users\/1"}],"replies":[{"embeddable":true,"href":"https:\/\/www.arteliagroup.com\/fr\/wp-json\/wp\/v2\/comments?post=8163"}],"version-history":[{"count":0,"href":"https:\/\/www.arteliagroup.com\/fr\/wp-json\/wp\/v2\/pages\/8163\/revisions"}],"up":[{"embeddable":true,"href":"https:\/\/www.arteliagroup.com\/fr\/wp-json\/wp\/v2\/pages\/8200"}],"wp:attachment":[{"href":"https:\/\/www.arteliagroup.com\/fr\/wp-json\/wp\/v2\/media?parent=8163"}],"curies":[{"name":"wp","href":"https:\/\/api.w.org\/{rel}","templated":true}]}}