{"id":8188,"date":"2023-10-10T14:12:58","date_gmt":"2023-10-10T12:12:58","guid":{"rendered":"https:\/\/www.arteliagroup.com\/eaux-industrielles\/"},"modified":"2023-12-18T11:30:40","modified_gmt":"2023-12-18T10:30:40","slug":"eaux-industrielles","status":"publish","type":"page","link":"https:\/\/www.arteliagroup.com\/fr\/eau\/eaux-industrielles\/","title":{"rendered":"Eaux industrielles"},"content":{"rendered":"\t\t<div data-elementor-type=\"wp-page\" data-elementor-id=\"8188\" class=\"elementor elementor-8188 elementor-5344\">\n\t\t\t\t\t\t<section class=\"elementor-section elementor-top-section elementor-element elementor-element-d2acb85 elementor-section-full_width elementor-section-height-min-height elementor-section-items-stretch elementor-section-content-middle elementor-reverse-mobile_extra elementor-reverse-mobile width-limit elementor-section-height-default\" data-id=\"d2acb85\" data-element_type=\"section\" data-e-type=\"section\">\n\t\t\t\t\t\t\t<div class=\"elementor-background-overlay\"><\/div>\n\t\t\t\t\t\t\t<div class=\"elementor-container elementor-column-gap-no\">\n\t\t\t\t\t<div class=\"elementor-column elementor-col-50 elementor-top-column elementor-element elementor-element-77869240 padleft0-full\" data-id=\"77869240\" data-element_type=\"column\" data-e-type=\"column\">\n\t\t\t<div class=\"elementor-widget-wrap elementor-element-populated\">\n\t\t\t\t\t\t<div class=\"elementor-element elementor-element-339d0943 elementor-widget elementor-widget-heading\" data-id=\"339d0943\" data-element_type=\"widget\" data-e-type=\"widget\" data-widget_type=\"heading.default\">\n\t\t\t\t<div class=\"elementor-widget-container\">\n\t\t\t\t\t<h1 class=\"elementor-heading-title elementor-size-default\">EAUX <\/br> INDUSTRIELLES<\/h1>\t\t\t\t<\/div>\n\t\t\t\t<\/div>\n\t\t\t\t<div class=\"elementor-element elementor-element-3fbc70 elementor-widget elementor-widget-text-editor\" data-id=\"3fbc70\" data-element_type=\"widget\" data-e-type=\"widget\" data-widget_type=\"text-editor.default\">\n\t\t\t\t<div class=\"elementor-widget-container\">\n\t\t\t\t\t\t\t\t\t<p>Artelia propose aux industriels des services sp\u00e9cifiques de gestion du cycle de l\u2019eau et des risques environnementaux associ\u00e9s.<\/p>\n\t\t\t\t\t\t\t\t<\/div>\n\t\t\t\t<\/div>\n\t\t\t\t<div class=\"elementor-element elementor-element-87308b8 elementor-widget elementor-widget-button\" data-id=\"87308b8\" data-element_type=\"widget\" data-e-type=\"widget\" data-widget_type=\"button.default\">\n\t\t\t\t<div class=\"elementor-widget-container\">\n\t\t\t\t\t\t\t\t\t<div class=\"elementor-button-wrapper\">\n\t\t\t\t\t<a class=\"elementor-button elementor-button-link elementor-size-sm\" href=\"https:\/\/www.arteliagroup.com\/fr\/contact\/\">\n\t\t\t\t\t\t<span class=\"elementor-button-content-wrapper\">\n\t\t\t\t\t\t\t\t\t<span class=\"elementor-button-text\">Contactez-nous<\/span>\n\t\t\t\t\t<\/span>\n\t\t\t\t\t<\/a>\n\t\t\t\t<\/div>\n\t\t\t\t\t\t\t\t<\/div>\n\t\t\t\t<\/div>\n\t\t\t\t\t<\/div>\n\t\t<\/div>\n\t\t\t\t<div class=\"elementor-column elementor-col-50 elementor-top-column elementor-element elementor-element-5a436347\" data-id=\"5a436347\" data-element_type=\"column\" data-e-type=\"column\" data-settings=\"{&quot;background_background&quot;:&quot;classic&quot;}\">\n\t\t\t<div class=\"elementor-widget-wrap elementor-element-populated\">\n\t\t\t\t\t<div class=\"elementor-background-overlay\"><\/div>\n\t\t\t\t\t\t<div class=\"elementor-element elementor-element-4e08343b elementor-widget elementor-widget-spacer\" data-id=\"4e08343b\" data-element_type=\"widget\" data-e-type=\"widget\" data-widget_type=\"spacer.default\">\n\t\t\t\t<div class=\"elementor-widget-container\">\n\t\t\t\t\t\t\t<div class=\"elementor-spacer\">\n\t\t\t<div class=\"elementor-spacer-inner\"><\/div>\n\t\t<\/div>\n\t\t\t\t\t\t<\/div>\n\t\t\t\t<\/div>\n\t\t\t\t\t<\/div>\n\t\t<\/div>\n\t\t\t\t\t<\/div>\n\t\t<\/section>\n\t\t\t\t<section class=\"elementor-section elementor-top-section elementor-element elementor-element-18e99509 elementor-section-boxed elementor-section-height-default elementor-section-height-default\" data-id=\"18e99509\" data-element_type=\"section\" data-e-type=\"section\">\n\t\t\t\t\t\t<div class=\"elementor-container elementor-column-gap-no\">\n\t\t\t\t\t<div class=\"elementor-column elementor-col-100 elementor-top-column elementor-element elementor-element-2cc74eed\" data-id=\"2cc74eed\" data-element_type=\"column\" data-e-type=\"column\">\n\t\t\t<div class=\"elementor-widget-wrap elementor-element-populated\">\n\t\t\t\t\t\t<div class=\"elementor-element elementor-element-76ececa0 elementor-widget elementor-widget-spacer\" data-id=\"76ececa0\" data-element_type=\"widget\" data-e-type=\"widget\" data-widget_type=\"spacer.default\">\n\t\t\t\t<div class=\"elementor-widget-container\">\n\t\t\t\t\t\t\t<div class=\"elementor-spacer\">\n\t\t\t<div class=\"elementor-spacer-inner\"><\/div>\n\t\t<\/div>\n\t\t\t\t\t\t<\/div>\n\t\t\t\t<\/div>\n\t\t\t\t\t<\/div>\n\t\t<\/div>\n\t\t\t\t\t<\/div>\n\t\t<\/section>\n\t\t\t\t<section class=\"elementor-section elementor-top-section elementor-element elementor-element-15658913 elementor-section-boxed elementor-section-height-default elementor-section-height-default\" data-id=\"15658913\" data-element_type=\"section\" data-e-type=\"section\">\n\t\t\t\t\t\t<div class=\"elementor-container elementor-column-gap-no\">\n\t\t\t\t\t<div class=\"elementor-column elementor-col-100 elementor-top-column elementor-element elementor-element-1657ae43\" data-id=\"1657ae43\" data-element_type=\"column\" data-e-type=\"column\">\n\t\t\t<div class=\"elementor-widget-wrap elementor-element-populated\">\n\t\t\t\t\t\t<div class=\"elementor-element elementor-element-5c8b21d2 elementor-widget elementor-widget-heading\" data-id=\"5c8b21d2\" data-element_type=\"widget\" data-e-type=\"widget\" data-widget_type=\"heading.default\">\n\t\t\t\t<div class=\"elementor-widget-container\">\n\t\t\t\t\t<h2 class=\"elementor-heading-title elementor-size-default\">NOTRE ACCOMPAGNEMENT<\/h2>\t\t\t\t<\/div>\n\t\t\t\t<\/div>\n\t\t\t\t<div class=\"elementor-element elementor-element-643fb90c elementor-widget elementor-widget-text-editor\" data-id=\"643fb90c\" data-element_type=\"widget\" data-e-type=\"widget\" data-widget_type=\"text-editor.default\">\n\t\t\t\t<div class=\"elementor-widget-container\">\n\t\t\t\t\t\t\t\t\t<p>Beaucoup d\u2019activit\u00e9s industrielles requi\u00e8rent l\u2019utilisation de volumes d\u2019eau importants et n\u00e9cessitent des actions sp\u00e9cifiques pour la protection des ressources, leur retraitement et leur restitution \u00e0 l\u2019environnement naturel. Artelia intervient \u00e0 ces diff\u00e9rents niveaux.<\/p>\n<p>Artelia con\u00e7oit des installations de captage sur nappe phr\u00e9atique et des ouvrages de prise et de rejet d\u2019eau, en mer et en rivi\u00e8res, pour des centrales thermiques et nucl\u00e9aires, des usines de dessalement et divers complexes industriels (chimiques, p\u00e9trochimiques, miniers, agroalimentaires, sid\u00e9rurgiques et m\u00e9tallurgiques\u2026). Le Groupe a r\u00e9alis\u00e9 diff\u00e9rentes \u00e9tudes pour assurer le dimensionnement et le fonctionnement optimaux des \u00e9missaires en mer et en rivi\u00e8re (protection contre le gel, dispersion et dilution des effluents sans compromettre la qualit\u00e9 des milieux\u2026). Il dispose d\u2019outils de mod\u00e9lisation 3D performants qui permettent d\u2019\u00e9viter les risques de recirculation thermique et saline.<\/p>\n<p>Artelia \u00e9tudie, r\u00e9alise et pilote la maintenance de puits et d\u2019ouvrages de captage d\u2019eau souterraine tout en accompagnant ses clients dans la gestion des contraintes techniques et r\u00e8glementaires li\u00e9es \u00e0 la protection des nappes phr\u00e9atiques des risques industriels. Le Groupe a d\u2019ailleurs d\u00e9velopp\u00e9 un proc\u00e9d\u00e9 de confinement (HydrauFaraday\u00ae).<\/p>\n\t\t\t\t\t\t\t\t<\/div>\n\t\t\t\t<\/div>\n\t\t\t\t\t<\/div>\n\t\t<\/div>\n\t\t\t\t\t<\/div>\n\t\t<\/section>\n\t\t\t\t<section class=\"elementor-section elementor-top-section elementor-element elementor-element-c73d497 elementor-section-boxed elementor-section-height-default elementor-section-height-default\" data-id=\"c73d497\" data-element_type=\"section\" data-e-type=\"section\">\n\t\t\t\t\t\t<div class=\"elementor-container elementor-column-gap-no\">\n\t\t\t\t\t<div class=\"elementor-column elementor-col-100 elementor-top-column elementor-element elementor-element-0e0aaac\" data-id=\"0e0aaac\" data-element_type=\"column\" data-e-type=\"column\">\n\t\t\t<div class=\"elementor-widget-wrap elementor-element-populated\">\n\t\t\t\t\t\t<div class=\"elementor-element elementor-element-ab46e6a elementor-widget elementor-widget-spacer\" data-id=\"ab46e6a\" data-element_type=\"widget\" data-e-type=\"widget\" data-widget_type=\"spacer.default\">\n\t\t\t\t<div class=\"elementor-widget-container\">\n\t\t\t\t\t\t\t<div class=\"elementor-spacer\">\n\t\t\t<div class=\"elementor-spacer-inner\"><\/div>\n\t\t<\/div>\n\t\t\t\t\t\t<\/div>\n\t\t\t\t<\/div>\n\t\t\t\t\t<\/div>\n\t\t<\/div>\n\t\t\t\t\t<\/div>\n\t\t<\/section>\n\t\t\t\t<section class=\"elementor-section elementor-top-section elementor-element elementor-element-7595033a elementor-section-boxed elementor-section-height-default elementor-section-height-default\" data-id=\"7595033a\" data-element_type=\"section\" data-e-type=\"section\">\n\t\t\t\t\t\t<div class=\"elementor-container elementor-column-gap-no\">\n\t\t\t\t\t<div class=\"elementor-column elementor-col-100 elementor-top-column elementor-element elementor-element-2a81e7b9\" data-id=\"2a81e7b9\" data-element_type=\"column\" data-e-type=\"column\">\n\t\t\t<div class=\"elementor-widget-wrap elementor-element-populated\">\n\t\t\t\t\t\t<div class=\"elementor-element elementor-element-2f17ec22 elementor-widget elementor-widget-heading\" data-id=\"2f17ec22\" data-element_type=\"widget\" data-e-type=\"widget\" data-widget_type=\"heading.default\">\n\t\t\t\t<div class=\"elementor-widget-container\">\n\t\t\t\t\t<h2 class=\"elementor-heading-title elementor-size-default\">PROJETS EMBL\u00c9MATIQUES<\/h2>\t\t\t\t<\/div>\n\t\t\t\t<\/div>\n\t\t\t\t<div class=\"elementor-element elementor-element-1ff7f7fb elementor-widget elementor-widget-elementskit-IabdCPTGrid\" data-id=\"1ff7f7fb\" data-element_type=\"widget\" data-e-type=\"widget\" data-widget_type=\"elementskit-IabdCPTGrid.default\">\n\t\t\t\t<div class=\"elementor-widget-container\">\n\t\t\t\t\t<div class=\"ibway_iabd_cpt_grid\"><div id=\"post-items--1ff7f7fb\" class=\"row post-items\" data-col=\"col3\">\n        <div class=\"post-item\">\n        <div class=\"post-item__photo\" style=\"background-image: url('https:\/\/www.arteliagroup.com\/wp-content\/uploads\/2023\/12\/France_F13_Fos-Cavaou_Solution_ecoresponsable_traitement_Eau_PHOTO-1024x768.jpg')\">\n            <div class=\"picto\"><img decoding=\"async\" src=\"https:\/\/www.arteliagroup.com\/wp-content\/uploads\/2023\/04\/Picto_Water.svg\" \/><\/div>\n        <\/div>\n        <div class=\"post-item__info\">\n            <div class=\"post-item__info-meta\">\n                <div class=\"challenge\">Mieux vivre en ville<\/div>\n                <div class=\"country\">France<\/div>\n            <\/div>\n                        <div class=\"post-item__info-title\">\n                <h3>\n                    Solution \u00e9coresponsable de traitement d\u2019eau pour Fos Cavaou                <\/h3>\n            <\/div>\n            \n                        <div class=\"post-item__info-des\">\n                R\u00e9duire l\u2019impact environnemental du terminal m\u00e9thanier de Fos Cavaou gr\u00e2ce \u00e0 un proc\u00e9d\u00e9 biosourc\u00e9 et biod\u00e9gradable de traitement de l\u2019eau...            <\/div>\n            \n                        <div class=\"post-item__info-cta\" align=\"center\">\n                <a href=\"https:\/\/www.arteliagroup.com\/fr\/project\/eco-friendly-water-treatment-solution-for-the-fos-cavaou-lng-carrier-terminal\/\">EN SAVOIR +<\/a>\n            <\/div>\n            \n        <\/div>\n    <\/div>\n    <\/div><\/div>\t\t\t\t<\/div>\n\t\t\t\t<\/div>\n\t\t\t\t\t<\/div>\n\t\t<\/div>\n\t\t\t\t\t<\/div>\n\t\t<\/section>\n\t\t\t\t<section class=\"elementor-section elementor-top-section elementor-element elementor-element-0b90147 elementor-section-boxed elementor-section-height-default elementor-section-height-default\" data-id=\"0b90147\" data-element_type=\"section\" data-e-type=\"section\">\n\t\t\t\t\t\t<div class=\"elementor-container elementor-column-gap-default\">\n\t\t\t\t\t<div class=\"elementor-column elementor-col-100 elementor-top-column elementor-element elementor-element-bd6b92f\" data-id=\"bd6b92f\" data-element_type=\"column\" data-e-type=\"column\">\n\t\t\t<div class=\"elementor-widget-wrap elementor-element-populated\">\n\t\t\t\t\t\t<div class=\"elementor-element elementor-element-28f6e09 elementor-widget elementor-widget-spacer\" data-id=\"28f6e09\" data-element_type=\"widget\" data-e-type=\"widget\" data-widget_type=\"spacer.default\">\n\t\t\t\t<div class=\"elementor-widget-container\">\n\t\t\t\t\t\t\t<div class=\"elementor-spacer\">\n\t\t\t<div class=\"elementor-spacer-inner\"><\/div>\n\t\t<\/div>\n\t\t\t\t\t\t<\/div>\n\t\t\t\t<\/div>\n\t\t\t\t\t<\/div>\n\t\t<\/div>\n\t\t\t\t\t<\/div>\n\t\t<\/section>\n\t\t\t\t<\/div>\n\t\t","protected":false},"excerpt":{"rendered":"<p>EAUX INDUSTRIELLES Artelia propose aux industriels des services sp\u00e9cifiques de gestion du cycle de l\u2019eau et des risques environnementaux associ\u00e9s. Contactez-nous NOTRE ACCOMPAGNEMENT Beaucoup d\u2019activit\u00e9s industrielles requi\u00e8rent l\u2019utilisation de volumes d\u2019eau importants et n\u00e9cessitent des actions sp\u00e9cifiques pour la protection des ressources, leur retraitement et leur restitution \u00e0 l\u2019environnement naturel. Artelia intervient \u00e0 ces diff\u00e9rents [&hellip;]<\/p>\n","protected":false},"author":1,"featured_media":0,"parent":8200,"menu_order":6,"comment_status":"closed","ping_status":"closed","template":"","meta":{"_acf_changed":false,"inline_featured_image":false,"footnotes":""},"class_list":["post-8188","page","type-page","status-publish","hentry"],"acf":[],"yoast_head":"<!-- This site is optimized with the Yoast SEO plugin v27.4 - https:\/\/yoast.com\/product\/yoast-seo-wordpress\/ -->\n<title>Eaux industrielles - Artelia Group<\/title>\n<meta name=\"robots\" content=\"index, follow, max-snippet:-1, max-image-preview:large, max-video-preview:-1\" \/>\n<link rel=\"canonical\" href=\"https:\/\/www.arteliagroup.com\/fr\/eau\/eaux-industrielles\/\" \/>\n<meta property=\"og:locale\" content=\"fr_FR\" \/>\n<meta property=\"og:type\" content=\"article\" \/>\n<meta property=\"og:title\" content=\"Eaux industrielles - Artelia Group\" \/>\n<meta property=\"og:description\" content=\"EAUX INDUSTRIELLES Artelia propose aux industriels des services sp\u00e9cifiques de gestion du cycle de l\u2019eau et des risques environnementaux associ\u00e9s. Contactez-nous NOTRE ACCOMPAGNEMENT Beaucoup d\u2019activit\u00e9s industrielles requi\u00e8rent l\u2019utilisation de volumes d\u2019eau importants et n\u00e9cessitent des actions sp\u00e9cifiques pour la protection des ressources, leur retraitement et leur restitution \u00e0 l\u2019environnement naturel. Artelia intervient \u00e0 ces diff\u00e9rents [&hellip;]\" \/>\n<meta property=\"og:url\" content=\"https:\/\/www.arteliagroup.com\/fr\/eau\/eaux-industrielles\/\" \/>\n<meta property=\"og:site_name\" content=\"Artelia Group\" \/>\n<meta property=\"article:modified_time\" content=\"2023-12-18T10:30:40+00:00\" \/>\n<meta property=\"og:image\" content=\"https:\/\/www.arteliagroup.com\/wp-content\/uploads\/2023\/04\/Picto_Water.svg\" \/>\n<meta name=\"twitter:card\" content=\"summary_large_image\" \/>\n<meta name=\"twitter:label1\" content=\"Dur\u00e9e de lecture estim\u00e9e\" \/>\n\t<meta name=\"twitter:data1\" content=\"1 minute\" \/>\n<script type=\"application\/ld+json\" class=\"yoast-schema-graph\">{\"@context\":\"https:\\\/\\\/schema.org\",\"@graph\":[{\"@type\":\"WebPage\",\"@id\":\"https:\\\/\\\/www.arteliagroup.com\\\/fr\\\/eau\\\/eaux-industrielles\\\/\",\"url\":\"https:\\\/\\\/www.arteliagroup.com\\\/fr\\\/eau\\\/eaux-industrielles\\\/\",\"name\":\"Eaux industrielles - Artelia Group\",\"isPartOf\":{\"@id\":\"https:\\\/\\\/www.arteliagroup.com\\\/#website\"},\"primaryImageOfPage\":{\"@id\":\"https:\\\/\\\/www.arteliagroup.com\\\/fr\\\/eau\\\/eaux-industrielles\\\/#primaryimage\"},\"image\":{\"@id\":\"https:\\\/\\\/www.arteliagroup.com\\\/fr\\\/eau\\\/eaux-industrielles\\\/#primaryimage\"},\"thumbnailUrl\":\"https:\\\/\\\/www.arteliagroup.com\\\/wp-content\\\/uploads\\\/2023\\\/04\\\/Picto_Water.svg\",\"datePublished\":\"2023-10-10T12:12:58+00:00\",\"dateModified\":\"2023-12-18T10:30:40+00:00\",\"breadcrumb\":{\"@id\":\"https:\\\/\\\/www.arteliagroup.com\\\/fr\\\/eau\\\/eaux-industrielles\\\/#breadcrumb\"},\"inLanguage\":\"fr-FR\",\"potentialAction\":[{\"@type\":\"ReadAction\",\"target\":[\"https:\\\/\\\/www.arteliagroup.com\\\/fr\\\/eau\\\/eaux-industrielles\\\/\"]}]},{\"@type\":\"ImageObject\",\"inLanguage\":\"fr-FR\",\"@id\":\"https:\\\/\\\/www.arteliagroup.com\\\/fr\\\/eau\\\/eaux-industrielles\\\/#primaryimage\",\"url\":\"https:\\\/\\\/www.arteliagroup.com\\\/wp-content\\\/uploads\\\/2023\\\/04\\\/Picto_Water.svg\",\"contentUrl\":\"https:\\\/\\\/www.arteliagroup.com\\\/wp-content\\\/uploads\\\/2023\\\/04\\\/Picto_Water.svg\"},{\"@type\":\"BreadcrumbList\",\"@id\":\"https:\\\/\\\/www.arteliagroup.com\\\/fr\\\/eau\\\/eaux-industrielles\\\/#breadcrumb\",\"itemListElement\":[{\"@type\":\"ListItem\",\"position\":1,\"name\":\"Home\",\"item\":\"https:\\\/\\\/www.arteliagroup.com\\\/fr\\\/\"},{\"@type\":\"ListItem\",\"position\":2,\"name\":\"Eau\",\"item\":\"https:\\\/\\\/www.arteliagroup.com\\\/fr\\\/eau\\\/\"},{\"@type\":\"ListItem\",\"position\":3,\"name\":\"Eaux industrielles\"}]},{\"@type\":\"WebSite\",\"@id\":\"https:\\\/\\\/www.arteliagroup.com\\\/#website\",\"url\":\"https:\\\/\\\/www.arteliagroup.com\\\/\",\"name\":\"Artelia Group\",\"description\":\"\",\"publisher\":{\"@id\":\"https:\\\/\\\/www.arteliagroup.com\\\/#organization\"},\"potentialAction\":[{\"@type\":\"SearchAction\",\"target\":{\"@type\":\"EntryPoint\",\"urlTemplate\":\"https:\\\/\\\/www.arteliagroup.com\\\/?s={search_term_string}\"},\"query-input\":{\"@type\":\"PropertyValueSpecification\",\"valueRequired\":true,\"valueName\":\"search_term_string\"}}],\"inLanguage\":\"fr-FR\"},{\"@type\":\"Organization\",\"@id\":\"https:\\\/\\\/www.arteliagroup.com\\\/#organization\",\"name\":\"Artelia Group\",\"url\":\"https:\\\/\\\/www.arteliagroup.com\\\/\",\"logo\":{\"@type\":\"ImageObject\",\"inLanguage\":\"fr-FR\",\"@id\":\"https:\\\/\\\/www.arteliagroup.com\\\/#\\\/schema\\\/logo\\\/image\\\/\",\"url\":\"https:\\\/\\\/www.arteliagroup.com\\\/wp-content\\\/uploads\\\/2023\\\/04\\\/logo_ARTELIA_Couleur.png\",\"contentUrl\":\"https:\\\/\\\/www.arteliagroup.com\\\/wp-content\\\/uploads\\\/2023\\\/04\\\/logo_ARTELIA_Couleur.png\",\"width\":303,\"height\":100,\"caption\":\"Artelia Group\"},\"image\":{\"@id\":\"https:\\\/\\\/www.arteliagroup.com\\\/#\\\/schema\\\/logo\\\/image\\\/\"}}]}<\/script>\n<!-- \/ Yoast SEO plugin. -->","yoast_head_json":{"title":"Eaux industrielles - Artelia Group","robots":{"index":"index","follow":"follow","max-snippet":"max-snippet:-1","max-image-preview":"max-image-preview:large","max-video-preview":"max-video-preview:-1"},"canonical":"https:\/\/www.arteliagroup.com\/fr\/eau\/eaux-industrielles\/","og_locale":"fr_FR","og_type":"article","og_title":"Eaux industrielles - Artelia Group","og_description":"EAUX INDUSTRIELLES Artelia propose aux industriels des services sp\u00e9cifiques de gestion du cycle de l\u2019eau et des risques environnementaux associ\u00e9s. Contactez-nous NOTRE ACCOMPAGNEMENT Beaucoup d\u2019activit\u00e9s industrielles requi\u00e8rent l\u2019utilisation de volumes d\u2019eau importants et n\u00e9cessitent des actions sp\u00e9cifiques pour la protection des ressources, leur retraitement et leur restitution \u00e0 l\u2019environnement naturel. Artelia intervient \u00e0 ces diff\u00e9rents [&hellip;]","og_url":"https:\/\/www.arteliagroup.com\/fr\/eau\/eaux-industrielles\/","og_site_name":"Artelia Group","article_modified_time":"2023-12-18T10:30:40+00:00","og_image":[{"url":"https:\/\/www.arteliagroup.com\/wp-content\/uploads\/2023\/04\/Picto_Water.svg","type":"","width":"","height":""}],"twitter_card":"summary_large_image","twitter_misc":{"Dur\u00e9e de lecture estim\u00e9e":"1 minute"},"schema":{"@context":"https:\/\/schema.org","@graph":[{"@type":"WebPage","@id":"https:\/\/www.arteliagroup.com\/fr\/eau\/eaux-industrielles\/","url":"https:\/\/www.arteliagroup.com\/fr\/eau\/eaux-industrielles\/","name":"Eaux industrielles - Artelia Group","isPartOf":{"@id":"https:\/\/www.arteliagroup.com\/#website"},"primaryImageOfPage":{"@id":"https:\/\/www.arteliagroup.com\/fr\/eau\/eaux-industrielles\/#primaryimage"},"image":{"@id":"https:\/\/www.arteliagroup.com\/fr\/eau\/eaux-industrielles\/#primaryimage"},"thumbnailUrl":"https:\/\/www.arteliagroup.com\/wp-content\/uploads\/2023\/04\/Picto_Water.svg","datePublished":"2023-10-10T12:12:58+00:00","dateModified":"2023-12-18T10:30:40+00:00","breadcrumb":{"@id":"https:\/\/www.arteliagroup.com\/fr\/eau\/eaux-industrielles\/#breadcrumb"},"inLanguage":"fr-FR","potentialAction":[{"@type":"ReadAction","target":["https:\/\/www.arteliagroup.com\/fr\/eau\/eaux-industrielles\/"]}]},{"@type":"ImageObject","inLanguage":"fr-FR","@id":"https:\/\/www.arteliagroup.com\/fr\/eau\/eaux-industrielles\/#primaryimage","url":"https:\/\/www.arteliagroup.com\/wp-content\/uploads\/2023\/04\/Picto_Water.svg","contentUrl":"https:\/\/www.arteliagroup.com\/wp-content\/uploads\/2023\/04\/Picto_Water.svg"},{"@type":"BreadcrumbList","@id":"https:\/\/www.arteliagroup.com\/fr\/eau\/eaux-industrielles\/#breadcrumb","itemListElement":[{"@type":"ListItem","position":1,"name":"Home","item":"https:\/\/www.arteliagroup.com\/fr\/"},{"@type":"ListItem","position":2,"name":"Eau","item":"https:\/\/www.arteliagroup.com\/fr\/eau\/"},{"@type":"ListItem","position":3,"name":"Eaux industrielles"}]},{"@type":"WebSite","@id":"https:\/\/www.arteliagroup.com\/#website","url":"https:\/\/www.arteliagroup.com\/","name":"Artelia Group","description":"","publisher":{"@id":"https:\/\/www.arteliagroup.com\/#organization"},"potentialAction":[{"@type":"SearchAction","target":{"@type":"EntryPoint","urlTemplate":"https:\/\/www.arteliagroup.com\/?s={search_term_string}"},"query-input":{"@type":"PropertyValueSpecification","valueRequired":true,"valueName":"search_term_string"}}],"inLanguage":"fr-FR"},{"@type":"Organization","@id":"https:\/\/www.arteliagroup.com\/#organization","name":"Artelia Group","url":"https:\/\/www.arteliagroup.com\/","logo":{"@type":"ImageObject","inLanguage":"fr-FR","@id":"https:\/\/www.arteliagroup.com\/#\/schema\/logo\/image\/","url":"https:\/\/www.arteliagroup.com\/wp-content\/uploads\/2023\/04\/logo_ARTELIA_Couleur.png","contentUrl":"https:\/\/www.arteliagroup.com\/wp-content\/uploads\/2023\/04\/logo_ARTELIA_Couleur.png","width":303,"height":100,"caption":"Artelia Group"},"image":{"@id":"https:\/\/www.arteliagroup.com\/#\/schema\/logo\/image\/"}}]}},"_links":{"self":[{"href":"https:\/\/www.arteliagroup.com\/fr\/wp-json\/wp\/v2\/pages\/8188","targetHints":{"allow":["GET"]}}],"collection":[{"href":"https:\/\/www.arteliagroup.com\/fr\/wp-json\/wp\/v2\/pages"}],"about":[{"href":"https:\/\/www.arteliagroup.com\/fr\/wp-json\/wp\/v2\/types\/page"}],"author":[{"embeddable":true,"href":"https:\/\/www.arteliagroup.com\/fr\/wp-json\/wp\/v2\/users\/1"}],"replies":[{"embeddable":true,"href":"https:\/\/www.arteliagroup.com\/fr\/wp-json\/wp\/v2\/comments?post=8188"}],"version-history":[{"count":0,"href":"https:\/\/www.arteliagroup.com\/fr\/wp-json\/wp\/v2\/pages\/8188\/revisions"}],"up":[{"embeddable":true,"href":"https:\/\/www.arteliagroup.com\/fr\/wp-json\/wp\/v2\/pages\/8200"}],"wp:attachment":[{"href":"https:\/\/www.arteliagroup.com\/fr\/wp-json\/wp\/v2\/media?parent=8188"}],"curies":[{"name":"wp","href":"https:\/\/api.w.org\/{rel}","templated":true}]}}