{"id":8190,"date":"2023-10-10T14:15:49","date_gmt":"2023-10-10T12:15:49","guid":{"rendered":"https:\/\/www.arteliagroup.com\/protection-et-amenagement-du-littoral\/"},"modified":"2023-12-18T11:32:20","modified_gmt":"2023-12-18T10:32:20","slug":"protection-et-amenagement-du-littoral","status":"publish","type":"page","link":"https:\/\/www.arteliagroup.com\/fr\/eau\/protection-et-amenagement-du-littoral\/","title":{"rendered":"Protection et am\u00e9nagement du littoral"},"content":{"rendered":"\t\t<div data-elementor-type=\"wp-page\" data-elementor-id=\"8190\" class=\"elementor elementor-8190 elementor-5349\">\n\t\t\t\t\t\t<section class=\"elementor-section elementor-top-section elementor-element elementor-element-d2acb85 elementor-section-full_width elementor-section-height-min-height elementor-section-items-stretch elementor-section-content-middle elementor-reverse-mobile_extra elementor-reverse-mobile width-limit elementor-section-height-default\" data-id=\"d2acb85\" data-element_type=\"section\" data-e-type=\"section\">\n\t\t\t\t\t\t\t<div class=\"elementor-background-overlay\"><\/div>\n\t\t\t\t\t\t\t<div class=\"elementor-container elementor-column-gap-no\">\n\t\t\t\t\t<div class=\"elementor-column elementor-col-50 elementor-top-column elementor-element elementor-element-77869240 padleft0-full\" data-id=\"77869240\" data-element_type=\"column\" data-e-type=\"column\">\n\t\t\t<div class=\"elementor-widget-wrap elementor-element-populated\">\n\t\t\t\t\t\t<div class=\"elementor-element elementor-element-339d0943 elementor-widget elementor-widget-heading\" data-id=\"339d0943\" data-element_type=\"widget\" data-e-type=\"widget\" data-widget_type=\"heading.default\">\n\t\t\t\t<div class=\"elementor-widget-container\">\n\t\t\t\t\t<h1 class=\"elementor-heading-title elementor-size-default\">PROTECTION ET <\/br>AM\u00c9NAGEMENT DU LITTORAL<\/h1>\t\t\t\t<\/div>\n\t\t\t\t<\/div>\n\t\t\t\t<div class=\"elementor-element elementor-element-3fbc70 elementor-widget elementor-widget-text-editor\" data-id=\"3fbc70\" data-element_type=\"widget\" data-e-type=\"widget\" data-widget_type=\"text-editor.default\">\n\t\t\t\t<div class=\"elementor-widget-container\">\n\t\t\t\t\t\t\t\t\t<p>Artelia agit pour la pr\u00e9servation du trait de c\u00f4te et l\u2019adaptation des espaces littoraux \u00e0 l\u2019\u00e9l\u00e9vation du niveau de l\u2019oc\u00e9an.<\/p>\n\t\t\t\t\t\t\t\t<\/div>\n\t\t\t\t<\/div>\n\t\t\t\t<div class=\"elementor-element elementor-element-87308b8 elementor-widget elementor-widget-button\" data-id=\"87308b8\" data-element_type=\"widget\" data-e-type=\"widget\" data-widget_type=\"button.default\">\n\t\t\t\t<div class=\"elementor-widget-container\">\n\t\t\t\t\t\t\t\t\t<div class=\"elementor-button-wrapper\">\n\t\t\t\t\t<a class=\"elementor-button elementor-button-link elementor-size-sm\" href=\"https:\/\/www.arteliagroup.com\/fr\/contact\/\">\n\t\t\t\t\t\t<span class=\"elementor-button-content-wrapper\">\n\t\t\t\t\t\t\t\t\t<span class=\"elementor-button-text\">Contactez-nous<\/span>\n\t\t\t\t\t<\/span>\n\t\t\t\t\t<\/a>\n\t\t\t\t<\/div>\n\t\t\t\t\t\t\t\t<\/div>\n\t\t\t\t<\/div>\n\t\t\t\t\t<\/div>\n\t\t<\/div>\n\t\t\t\t<div class=\"elementor-column elementor-col-50 elementor-top-column elementor-element elementor-element-5a436347\" data-id=\"5a436347\" data-element_type=\"column\" data-e-type=\"column\" data-settings=\"{&quot;background_background&quot;:&quot;classic&quot;}\">\n\t\t\t<div class=\"elementor-widget-wrap elementor-element-populated\">\n\t\t\t\t\t<div class=\"elementor-background-overlay\"><\/div>\n\t\t\t\t\t\t<div class=\"elementor-element elementor-element-4e08343b elementor-widget elementor-widget-spacer\" data-id=\"4e08343b\" data-element_type=\"widget\" data-e-type=\"widget\" data-widget_type=\"spacer.default\">\n\t\t\t\t<div class=\"elementor-widget-container\">\n\t\t\t\t\t\t\t<div class=\"elementor-spacer\">\n\t\t\t<div class=\"elementor-spacer-inner\"><\/div>\n\t\t<\/div>\n\t\t\t\t\t\t<\/div>\n\t\t\t\t<\/div>\n\t\t\t\t\t<\/div>\n\t\t<\/div>\n\t\t\t\t\t<\/div>\n\t\t<\/section>\n\t\t\t\t<section class=\"elementor-section elementor-top-section elementor-element elementor-element-18e99509 elementor-section-boxed elementor-section-height-default elementor-section-height-default\" data-id=\"18e99509\" data-element_type=\"section\" data-e-type=\"section\">\n\t\t\t\t\t\t<div class=\"elementor-container elementor-column-gap-no\">\n\t\t\t\t\t<div class=\"elementor-column elementor-col-100 elementor-top-column elementor-element elementor-element-2cc74eed\" data-id=\"2cc74eed\" data-element_type=\"column\" data-e-type=\"column\">\n\t\t\t<div class=\"elementor-widget-wrap elementor-element-populated\">\n\t\t\t\t\t\t<div class=\"elementor-element elementor-element-76ececa0 elementor-widget elementor-widget-spacer\" data-id=\"76ececa0\" data-element_type=\"widget\" data-e-type=\"widget\" data-widget_type=\"spacer.default\">\n\t\t\t\t<div class=\"elementor-widget-container\">\n\t\t\t\t\t\t\t<div class=\"elementor-spacer\">\n\t\t\t<div class=\"elementor-spacer-inner\"><\/div>\n\t\t<\/div>\n\t\t\t\t\t\t<\/div>\n\t\t\t\t<\/div>\n\t\t\t\t\t<\/div>\n\t\t<\/div>\n\t\t\t\t\t<\/div>\n\t\t<\/section>\n\t\t\t\t<section class=\"elementor-section elementor-top-section elementor-element elementor-element-15658913 elementor-section-boxed elementor-section-height-default elementor-section-height-default\" data-id=\"15658913\" data-element_type=\"section\" data-e-type=\"section\">\n\t\t\t\t\t\t<div class=\"elementor-container elementor-column-gap-no\">\n\t\t\t\t\t<div class=\"elementor-column elementor-col-100 elementor-top-column elementor-element elementor-element-1657ae43\" data-id=\"1657ae43\" data-element_type=\"column\" data-e-type=\"column\">\n\t\t\t<div class=\"elementor-widget-wrap elementor-element-populated\">\n\t\t\t\t\t\t<div class=\"elementor-element elementor-element-5c8b21d2 elementor-widget elementor-widget-heading\" data-id=\"5c8b21d2\" data-element_type=\"widget\" data-e-type=\"widget\" data-widget_type=\"heading.default\">\n\t\t\t\t<div class=\"elementor-widget-container\">\n\t\t\t\t\t<h2 class=\"elementor-heading-title elementor-size-default\">NOTRE ACCOMPAGNEMENT<\/h2>\t\t\t\t<\/div>\n\t\t\t\t<\/div>\n\t\t\t\t<div class=\"elementor-element elementor-element-643fb90c elementor-widget elementor-widget-text-editor\" data-id=\"643fb90c\" data-element_type=\"widget\" data-e-type=\"widget\" data-widget_type=\"text-editor.default\">\n\t\t\t\t<div class=\"elementor-widget-container\">\n\t\t\t\t\t\t\t\t\t<p>Expert des probl\u00e9matiques d\u2019\u00e9rosion littorale, Artelia \u00e9tudie et met en \u0153uvre des projets de gestion durable du trait de c\u00f4te dans diff\u00e9rents pays, en int\u00e9grant les \u00e9volutions et projections inh\u00e9rentes au changement climatique et \u00e0 l\u2019\u00e9l\u00e9vation du niveau des l\u2019oc\u00e9ans. Le Groupe r\u00e9alise les \u00e9tudes r\u00e8glementaires de projets littoraux et estuariens (\u00e9tudes d\u2019impact, loi sur l\u2019eau, Natura 2000 en France) et participe \u00e0 l\u2019\u00e9laboration de plans de pr\u00e9vention des risques c\u00f4tiers (\u00e9rosion, submersion).<\/p>\n<p>La restauration des estuaires et des zones humides est une autre des sp\u00e9cialit\u00e9s d\u2019Artelia qui mobilise ses comp\u00e9tences en hydrodynamique et en s\u00e9dimentologie, son exp\u00e9rience des vasi\u00e8res, ses outils de mod\u00e9lisation math\u00e9matique et physique, pour \u00e9tudier et mettre en \u0153uvre des techniques tr\u00e8s avanc\u00e9es de restauration et de maintien durable des \u00e9cosyst\u00e8mes littoraux.<\/p>\n<p>Artelia s\u2019appuie \u00e9galement sur un laboratoire d\u2019hydraulique h\u00e9ritier d\u2019un savoir-faire s\u00e9culaire. Ses canaux \u00e0 houle et ses bassins de diverses dimensions, \u00e9quip\u00e9s de syst\u00e8mes de pilotage et de mesure sophistiqu\u00e9s, permettent d\u2019\u00e9tudier la dynamique hydros\u00e9dimentaire du littoral, des baies et des estuaires (mod\u00e8les \u00e0 fonds mobiles), la stabilit\u00e9 des ouvrages maritimes de protection, et les interactions dynamiques fluide-structures.<\/p>\n\t\t\t\t\t\t\t\t<\/div>\n\t\t\t\t<\/div>\n\t\t\t\t\t<\/div>\n\t\t<\/div>\n\t\t\t\t\t<\/div>\n\t\t<\/section>\n\t\t\t\t<section class=\"elementor-section elementor-top-section elementor-element elementor-element-c73d497 elementor-section-boxed elementor-section-height-default elementor-section-height-default\" data-id=\"c73d497\" data-element_type=\"section\" data-e-type=\"section\">\n\t\t\t\t\t\t<div class=\"elementor-container elementor-column-gap-no\">\n\t\t\t\t\t<div class=\"elementor-column elementor-col-100 elementor-top-column elementor-element elementor-element-0e0aaac\" data-id=\"0e0aaac\" data-element_type=\"column\" data-e-type=\"column\">\n\t\t\t<div class=\"elementor-widget-wrap elementor-element-populated\">\n\t\t\t\t\t\t<div class=\"elementor-element elementor-element-ab46e6a elementor-widget elementor-widget-spacer\" data-id=\"ab46e6a\" data-element_type=\"widget\" data-e-type=\"widget\" data-widget_type=\"spacer.default\">\n\t\t\t\t<div class=\"elementor-widget-container\">\n\t\t\t\t\t\t\t<div class=\"elementor-spacer\">\n\t\t\t<div class=\"elementor-spacer-inner\"><\/div>\n\t\t<\/div>\n\t\t\t\t\t\t<\/div>\n\t\t\t\t<\/div>\n\t\t\t\t\t<\/div>\n\t\t<\/div>\n\t\t\t\t\t<\/div>\n\t\t<\/section>\n\t\t\t\t<section class=\"elementor-section elementor-top-section elementor-element elementor-element-7595033a elementor-section-boxed elementor-section-height-default elementor-section-height-default\" data-id=\"7595033a\" data-element_type=\"section\" data-e-type=\"section\">\n\t\t\t\t\t\t<div class=\"elementor-container elementor-column-gap-no\">\n\t\t\t\t\t<div class=\"elementor-column elementor-col-100 elementor-top-column elementor-element elementor-element-2a81e7b9\" data-id=\"2a81e7b9\" data-element_type=\"column\" data-e-type=\"column\">\n\t\t\t<div class=\"elementor-widget-wrap elementor-element-populated\">\n\t\t\t\t\t\t<div class=\"elementor-element elementor-element-2f17ec22 elementor-widget elementor-widget-heading\" data-id=\"2f17ec22\" data-element_type=\"widget\" data-e-type=\"widget\" data-widget_type=\"heading.default\">\n\t\t\t\t<div class=\"elementor-widget-container\">\n\t\t\t\t\t<h2 class=\"elementor-heading-title elementor-size-default\">PROJETS EMBL\u00c9MATIQUES<\/h2>\t\t\t\t<\/div>\n\t\t\t\t<\/div>\n\t\t\t\t<div class=\"elementor-element elementor-element-1ff7f7fb elementor-widget elementor-widget-elementskit-IabdCPTGrid\" data-id=\"1ff7f7fb\" data-element_type=\"widget\" data-e-type=\"widget\" data-widget_type=\"elementskit-IabdCPTGrid.default\">\n\t\t\t\t<div class=\"elementor-widget-container\">\n\t\t\t\t\t<div class=\"ibway_iabd_cpt_grid\"><div id=\"post-items--1ff7f7fb\" class=\"row post-items\" data-col=\"col3\">\n        <div class=\"post-item\">\n        <div class=\"post-item__photo\" style=\"background-image: url('https:\/\/www.arteliagroup.com\/wp-content\/uploads\/2023\/12\/France_F80_Baie-de-Somme_Protection_Inondation-submersion_PHOTO_\u00a9-Altimage-1024x683.jpg')\">\n            <div class=\"picto\"><img decoding=\"async\" src=\"https:\/\/www.arteliagroup.com\/wp-content\/uploads\/2023\/04\/Picto_Water.svg\" \/><\/div>\n        <\/div>\n        <div class=\"post-item__info\">\n            <div class=\"post-item__info-meta\">\n                <div class=\"challenge\">R\u00e9silience climatique et biodiversit\u00e9<\/div>\n                <div class=\"country\">France<\/div>\n            <\/div>\n                        <div class=\"post-item__info-title\">\n                <h3>\n                    Am\u00e9nagement durable de la baie de Somme                <\/h3>\n            <\/div>\n            \n                        <div class=\"post-item__info-des\">\n                \u00c9laboration et mise en \u0153uvre d\u2019une strat\u00e9gie de protection d\u2019un territoire tr\u00e8s sensible aux inondations et submers...            <\/div>\n            \n                        <div class=\"post-item__info-cta\" align=\"center\">\n                <a href=\"https:\/\/www.arteliagroup.com\/fr\/project\/sustainable-development-of-the-somme-bay\/\">EN SAVOIR +<\/a>\n            <\/div>\n            \n        <\/div>\n    <\/div>\n        <div class=\"post-item\">\n        <div class=\"post-item__photo\" style=\"background-image: url('https:\/\/www.arteliagroup.com\/wp-content\/uploads\/2023\/12\/France_F76_Fecamp-Strategie-littorale_Seine-Maritime_PHOTO-1024x768.jpg')\">\n            <div class=\"picto\"><img decoding=\"async\" src=\"https:\/\/www.arteliagroup.com\/wp-content\/uploads\/2023\/04\/Picto_Water.svg\" \/><\/div>\n        <\/div>\n        <div class=\"post-item__info\">\n            <div class=\"post-item__info-meta\">\n                <div class=\"challenge\">R\u00e9silience climatique et biodiversit\u00e9<\/div>\n                <div class=\"country\">France<\/div>\n            <\/div>\n                        <div class=\"post-item__info-title\">\n                <h3>\n                    Quel littoral, demain, en Seine-Maritime\u00a0?                <\/h3>\n            <\/div>\n            \n                        <div class=\"post-item__info-des\">\n                \u00c9laborer une strat\u00e9gie d\u2019am\u00e9nagement r\u00e9pondant aux enjeux du changement climatique et aux choix des acteurs et citoy...            <\/div>\n            \n                        <div class=\"post-item__info-cta\" align=\"center\">\n                <a href=\"https:\/\/www.arteliagroup.com\/fr\/project\/what-coastline-for-the-future-in-seine-maritime\/\">EN SAVOIR +<\/a>\n            <\/div>\n            \n        <\/div>\n    <\/div>\n        <div class=\"post-item\">\n        <div class=\"post-item__photo\" style=\"background-image: url('https:\/\/www.arteliagroup.com\/wp-content\/uploads\/2023\/12\/Cote-dIvoire__Grand-Lahou_Preservation-du-trait-de-cote_PHOTO.jpg')\">\n            <div class=\"picto\"><img decoding=\"async\" src=\"https:\/\/www.arteliagroup.com\/wp-content\/uploads\/2023\/04\/Picto_Water.svg\" \/><\/div>\n        <\/div>\n        <div class=\"post-item__info\">\n            <div class=\"post-item__info-meta\">\n                <div class=\"challenge\">R\u00e9silience climatique et biodiversit\u00e9<\/div>\n                <div class=\"country\">C\u00f4te d&#039;Ivoire<\/div>\n            <\/div>\n                        <div class=\"post-item__info-title\">\n                <h3>\n                    Stabilisation d\u2019une passe de mar\u00e9e au Grand-Lahou                <\/h3>\n            <\/div>\n            \n                        <div class=\"post-item__info-des\">\n                Sauvegarde d\u2019un territoire estuarien gr\u00e2ce \u00e0 une solution douce de protection contre l\u2019\u00e9rosion, les inondations et les submersions marine...            <\/div>\n            \n                        <div class=\"post-item__info-cta\" align=\"center\">\n                <a href=\"https:\/\/www.arteliagroup.com\/fr\/project\/stabilization-of-grand-lahou-sandy-belt\/\">EN SAVOIR +<\/a>\n            <\/div>\n            \n        <\/div>\n    <\/div>\n    <\/div><\/div>\t\t\t\t<\/div>\n\t\t\t\t<\/div>\n\t\t\t\t\t<\/div>\n\t\t<\/div>\n\t\t\t\t\t<\/div>\n\t\t<\/section>\n\t\t\t\t<section class=\"elementor-section elementor-top-section elementor-element elementor-element-0b90147 elementor-section-boxed elementor-section-height-default elementor-section-height-default\" data-id=\"0b90147\" data-element_type=\"section\" data-e-type=\"section\">\n\t\t\t\t\t\t<div class=\"elementor-container elementor-column-gap-default\">\n\t\t\t\t\t<div class=\"elementor-column elementor-col-100 elementor-top-column elementor-element elementor-element-bd6b92f\" data-id=\"bd6b92f\" data-element_type=\"column\" data-e-type=\"column\">\n\t\t\t<div class=\"elementor-widget-wrap elementor-element-populated\">\n\t\t\t\t\t\t<div class=\"elementor-element elementor-element-28f6e09 elementor-widget elementor-widget-spacer\" data-id=\"28f6e09\" data-element_type=\"widget\" data-e-type=\"widget\" data-widget_type=\"spacer.default\">\n\t\t\t\t<div class=\"elementor-widget-container\">\n\t\t\t\t\t\t\t<div class=\"elementor-spacer\">\n\t\t\t<div class=\"elementor-spacer-inner\"><\/div>\n\t\t<\/div>\n\t\t\t\t\t\t<\/div>\n\t\t\t\t<\/div>\n\t\t\t\t\t<\/div>\n\t\t<\/div>\n\t\t\t\t\t<\/div>\n\t\t<\/section>\n\t\t\t\t<\/div>\n\t\t","protected":false},"excerpt":{"rendered":"<p>PROTECTION ET AM\u00c9NAGEMENT DU LITTORAL Artelia agit pour la pr\u00e9servation du trait de c\u00f4te et l\u2019adaptation des espaces littoraux \u00e0 l\u2019\u00e9l\u00e9vation du niveau de l\u2019oc\u00e9an. Contactez-nous NOTRE ACCOMPAGNEMENT Expert des probl\u00e9matiques d\u2019\u00e9rosion littorale, Artelia \u00e9tudie et met en \u0153uvre des projets de gestion durable du trait de c\u00f4te dans diff\u00e9rents pays, en int\u00e9grant les \u00e9volutions [&hellip;]<\/p>\n","protected":false},"author":1,"featured_media":0,"parent":8200,"menu_order":7,"comment_status":"closed","ping_status":"closed","template":"","meta":{"_acf_changed":false,"inline_featured_image":false,"footnotes":""},"class_list":["post-8190","page","type-page","status-publish","hentry"],"acf":[],"yoast_head":"<!-- This site is optimized with the Yoast SEO plugin v27.3 - https:\/\/yoast.com\/product\/yoast-seo-wordpress\/ -->\n<title>Protection et am\u00e9nagement du littoral - Artelia Group<\/title>\n<meta name=\"robots\" content=\"index, follow, max-snippet:-1, max-image-preview:large, max-video-preview:-1\" \/>\n<link rel=\"canonical\" href=\"https:\/\/www.arteliagroup.com\/fr\/eau\/protection-et-amenagement-du-littoral\/\" \/>\n<meta property=\"og:locale\" content=\"fr_FR\" \/>\n<meta property=\"og:type\" content=\"article\" \/>\n<meta property=\"og:title\" content=\"Protection et am\u00e9nagement du littoral - Artelia Group\" \/>\n<meta property=\"og:description\" content=\"PROTECTION ET AM\u00c9NAGEMENT DU LITTORAL Artelia agit pour la pr\u00e9servation du trait de c\u00f4te et l\u2019adaptation des espaces littoraux \u00e0 l\u2019\u00e9l\u00e9vation du niveau de l\u2019oc\u00e9an. Contactez-nous NOTRE ACCOMPAGNEMENT Expert des probl\u00e9matiques d\u2019\u00e9rosion littorale, Artelia \u00e9tudie et met en \u0153uvre des projets de gestion durable du trait de c\u00f4te dans diff\u00e9rents pays, en int\u00e9grant les \u00e9volutions [&hellip;]\" \/>\n<meta property=\"og:url\" content=\"https:\/\/www.arteliagroup.com\/fr\/eau\/protection-et-amenagement-du-littoral\/\" \/>\n<meta property=\"og:site_name\" content=\"Artelia Group\" \/>\n<meta property=\"article:modified_time\" content=\"2023-12-18T10:32:20+00:00\" \/>\n<meta property=\"og:image\" content=\"https:\/\/www.arteliagroup.com\/wp-content\/uploads\/2023\/04\/Picto_Water.svg\" \/>\n<meta name=\"twitter:card\" content=\"summary_large_image\" \/>\n<meta name=\"twitter:label1\" content=\"Dur\u00e9e de lecture estim\u00e9e\" \/>\n\t<meta name=\"twitter:data1\" content=\"2 minutes\" \/>\n<script type=\"application\/ld+json\" class=\"yoast-schema-graph\">{\"@context\":\"https:\\\/\\\/schema.org\",\"@graph\":[{\"@type\":\"WebPage\",\"@id\":\"https:\\\/\\\/www.arteliagroup.com\\\/fr\\\/eau\\\/protection-et-amenagement-du-littoral\\\/\",\"url\":\"https:\\\/\\\/www.arteliagroup.com\\\/fr\\\/eau\\\/protection-et-amenagement-du-littoral\\\/\",\"name\":\"Protection et am\u00e9nagement du littoral - Artelia Group\",\"isPartOf\":{\"@id\":\"https:\\\/\\\/www.arteliagroup.com\\\/#website\"},\"primaryImageOfPage\":{\"@id\":\"https:\\\/\\\/www.arteliagroup.com\\\/fr\\\/eau\\\/protection-et-amenagement-du-littoral\\\/#primaryimage\"},\"image\":{\"@id\":\"https:\\\/\\\/www.arteliagroup.com\\\/fr\\\/eau\\\/protection-et-amenagement-du-littoral\\\/#primaryimage\"},\"thumbnailUrl\":\"https:\\\/\\\/www.arteliagroup.com\\\/wp-content\\\/uploads\\\/2023\\\/04\\\/Picto_Water.svg\",\"datePublished\":\"2023-10-10T12:15:49+00:00\",\"dateModified\":\"2023-12-18T10:32:20+00:00\",\"breadcrumb\":{\"@id\":\"https:\\\/\\\/www.arteliagroup.com\\\/fr\\\/eau\\\/protection-et-amenagement-du-littoral\\\/#breadcrumb\"},\"inLanguage\":\"fr-FR\",\"potentialAction\":[{\"@type\":\"ReadAction\",\"target\":[\"https:\\\/\\\/www.arteliagroup.com\\\/fr\\\/eau\\\/protection-et-amenagement-du-littoral\\\/\"]}]},{\"@type\":\"ImageObject\",\"inLanguage\":\"fr-FR\",\"@id\":\"https:\\\/\\\/www.arteliagroup.com\\\/fr\\\/eau\\\/protection-et-amenagement-du-littoral\\\/#primaryimage\",\"url\":\"https:\\\/\\\/www.arteliagroup.com\\\/wp-content\\\/uploads\\\/2023\\\/04\\\/Picto_Water.svg\",\"contentUrl\":\"https:\\\/\\\/www.arteliagroup.com\\\/wp-content\\\/uploads\\\/2023\\\/04\\\/Picto_Water.svg\"},{\"@type\":\"BreadcrumbList\",\"@id\":\"https:\\\/\\\/www.arteliagroup.com\\\/fr\\\/eau\\\/protection-et-amenagement-du-littoral\\\/#breadcrumb\",\"itemListElement\":[{\"@type\":\"ListItem\",\"position\":1,\"name\":\"Home\",\"item\":\"https:\\\/\\\/www.arteliagroup.com\\\/fr\\\/\"},{\"@type\":\"ListItem\",\"position\":2,\"name\":\"Eau\",\"item\":\"https:\\\/\\\/www.arteliagroup.com\\\/fr\\\/eau\\\/\"},{\"@type\":\"ListItem\",\"position\":3,\"name\":\"Protection et am\u00e9nagement du littoral\"}]},{\"@type\":\"WebSite\",\"@id\":\"https:\\\/\\\/www.arteliagroup.com\\\/#website\",\"url\":\"https:\\\/\\\/www.arteliagroup.com\\\/\",\"name\":\"Artelia Group\",\"description\":\"\",\"publisher\":{\"@id\":\"https:\\\/\\\/www.arteliagroup.com\\\/#organization\"},\"potentialAction\":[{\"@type\":\"SearchAction\",\"target\":{\"@type\":\"EntryPoint\",\"urlTemplate\":\"https:\\\/\\\/www.arteliagroup.com\\\/?s={search_term_string}\"},\"query-input\":{\"@type\":\"PropertyValueSpecification\",\"valueRequired\":true,\"valueName\":\"search_term_string\"}}],\"inLanguage\":\"fr-FR\"},{\"@type\":\"Organization\",\"@id\":\"https:\\\/\\\/www.arteliagroup.com\\\/#organization\",\"name\":\"Artelia Group\",\"url\":\"https:\\\/\\\/www.arteliagroup.com\\\/\",\"logo\":{\"@type\":\"ImageObject\",\"inLanguage\":\"fr-FR\",\"@id\":\"https:\\\/\\\/www.arteliagroup.com\\\/#\\\/schema\\\/logo\\\/image\\\/\",\"url\":\"https:\\\/\\\/www.arteliagroup.com\\\/wp-content\\\/uploads\\\/2023\\\/04\\\/logo_ARTELIA_Couleur.png\",\"contentUrl\":\"https:\\\/\\\/www.arteliagroup.com\\\/wp-content\\\/uploads\\\/2023\\\/04\\\/logo_ARTELIA_Couleur.png\",\"width\":303,\"height\":100,\"caption\":\"Artelia Group\"},\"image\":{\"@id\":\"https:\\\/\\\/www.arteliagroup.com\\\/#\\\/schema\\\/logo\\\/image\\\/\"}}]}<\/script>\n<!-- \/ Yoast SEO plugin. -->","yoast_head_json":{"title":"Protection et am\u00e9nagement du littoral - Artelia Group","robots":{"index":"index","follow":"follow","max-snippet":"max-snippet:-1","max-image-preview":"max-image-preview:large","max-video-preview":"max-video-preview:-1"},"canonical":"https:\/\/www.arteliagroup.com\/fr\/eau\/protection-et-amenagement-du-littoral\/","og_locale":"fr_FR","og_type":"article","og_title":"Protection et am\u00e9nagement du littoral - Artelia Group","og_description":"PROTECTION ET AM\u00c9NAGEMENT DU LITTORAL Artelia agit pour la pr\u00e9servation du trait de c\u00f4te et l\u2019adaptation des espaces littoraux \u00e0 l\u2019\u00e9l\u00e9vation du niveau de l\u2019oc\u00e9an. Contactez-nous NOTRE ACCOMPAGNEMENT Expert des probl\u00e9matiques d\u2019\u00e9rosion littorale, Artelia \u00e9tudie et met en \u0153uvre des projets de gestion durable du trait de c\u00f4te dans diff\u00e9rents pays, en int\u00e9grant les \u00e9volutions [&hellip;]","og_url":"https:\/\/www.arteliagroup.com\/fr\/eau\/protection-et-amenagement-du-littoral\/","og_site_name":"Artelia Group","article_modified_time":"2023-12-18T10:32:20+00:00","og_image":[{"url":"https:\/\/www.arteliagroup.com\/wp-content\/uploads\/2023\/04\/Picto_Water.svg","type":"","width":"","height":""}],"twitter_card":"summary_large_image","twitter_misc":{"Dur\u00e9e de lecture estim\u00e9e":"2 minutes"},"schema":{"@context":"https:\/\/schema.org","@graph":[{"@type":"WebPage","@id":"https:\/\/www.arteliagroup.com\/fr\/eau\/protection-et-amenagement-du-littoral\/","url":"https:\/\/www.arteliagroup.com\/fr\/eau\/protection-et-amenagement-du-littoral\/","name":"Protection et am\u00e9nagement du littoral - Artelia Group","isPartOf":{"@id":"https:\/\/www.arteliagroup.com\/#website"},"primaryImageOfPage":{"@id":"https:\/\/www.arteliagroup.com\/fr\/eau\/protection-et-amenagement-du-littoral\/#primaryimage"},"image":{"@id":"https:\/\/www.arteliagroup.com\/fr\/eau\/protection-et-amenagement-du-littoral\/#primaryimage"},"thumbnailUrl":"https:\/\/www.arteliagroup.com\/wp-content\/uploads\/2023\/04\/Picto_Water.svg","datePublished":"2023-10-10T12:15:49+00:00","dateModified":"2023-12-18T10:32:20+00:00","breadcrumb":{"@id":"https:\/\/www.arteliagroup.com\/fr\/eau\/protection-et-amenagement-du-littoral\/#breadcrumb"},"inLanguage":"fr-FR","potentialAction":[{"@type":"ReadAction","target":["https:\/\/www.arteliagroup.com\/fr\/eau\/protection-et-amenagement-du-littoral\/"]}]},{"@type":"ImageObject","inLanguage":"fr-FR","@id":"https:\/\/www.arteliagroup.com\/fr\/eau\/protection-et-amenagement-du-littoral\/#primaryimage","url":"https:\/\/www.arteliagroup.com\/wp-content\/uploads\/2023\/04\/Picto_Water.svg","contentUrl":"https:\/\/www.arteliagroup.com\/wp-content\/uploads\/2023\/04\/Picto_Water.svg"},{"@type":"BreadcrumbList","@id":"https:\/\/www.arteliagroup.com\/fr\/eau\/protection-et-amenagement-du-littoral\/#breadcrumb","itemListElement":[{"@type":"ListItem","position":1,"name":"Home","item":"https:\/\/www.arteliagroup.com\/fr\/"},{"@type":"ListItem","position":2,"name":"Eau","item":"https:\/\/www.arteliagroup.com\/fr\/eau\/"},{"@type":"ListItem","position":3,"name":"Protection et am\u00e9nagement du littoral"}]},{"@type":"WebSite","@id":"https:\/\/www.arteliagroup.com\/#website","url":"https:\/\/www.arteliagroup.com\/","name":"Artelia Group","description":"","publisher":{"@id":"https:\/\/www.arteliagroup.com\/#organization"},"potentialAction":[{"@type":"SearchAction","target":{"@type":"EntryPoint","urlTemplate":"https:\/\/www.arteliagroup.com\/?s={search_term_string}"},"query-input":{"@type":"PropertyValueSpecification","valueRequired":true,"valueName":"search_term_string"}}],"inLanguage":"fr-FR"},{"@type":"Organization","@id":"https:\/\/www.arteliagroup.com\/#organization","name":"Artelia Group","url":"https:\/\/www.arteliagroup.com\/","logo":{"@type":"ImageObject","inLanguage":"fr-FR","@id":"https:\/\/www.arteliagroup.com\/#\/schema\/logo\/image\/","url":"https:\/\/www.arteliagroup.com\/wp-content\/uploads\/2023\/04\/logo_ARTELIA_Couleur.png","contentUrl":"https:\/\/www.arteliagroup.com\/wp-content\/uploads\/2023\/04\/logo_ARTELIA_Couleur.png","width":303,"height":100,"caption":"Artelia Group"},"image":{"@id":"https:\/\/www.arteliagroup.com\/#\/schema\/logo\/image\/"}}]}},"_links":{"self":[{"href":"https:\/\/www.arteliagroup.com\/fr\/wp-json\/wp\/v2\/pages\/8190","targetHints":{"allow":["GET"]}}],"collection":[{"href":"https:\/\/www.arteliagroup.com\/fr\/wp-json\/wp\/v2\/pages"}],"about":[{"href":"https:\/\/www.arteliagroup.com\/fr\/wp-json\/wp\/v2\/types\/page"}],"author":[{"embeddable":true,"href":"https:\/\/www.arteliagroup.com\/fr\/wp-json\/wp\/v2\/users\/1"}],"replies":[{"embeddable":true,"href":"https:\/\/www.arteliagroup.com\/fr\/wp-json\/wp\/v2\/comments?post=8190"}],"version-history":[{"count":0,"href":"https:\/\/www.arteliagroup.com\/fr\/wp-json\/wp\/v2\/pages\/8190\/revisions"}],"up":[{"embeddable":true,"href":"https:\/\/www.arteliagroup.com\/fr\/wp-json\/wp\/v2\/pages\/8200"}],"wp:attachment":[{"href":"https:\/\/www.arteliagroup.com\/fr\/wp-json\/wp\/v2\/media?parent=8190"}],"curies":[{"name":"wp","href":"https:\/\/api.w.org\/{rel}","templated":true}]}}