{"id":8200,"date":"2023-10-10T11:39:23","date_gmt":"2023-10-10T09:39:23","guid":{"rendered":"https:\/\/www.arteliagroup.com\/eau\/"},"modified":"2025-06-24T09:57:29","modified_gmt":"2025-06-24T07:57:29","slug":"eau","status":"publish","type":"page","link":"https:\/\/www.arteliagroup.com\/fr\/eau\/","title":{"rendered":"Eau"},"content":{"rendered":"\t\t<div data-elementor-type=\"wp-page\" data-elementor-id=\"8200\" class=\"elementor elementor-8200 elementor-5280\">\n\t\t\t\t\t\t<section class=\"elementor-section elementor-top-section elementor-element elementor-element-d2acb85 elementor-section-full_width elementor-section-height-min-height elementor-section-items-stretch elementor-section-content-middle elementor-reverse-mobile_extra elementor-reverse-mobile width-limit elementor-section-height-default\" data-id=\"d2acb85\" data-element_type=\"section\" data-e-type=\"section\">\n\t\t\t\t\t\t\t<div class=\"elementor-background-overlay\"><\/div>\n\t\t\t\t\t\t\t<div class=\"elementor-container elementor-column-gap-no\">\n\t\t\t\t\t<div class=\"elementor-column elementor-col-50 elementor-top-column elementor-element elementor-element-77869240 padleft0-full\" data-id=\"77869240\" data-element_type=\"column\" data-e-type=\"column\">\n\t\t\t<div class=\"elementor-widget-wrap elementor-element-populated\">\n\t\t\t\t\t\t<div class=\"elementor-element elementor-element-339d0943 elementor-widget elementor-widget-heading\" data-id=\"339d0943\" data-element_type=\"widget\" data-e-type=\"widget\" data-widget_type=\"heading.default\">\n\t\t\t\t<div class=\"elementor-widget-container\">\n\t\t\t\t\t<h1 class=\"elementor-heading-title elementor-size-default\">EAU<\/h1>\t\t\t\t<\/div>\n\t\t\t\t<\/div>\n\t\t\t\t<div class=\"elementor-element elementor-element-3fbc70 elementor-widget elementor-widget-text-editor\" data-id=\"3fbc70\" data-element_type=\"widget\" data-e-type=\"widget\" data-widget_type=\"text-editor.default\">\n\t\t\t\t<div class=\"elementor-widget-container\">\n\t\t\t\t\t\t\t\t\t<p>Nous ma\u00eetrisons tous les am\u00e9nagements li\u00e9s \u00e0 l\u2019eau, de la gestion de la ressource et de ses usages, \u00e0 la protection contre les crues et submersions.<\/p>\t\t\t\t\t\t\t\t<\/div>\n\t\t\t\t<\/div>\n\t\t\t\t<div class=\"elementor-element elementor-element-87308b8 elementor-widget elementor-widget-button\" data-id=\"87308b8\" data-element_type=\"widget\" data-e-type=\"widget\" data-widget_type=\"button.default\">\n\t\t\t\t<div class=\"elementor-widget-container\">\n\t\t\t\t\t\t\t\t\t<div class=\"elementor-button-wrapper\">\n\t\t\t\t\t<a class=\"elementor-button elementor-button-link elementor-size-sm\" href=\"https:\/\/www.arteliagroup.com\/fr\/project-gallery\/\">\n\t\t\t\t\t\t<span class=\"elementor-button-content-wrapper\">\n\t\t\t\t\t\t\t\t\t<span class=\"elementor-button-text\">D\u00c9COUVREZ NOS PROJETS<\/span>\n\t\t\t\t\t<\/span>\n\t\t\t\t\t<\/a>\n\t\t\t\t<\/div>\n\t\t\t\t\t\t\t\t<\/div>\n\t\t\t\t<\/div>\n\t\t\t\t\t<\/div>\n\t\t<\/div>\n\t\t\t\t<div class=\"elementor-column elementor-col-50 elementor-top-column elementor-element elementor-element-5a436347\" data-id=\"5a436347\" data-element_type=\"column\" data-e-type=\"column\" data-settings=\"{&quot;background_background&quot;:&quot;classic&quot;}\">\n\t\t\t<div class=\"elementor-widget-wrap elementor-element-populated\">\n\t\t\t\t\t<div class=\"elementor-background-overlay\"><\/div>\n\t\t\t\t\t\t<div class=\"elementor-element elementor-element-4e08343b elementor-widget elementor-widget-spacer\" data-id=\"4e08343b\" data-element_type=\"widget\" data-e-type=\"widget\" data-widget_type=\"spacer.default\">\n\t\t\t\t<div class=\"elementor-widget-container\">\n\t\t\t\t\t\t\t<div class=\"elementor-spacer\">\n\t\t\t<div class=\"elementor-spacer-inner\"><\/div>\n\t\t<\/div>\n\t\t\t\t\t\t<\/div>\n\t\t\t\t<\/div>\n\t\t\t\t\t<\/div>\n\t\t<\/div>\n\t\t\t\t\t<\/div>\n\t\t<\/section>\n\t\t\t\t<section class=\"elementor-section elementor-top-section elementor-element elementor-element-18e99509 elementor-section-boxed elementor-section-height-default elementor-section-height-default\" data-id=\"18e99509\" data-element_type=\"section\" data-e-type=\"section\">\n\t\t\t\t\t\t<div class=\"elementor-container elementor-column-gap-no\">\n\t\t\t\t\t<div class=\"elementor-column elementor-col-100 elementor-top-column elementor-element elementor-element-2cc74eed\" data-id=\"2cc74eed\" data-element_type=\"column\" data-e-type=\"column\">\n\t\t\t<div class=\"elementor-widget-wrap elementor-element-populated\">\n\t\t\t\t\t\t<div class=\"elementor-element elementor-element-76ececa0 elementor-widget elementor-widget-spacer\" data-id=\"76ececa0\" data-element_type=\"widget\" data-e-type=\"widget\" data-widget_type=\"spacer.default\">\n\t\t\t\t<div class=\"elementor-widget-container\">\n\t\t\t\t\t\t\t<div class=\"elementor-spacer\">\n\t\t\t<div class=\"elementor-spacer-inner\"><\/div>\n\t\t<\/div>\n\t\t\t\t\t\t<\/div>\n\t\t\t\t<\/div>\n\t\t\t\t\t<\/div>\n\t\t<\/div>\n\t\t\t\t\t<\/div>\n\t\t<\/section>\n\t\t\t\t<section class=\"elementor-section elementor-top-section elementor-element elementor-element-2230cd4d elementor-section-boxed elementor-section-height-default elementor-section-height-default\" data-id=\"2230cd4d\" data-element_type=\"section\" data-e-type=\"section\">\n\t\t\t\t\t\t<div class=\"elementor-container elementor-column-gap-no\">\n\t\t\t\t\t<div class=\"elementor-column elementor-col-100 elementor-top-column elementor-element elementor-element-51570a24\" data-id=\"51570a24\" data-element_type=\"column\" data-e-type=\"column\">\n\t\t\t<div class=\"elementor-widget-wrap elementor-element-populated\">\n\t\t\t\t\t\t<div class=\"elementor-element elementor-element-527a4077 elementor-widget elementor-widget-elementskit-IabdPhotoFilter\" data-id=\"527a4077\" data-element_type=\"widget\" data-e-type=\"widget\" data-widget_type=\"elementskit-IabdPhotoFilter.default\">\n\t\t\t\t<div class=\"elementor-widget-container\">\n\t\t\t\t\t<div class=\"ibway_iabd_photo_filter\">\n<div class=\"bloc-filter\" style='height:200px'>\n\t<a href=\"\/fr\/ressources-en-eau\/\">\n\t\t<img decoding=\"async\" src=\"https:\/\/www.arteliagroup.com\/wp-content\/uploads\/2023\/11\/EAU_ressources_en_eau.jpeg\" alt=\"\">\n\t\t<div class=\"bloc-filter__overlay\"><\/div>\n\t\t<div class=\"bloc-filter__des\">Ressources en eau<\/div>\n\t\t<div class=\"bloc-filter__des-hover\">Ressources en eau<\/div>\n\t<\/a>\n<\/div>\n<div class=\"bloc-filter\" style='height:200px'>\n\t<a href=\"\/fr\/irrigation\/\">\n\t\t<img decoding=\"async\" src=\"https:\/\/www.arteliagroup.com\/wp-content\/uploads\/2023\/10\/EAU_Irrigation.jpg\" alt=\"\">\n\t\t<div class=\"bloc-filter__overlay\"><\/div>\n\t\t<div class=\"bloc-filter__des\">Irrigation<\/div>\n\t\t<div class=\"bloc-filter__des-hover\">Irrigation<\/div>\n\t<\/a>\n<\/div>\n<div class=\"bloc-filter\" style='height:200px'>\n\t<a href=\"\/fr\/amenagements-fluviaux-et-estuariens\/\">\n\t\t<img decoding=\"async\" src=\"https:\/\/www.arteliagroup.com\/wp-content\/uploads\/2023\/10\/EAU_Amenagements_fluviaux_estuariens_copyright-F.-Helin.jpg\" alt=\"\">\n\t\t<div class=\"bloc-filter__overlay\"><\/div>\n\t\t<div class=\"bloc-filter__des\">Am\u00e9nagements fluviaux et estuariens<\/div>\n\t\t<div class=\"bloc-filter__des-hover\">Am\u00e9nagements fluviaux et estuariens<\/div>\n\t<\/a>\n<\/div>\n<div class=\"bloc-filter\" style='height:200px'>\n\t<a href=\"\/fr\/barrages-et-ouvrages-hydrauliques\/\">\n\t\t<img decoding=\"async\" src=\"https:\/\/www.arteliagroup.com\/wp-content\/uploads\/2023\/10\/EAU_Barrages_ouvrages_hydrauliques-copyright-Herve-Abbadie-\u2013-Luc-Weizmann-Architectes.jpg\" alt=\"\">\n\t\t<div class=\"bloc-filter__overlay\"><\/div>\n\t\t<div class=\"bloc-filter__des\">Barrages et ouvrages hydrauliques<\/div>\n\t\t<div class=\"bloc-filter__des-hover\">Barrages et ouvrages hydrauliques<\/div>\n\t<\/a>\n<\/div>\n<div class=\"bloc-filter\" style='height:200px'>\n\t<a href=\"\/fr\/eaux-urbaines\/\">\n\t\t<img decoding=\"async\" src=\"https:\/\/www.arteliagroup.com\/wp-content\/uploads\/2023\/10\/EAU_Eaux_urbaines_copyright-Nicolas-Fagot-Studio.jpg\" alt=\"\">\n\t\t<div class=\"bloc-filter__overlay\"><\/div>\n\t\t<div class=\"bloc-filter__des\">Eaux urbaines<\/div>\n\t\t<div class=\"bloc-filter__des-hover\">Eaux urbaines<\/div>\n\t<\/a>\n<\/div>\n<div class=\"bloc-filter\" style='height:200px'>\n\t<a href=\"\/fr\/eaux-pluviales-et-lutte-contre-les-inondations\/\">\n\t\t<img decoding=\"async\" src=\"https:\/\/www.arteliagroup.com\/wp-content\/uploads\/2023\/10\/EAU_Eaux_pluviales_lutte_inondations.jpg\" alt=\"\">\n\t\t<div class=\"bloc-filter__overlay\"><\/div>\n\t\t<div class=\"bloc-filter__des\">Eaux pluviales et lutte contre les inondations<\/div>\n\t\t<div class=\"bloc-filter__des-hover\">Eaux pluviales et lutte contre les inondations<\/div>\n\t<\/a>\n<\/div>\n<div class=\"bloc-filter\" style='height:200px'>\n\t<a href=\"\/fr\/eaux-industrielles\/\">\n\t\t<img decoding=\"async\" src=\"https:\/\/www.arteliagroup.com\/wp-content\/uploads\/2023\/10\/EAU_Eaux_industrielles.jpg\" alt=\"\">\n\t\t<div class=\"bloc-filter__overlay\"><\/div>\n\t\t<div class=\"bloc-filter__des\">Eaux industrielles<\/div>\n\t\t<div class=\"bloc-filter__des-hover\">Eaux industrielles<\/div>\n\t<\/a>\n<\/div>\n<div class=\"bloc-filter\" style='height:200px'>\n\t<a href=\"\/fr\/protection-et-amenagement-du-littoral\/\">\n\t\t<img decoding=\"async\" src=\"https:\/\/www.arteliagroup.com\/wp-content\/uploads\/2023\/10\/EAU_Protection_Amenagement_Littoral.jpeg\" alt=\"\">\n\t\t<div class=\"bloc-filter__overlay\"><\/div>\n\t\t<div class=\"bloc-filter__des\">Protection et am\u00e9nagement du littoral<\/div>\n\t\t<div class=\"bloc-filter__des-hover\">Protection et am\u00e9nagement du littoral<\/div>\n\t<\/a>\n<\/div>\n<div class=\"bloc-filter\" style='height:200px'>\n\t<a href=\"\/fr\/ports-terminaux-specialises-et-marinas\/\">\n\t\t<img decoding=\"async\" src=\"https:\/\/www.arteliagroup.com\/wp-content\/uploads\/2023\/10\/EAU_Ports_terminaux_marinas.jpeg\" alt=\"\">\n\t\t<div class=\"bloc-filter__overlay\"><\/div>\n\t\t<div class=\"bloc-filter__des\">Ports, terminaux et marinas <\/div>\n\t\t<div class=\"bloc-filter__des-hover\">Ports, terminaux et marinas <\/div>\n\t<\/a>\n<\/div>\n<\/div>\t\t\t\t<\/div>\n\t\t\t\t<\/div>\n\t\t\t\t\t<\/div>\n\t\t<\/div>\n\t\t\t\t\t<\/div>\n\t\t<\/section>\n\t\t\t\t<section class=\"elementor-section elementor-top-section elementor-element elementor-element-df3f4fe elementor-section-boxed elementor-section-height-default elementor-section-height-default\" data-id=\"df3f4fe\" data-element_type=\"section\" data-e-type=\"section\">\n\t\t\t\t\t\t<div class=\"elementor-container elementor-column-gap-no\">\n\t\t\t\t\t<div class=\"elementor-column elementor-col-100 elementor-top-column elementor-element elementor-element-2a3963b2\" data-id=\"2a3963b2\" data-element_type=\"column\" data-e-type=\"column\">\n\t\t\t<div class=\"elementor-widget-wrap elementor-element-populated\">\n\t\t\t\t\t\t<div class=\"elementor-element elementor-element-26d03306 elementor-widget elementor-widget-spacer\" data-id=\"26d03306\" data-element_type=\"widget\" data-e-type=\"widget\" data-widget_type=\"spacer.default\">\n\t\t\t\t<div class=\"elementor-widget-container\">\n\t\t\t\t\t\t\t<div class=\"elementor-spacer\">\n\t\t\t<div class=\"elementor-spacer-inner\"><\/div>\n\t\t<\/div>\n\t\t\t\t\t\t<\/div>\n\t\t\t\t<\/div>\n\t\t\t\t\t<\/div>\n\t\t<\/div>\n\t\t\t\t\t<\/div>\n\t\t<\/section>\n\t\t\t\t<\/div>\n\t\t","protected":false},"excerpt":{"rendered":"<p>EAU Nous ma\u00eetrisons tous les am\u00e9nagements li\u00e9s \u00e0 l\u2019eau, de la gestion de la ressource et de ses usages, \u00e0 la protection contre les crues et submersions. D\u00c9COUVREZ NOS PROJETS Ressources en eau Ressources en eau Irrigation Irrigation Am\u00e9nagements fluviaux et estuariens Am\u00e9nagements fluviaux et estuariens Barrages et ouvrages hydrauliques Barrages et ouvrages hydrauliques Eaux [&hellip;]<\/p>\n","protected":false},"author":1,"featured_media":0,"parent":0,"menu_order":0,"comment_status":"closed","ping_status":"closed","template":"","meta":{"_acf_changed":false,"inline_featured_image":false,"footnotes":""},"class_list":["post-8200","page","type-page","status-publish","hentry"],"acf":[],"yoast_head":"<!-- This site is optimized with the Yoast SEO plugin v27.4 - https:\/\/yoast.com\/product\/yoast-seo-wordpress\/ -->\n<title>Eau - Artelia Group<\/title>\n<meta name=\"robots\" content=\"index, follow, max-snippet:-1, max-image-preview:large, max-video-preview:-1\" \/>\n<link rel=\"canonical\" href=\"https:\/\/www.arteliagroup.com\/fr\/eau\/\" \/>\n<meta property=\"og:locale\" content=\"fr_FR\" \/>\n<meta property=\"og:type\" content=\"article\" \/>\n<meta property=\"og:title\" content=\"Eau - Artelia Group\" \/>\n<meta property=\"og:description\" content=\"EAU Nous ma\u00eetrisons tous les am\u00e9nagements li\u00e9s \u00e0 l\u2019eau, de la gestion de la ressource et de ses usages, \u00e0 la protection contre les crues et submersions. D\u00c9COUVREZ NOS PROJETS Ressources en eau Ressources en eau Irrigation Irrigation Am\u00e9nagements fluviaux et estuariens Am\u00e9nagements fluviaux et estuariens Barrages et ouvrages hydrauliques Barrages et ouvrages hydrauliques Eaux [&hellip;]\" \/>\n<meta property=\"og:url\" content=\"https:\/\/www.arteliagroup.com\/fr\/eau\/\" \/>\n<meta property=\"og:site_name\" content=\"Artelia Group\" \/>\n<meta property=\"article:modified_time\" content=\"2025-06-24T07:57:29+00:00\" \/>\n<meta property=\"og:image\" content=\"https:\/\/www.arteliagroup.com\/wp-content\/uploads\/2023\/11\/EAU_ressources_en_eau.jpeg\" \/>\n<meta name=\"twitter:card\" content=\"summary_large_image\" \/>\n<meta name=\"twitter:label1\" content=\"Dur\u00e9e de lecture estim\u00e9e\" \/>\n\t<meta name=\"twitter:data1\" content=\"3 minutes\" \/>\n<script type=\"application\/ld+json\" class=\"yoast-schema-graph\">{\"@context\":\"https:\\\/\\\/schema.org\",\"@graph\":[{\"@type\":\"WebPage\",\"@id\":\"https:\\\/\\\/www.arteliagroup.com\\\/fr\\\/eau\\\/\",\"url\":\"https:\\\/\\\/www.arteliagroup.com\\\/fr\\\/eau\\\/\",\"name\":\"Eau - Artelia Group\",\"isPartOf\":{\"@id\":\"https:\\\/\\\/www.arteliagroup.com\\\/#website\"},\"primaryImageOfPage\":{\"@id\":\"https:\\\/\\\/www.arteliagroup.com\\\/fr\\\/eau\\\/#primaryimage\"},\"image\":{\"@id\":\"https:\\\/\\\/www.arteliagroup.com\\\/fr\\\/eau\\\/#primaryimage\"},\"thumbnailUrl\":\"https:\\\/\\\/www.arteliagroup.com\\\/wp-content\\\/uploads\\\/2023\\\/11\\\/EAU_ressources_en_eau.jpeg\",\"datePublished\":\"2023-10-10T09:39:23+00:00\",\"dateModified\":\"2025-06-24T07:57:29+00:00\",\"breadcrumb\":{\"@id\":\"https:\\\/\\\/www.arteliagroup.com\\\/fr\\\/eau\\\/#breadcrumb\"},\"inLanguage\":\"fr-FR\",\"potentialAction\":[{\"@type\":\"ReadAction\",\"target\":[\"https:\\\/\\\/www.arteliagroup.com\\\/fr\\\/eau\\\/\"]}]},{\"@type\":\"ImageObject\",\"inLanguage\":\"fr-FR\",\"@id\":\"https:\\\/\\\/www.arteliagroup.com\\\/fr\\\/eau\\\/#primaryimage\",\"url\":\"https:\\\/\\\/www.arteliagroup.com\\\/wp-content\\\/uploads\\\/2023\\\/11\\\/EAU_ressources_en_eau.jpeg\",\"contentUrl\":\"https:\\\/\\\/www.arteliagroup.com\\\/wp-content\\\/uploads\\\/2023\\\/11\\\/EAU_ressources_en_eau.jpeg\"},{\"@type\":\"BreadcrumbList\",\"@id\":\"https:\\\/\\\/www.arteliagroup.com\\\/fr\\\/eau\\\/#breadcrumb\",\"itemListElement\":[{\"@type\":\"ListItem\",\"position\":1,\"name\":\"Home\",\"item\":\"https:\\\/\\\/www.arteliagroup.com\\\/fr\\\/\"},{\"@type\":\"ListItem\",\"position\":2,\"name\":\"Eau\"}]},{\"@type\":\"WebSite\",\"@id\":\"https:\\\/\\\/www.arteliagroup.com\\\/#website\",\"url\":\"https:\\\/\\\/www.arteliagroup.com\\\/\",\"name\":\"Artelia Group\",\"description\":\"\",\"publisher\":{\"@id\":\"https:\\\/\\\/www.arteliagroup.com\\\/#organization\"},\"potentialAction\":[{\"@type\":\"SearchAction\",\"target\":{\"@type\":\"EntryPoint\",\"urlTemplate\":\"https:\\\/\\\/www.arteliagroup.com\\\/?s={search_term_string}\"},\"query-input\":{\"@type\":\"PropertyValueSpecification\",\"valueRequired\":true,\"valueName\":\"search_term_string\"}}],\"inLanguage\":\"fr-FR\"},{\"@type\":\"Organization\",\"@id\":\"https:\\\/\\\/www.arteliagroup.com\\\/#organization\",\"name\":\"Artelia Group\",\"url\":\"https:\\\/\\\/www.arteliagroup.com\\\/\",\"logo\":{\"@type\":\"ImageObject\",\"inLanguage\":\"fr-FR\",\"@id\":\"https:\\\/\\\/www.arteliagroup.com\\\/#\\\/schema\\\/logo\\\/image\\\/\",\"url\":\"https:\\\/\\\/www.arteliagroup.com\\\/wp-content\\\/uploads\\\/2023\\\/04\\\/logo_ARTELIA_Couleur.png\",\"contentUrl\":\"https:\\\/\\\/www.arteliagroup.com\\\/wp-content\\\/uploads\\\/2023\\\/04\\\/logo_ARTELIA_Couleur.png\",\"width\":303,\"height\":100,\"caption\":\"Artelia Group\"},\"image\":{\"@id\":\"https:\\\/\\\/www.arteliagroup.com\\\/#\\\/schema\\\/logo\\\/image\\\/\"}}]}<\/script>\n<!-- \/ Yoast SEO plugin. -->","yoast_head_json":{"title":"Eau - Artelia Group","robots":{"index":"index","follow":"follow","max-snippet":"max-snippet:-1","max-image-preview":"max-image-preview:large","max-video-preview":"max-video-preview:-1"},"canonical":"https:\/\/www.arteliagroup.com\/fr\/eau\/","og_locale":"fr_FR","og_type":"article","og_title":"Eau - Artelia Group","og_description":"EAU Nous ma\u00eetrisons tous les am\u00e9nagements li\u00e9s \u00e0 l\u2019eau, de la gestion de la ressource et de ses usages, \u00e0 la protection contre les crues et submersions. D\u00c9COUVREZ NOS PROJETS Ressources en eau Ressources en eau Irrigation Irrigation Am\u00e9nagements fluviaux et estuariens Am\u00e9nagements fluviaux et estuariens Barrages et ouvrages hydrauliques Barrages et ouvrages hydrauliques Eaux [&hellip;]","og_url":"https:\/\/www.arteliagroup.com\/fr\/eau\/","og_site_name":"Artelia Group","article_modified_time":"2025-06-24T07:57:29+00:00","og_image":[{"url":"https:\/\/www.arteliagroup.com\/wp-content\/uploads\/2023\/11\/EAU_ressources_en_eau.jpeg","type":"","width":"","height":""}],"twitter_card":"summary_large_image","twitter_misc":{"Dur\u00e9e de lecture estim\u00e9e":"3 minutes"},"schema":{"@context":"https:\/\/schema.org","@graph":[{"@type":"WebPage","@id":"https:\/\/www.arteliagroup.com\/fr\/eau\/","url":"https:\/\/www.arteliagroup.com\/fr\/eau\/","name":"Eau - Artelia Group","isPartOf":{"@id":"https:\/\/www.arteliagroup.com\/#website"},"primaryImageOfPage":{"@id":"https:\/\/www.arteliagroup.com\/fr\/eau\/#primaryimage"},"image":{"@id":"https:\/\/www.arteliagroup.com\/fr\/eau\/#primaryimage"},"thumbnailUrl":"https:\/\/www.arteliagroup.com\/wp-content\/uploads\/2023\/11\/EAU_ressources_en_eau.jpeg","datePublished":"2023-10-10T09:39:23+00:00","dateModified":"2025-06-24T07:57:29+00:00","breadcrumb":{"@id":"https:\/\/www.arteliagroup.com\/fr\/eau\/#breadcrumb"},"inLanguage":"fr-FR","potentialAction":[{"@type":"ReadAction","target":["https:\/\/www.arteliagroup.com\/fr\/eau\/"]}]},{"@type":"ImageObject","inLanguage":"fr-FR","@id":"https:\/\/www.arteliagroup.com\/fr\/eau\/#primaryimage","url":"https:\/\/www.arteliagroup.com\/wp-content\/uploads\/2023\/11\/EAU_ressources_en_eau.jpeg","contentUrl":"https:\/\/www.arteliagroup.com\/wp-content\/uploads\/2023\/11\/EAU_ressources_en_eau.jpeg"},{"@type":"BreadcrumbList","@id":"https:\/\/www.arteliagroup.com\/fr\/eau\/#breadcrumb","itemListElement":[{"@type":"ListItem","position":1,"name":"Home","item":"https:\/\/www.arteliagroup.com\/fr\/"},{"@type":"ListItem","position":2,"name":"Eau"}]},{"@type":"WebSite","@id":"https:\/\/www.arteliagroup.com\/#website","url":"https:\/\/www.arteliagroup.com\/","name":"Artelia Group","description":"","publisher":{"@id":"https:\/\/www.arteliagroup.com\/#organization"},"potentialAction":[{"@type":"SearchAction","target":{"@type":"EntryPoint","urlTemplate":"https:\/\/www.arteliagroup.com\/?s={search_term_string}"},"query-input":{"@type":"PropertyValueSpecification","valueRequired":true,"valueName":"search_term_string"}}],"inLanguage":"fr-FR"},{"@type":"Organization","@id":"https:\/\/www.arteliagroup.com\/#organization","name":"Artelia Group","url":"https:\/\/www.arteliagroup.com\/","logo":{"@type":"ImageObject","inLanguage":"fr-FR","@id":"https:\/\/www.arteliagroup.com\/#\/schema\/logo\/image\/","url":"https:\/\/www.arteliagroup.com\/wp-content\/uploads\/2023\/04\/logo_ARTELIA_Couleur.png","contentUrl":"https:\/\/www.arteliagroup.com\/wp-content\/uploads\/2023\/04\/logo_ARTELIA_Couleur.png","width":303,"height":100,"caption":"Artelia Group"},"image":{"@id":"https:\/\/www.arteliagroup.com\/#\/schema\/logo\/image\/"}}]}},"_links":{"self":[{"href":"https:\/\/www.arteliagroup.com\/fr\/wp-json\/wp\/v2\/pages\/8200","targetHints":{"allow":["GET"]}}],"collection":[{"href":"https:\/\/www.arteliagroup.com\/fr\/wp-json\/wp\/v2\/pages"}],"about":[{"href":"https:\/\/www.arteliagroup.com\/fr\/wp-json\/wp\/v2\/types\/page"}],"author":[{"embeddable":true,"href":"https:\/\/www.arteliagroup.com\/fr\/wp-json\/wp\/v2\/users\/1"}],"replies":[{"embeddable":true,"href":"https:\/\/www.arteliagroup.com\/fr\/wp-json\/wp\/v2\/comments?post=8200"}],"version-history":[{"count":3,"href":"https:\/\/www.arteliagroup.com\/fr\/wp-json\/wp\/v2\/pages\/8200\/revisions"}],"predecessor-version":[{"id":22603,"href":"https:\/\/www.arteliagroup.com\/fr\/wp-json\/wp\/v2\/pages\/8200\/revisions\/22603"}],"wp:attachment":[{"href":"https:\/\/www.arteliagroup.com\/fr\/wp-json\/wp\/v2\/media?parent=8200"}],"curies":[{"name":"wp","href":"https:\/\/api.w.org\/{rel}","templated":true}]}}