{"id":8233,"date":"2023-10-10T14:43:26","date_gmt":"2023-10-10T12:43:26","guid":{"rendered":"https:\/\/www.arteliagroup.com\/batiments-industriels-gigafactories\/"},"modified":"2024-01-03T15:15:05","modified_gmt":"2024-01-03T14:15:05","slug":"batiments-industriels-gigafactories","status":"publish","type":"page","link":"https:\/\/www.arteliagroup.com\/fr\/batiment\/batiments-industriels-gigafactories\/","title":{"rendered":"B\u00e2timents industriels, gigafactories"},"content":{"rendered":"\t\t<div data-elementor-type=\"wp-page\" data-elementor-id=\"8233\" class=\"elementor elementor-8233 elementor-5407\">\n\t\t\t\t\t\t<section class=\"elementor-section elementor-top-section elementor-element elementor-element-d2acb85 elementor-section-full_width elementor-section-height-min-height elementor-section-items-stretch elementor-section-content-middle elementor-reverse-mobile_extra elementor-reverse-mobile width-limit elementor-section-height-default\" data-id=\"d2acb85\" data-element_type=\"section\" data-e-type=\"section\">\n\t\t\t\t\t\t\t<div class=\"elementor-background-overlay\"><\/div>\n\t\t\t\t\t\t\t<div class=\"elementor-container elementor-column-gap-no\">\n\t\t\t\t\t<div class=\"elementor-column elementor-col-50 elementor-top-column elementor-element elementor-element-77869240 padleft0-full\" data-id=\"77869240\" data-element_type=\"column\" data-e-type=\"column\">\n\t\t\t<div class=\"elementor-widget-wrap elementor-element-populated\">\n\t\t\t\t\t\t<div class=\"elementor-element elementor-element-339d0943 elementor-widget elementor-widget-heading\" data-id=\"339d0943\" data-element_type=\"widget\" data-e-type=\"widget\" data-widget_type=\"heading.default\">\n\t\t\t\t<div class=\"elementor-widget-container\">\n\t\t\t\t\t<h1 class=\"elementor-heading-title elementor-size-default\">B\u00c2TIMENTS <br>INDUSTRIELS, <br>GIGAFACTORIES<\/h1>\t\t\t\t<\/div>\n\t\t\t\t<\/div>\n\t\t\t\t<div class=\"elementor-element elementor-element-3fbc70 elementor-widget elementor-widget-text-editor\" data-id=\"3fbc70\" data-element_type=\"widget\" data-e-type=\"widget\" data-widget_type=\"text-editor.default\">\n\t\t\t\t<div class=\"elementor-widget-container\">\n\t\t\t\t\t\t\t\t\t<p>Artelia s\u2019appuie sur sa longue exp\u00e9rience en immobilier industriel pour relever les d\u00e9fis des gigafactories.<\/p>\n\t\t\t\t\t\t\t\t<\/div>\n\t\t\t\t<\/div>\n\t\t\t\t<div class=\"elementor-element elementor-element-87308b8 elementor-widget elementor-widget-button\" data-id=\"87308b8\" data-element_type=\"widget\" data-e-type=\"widget\" data-widget_type=\"button.default\">\n\t\t\t\t<div class=\"elementor-widget-container\">\n\t\t\t\t\t\t\t\t\t<div class=\"elementor-button-wrapper\">\n\t\t\t\t\t<a class=\"elementor-button elementor-button-link elementor-size-sm\" href=\"https:\/\/www.arteliagroup.com\/fr\/contact\/\">\n\t\t\t\t\t\t<span class=\"elementor-button-content-wrapper\">\n\t\t\t\t\t\t\t\t\t<span class=\"elementor-button-text\">Contactez nous<\/span>\n\t\t\t\t\t<\/span>\n\t\t\t\t\t<\/a>\n\t\t\t\t<\/div>\n\t\t\t\t\t\t\t\t<\/div>\n\t\t\t\t<\/div>\n\t\t\t\t\t<\/div>\n\t\t<\/div>\n\t\t\t\t<div class=\"elementor-column elementor-col-50 elementor-top-column elementor-element elementor-element-5a436347\" data-id=\"5a436347\" data-element_type=\"column\" data-e-type=\"column\" data-settings=\"{&quot;background_background&quot;:&quot;classic&quot;}\">\n\t\t\t<div class=\"elementor-widget-wrap elementor-element-populated\">\n\t\t\t\t\t<div class=\"elementor-background-overlay\"><\/div>\n\t\t\t\t\t\t<div class=\"elementor-element elementor-element-4e08343b elementor-widget elementor-widget-spacer\" data-id=\"4e08343b\" data-element_type=\"widget\" data-e-type=\"widget\" data-widget_type=\"spacer.default\">\n\t\t\t\t<div class=\"elementor-widget-container\">\n\t\t\t\t\t\t\t<div class=\"elementor-spacer\">\n\t\t\t<div class=\"elementor-spacer-inner\"><\/div>\n\t\t<\/div>\n\t\t\t\t\t\t<\/div>\n\t\t\t\t<\/div>\n\t\t\t\t\t<\/div>\n\t\t<\/div>\n\t\t\t\t\t<\/div>\n\t\t<\/section>\n\t\t\t\t<section class=\"elementor-section elementor-top-section elementor-element elementor-element-44639658 elementor-section-boxed elementor-section-height-default elementor-section-height-default\" data-id=\"44639658\" data-element_type=\"section\" data-e-type=\"section\">\n\t\t\t\t\t\t<div class=\"elementor-container elementor-column-gap-no\">\n\t\t\t\t\t<div class=\"elementor-column elementor-col-100 elementor-top-column elementor-element elementor-element-2ad0b6c4\" data-id=\"2ad0b6c4\" data-element_type=\"column\" data-e-type=\"column\">\n\t\t\t<div class=\"elementor-widget-wrap elementor-element-populated\">\n\t\t\t\t\t\t<div class=\"elementor-element elementor-element-1f7418b0 elementor-widget elementor-widget-spacer\" data-id=\"1f7418b0\" data-element_type=\"widget\" data-e-type=\"widget\" data-widget_type=\"spacer.default\">\n\t\t\t\t<div class=\"elementor-widget-container\">\n\t\t\t\t\t\t\t<div class=\"elementor-spacer\">\n\t\t\t<div class=\"elementor-spacer-inner\"><\/div>\n\t\t<\/div>\n\t\t\t\t\t\t<\/div>\n\t\t\t\t<\/div>\n\t\t\t\t\t<\/div>\n\t\t<\/div>\n\t\t\t\t\t<\/div>\n\t\t<\/section>\n\t\t\t\t<section class=\"elementor-section elementor-top-section elementor-element elementor-element-15658913 elementor-section-boxed elementor-section-height-default elementor-section-height-default\" data-id=\"15658913\" data-element_type=\"section\" data-e-type=\"section\">\n\t\t\t\t\t\t<div class=\"elementor-container elementor-column-gap-no\">\n\t\t\t\t\t<div class=\"elementor-column elementor-col-100 elementor-top-column elementor-element elementor-element-1657ae43\" data-id=\"1657ae43\" data-element_type=\"column\" data-e-type=\"column\">\n\t\t\t<div class=\"elementor-widget-wrap elementor-element-populated\">\n\t\t\t\t\t\t<div class=\"elementor-element elementor-element-5c8b21d2 elementor-widget elementor-widget-heading\" data-id=\"5c8b21d2\" data-element_type=\"widget\" data-e-type=\"widget\" data-widget_type=\"heading.default\">\n\t\t\t\t<div class=\"elementor-widget-container\">\n\t\t\t\t\t<h2 class=\"elementor-heading-title elementor-size-default\">NOTRE ACCOMPAGNEMENT<\/h2>\t\t\t\t<\/div>\n\t\t\t\t<\/div>\n\t\t\t\t<div class=\"elementor-element elementor-element-643fb90c elementor-widget elementor-widget-text-editor\" data-id=\"643fb90c\" data-element_type=\"widget\" data-e-type=\"widget\" data-widget_type=\"text-editor.default\">\n\t\t\t\t<div class=\"elementor-widget-container\">\n\t\t\t\t\t\t\t\t\t<p>Artelia con\u00e7oit et r\u00e9alise des \u00e9difices industriels complexes et adapt\u00e9s aux sp\u00e9cificit\u00e9s des diff\u00e9rents secteurs productifs. Le Groupe livre des b\u00e2timents cl\u00e9s en main ou contribue \u00e0 leur conception-r\u00e9alisation, en g\u00e9rant la ma\u00eetrise d\u2019\u0153uvre et le management de projet.<\/p>\n<p>Artelia intervient sur des projets en environnements contr\u00f4l\u00e9s, notamment dans les secteurs de la pharmacie, de la parfumerie, des cosm\u00e9tiques, des biotechnologies, de la sant\u00e9 animale, de la micro\u00e9lectronique et de la d\u00e9fense. Le Groupe participe aussi \u00e0 la cr\u00e9ation d\u2019usines, d\u2019ateliers, de halls de maintenance et d\u2019entrep\u00f4ts dans les secteurs de l\u2019automobile, de l\u2019a\u00e9ronautique et de l\u2019\u00e9nergie.<\/p>\n<p>Fort de cette exp\u00e9rience, Artelia s\u2019est engag\u00e9 dans des projets de gigafactories d\u00e9di\u00e9es \u00e0 la fabrication de batteries. Le Groupe met tout son savoir-faire au service de ces usines de tr\u00e8s grande dimension qui n\u00e9cessitent de g\u00e9rer des besoins hors normes en mati\u00e8re d\u2019utilit\u00e9s (eau, \u00e9nergie\u2026), de management de projet et de suivi de chantier.<\/p>\n\t\t\t\t\t\t\t\t<\/div>\n\t\t\t\t<\/div>\n\t\t\t\t\t<\/div>\n\t\t<\/div>\n\t\t\t\t\t<\/div>\n\t\t<\/section>\n\t\t\t\t<section class=\"elementor-section elementor-top-section elementor-element elementor-element-57c6de9 elementor-section-boxed elementor-section-height-default elementor-section-height-default\" data-id=\"57c6de9\" data-element_type=\"section\" data-e-type=\"section\">\n\t\t\t\t\t\t<div class=\"elementor-container elementor-column-gap-default\">\n\t\t\t\t\t<div class=\"elementor-column elementor-col-100 elementor-top-column elementor-element elementor-element-923ad2b\" data-id=\"923ad2b\" data-element_type=\"column\" data-e-type=\"column\">\n\t\t\t<div class=\"elementor-widget-wrap elementor-element-populated\">\n\t\t\t\t\t\t<div class=\"elementor-element elementor-element-988436d elementor-widget elementor-widget-spacer\" data-id=\"988436d\" data-element_type=\"widget\" data-e-type=\"widget\" data-widget_type=\"spacer.default\">\n\t\t\t\t<div class=\"elementor-widget-container\">\n\t\t\t\t\t\t\t<div class=\"elementor-spacer\">\n\t\t\t<div class=\"elementor-spacer-inner\"><\/div>\n\t\t<\/div>\n\t\t\t\t\t\t<\/div>\n\t\t\t\t<\/div>\n\t\t\t\t\t<\/div>\n\t\t<\/div>\n\t\t\t\t\t<\/div>\n\t\t<\/section>\n\t\t\t\t<section class=\"elementor-section elementor-top-section elementor-element elementor-element-7595033a elementor-section-boxed elementor-section-height-default elementor-section-height-default\" data-id=\"7595033a\" data-element_type=\"section\" data-e-type=\"section\">\n\t\t\t\t\t\t<div class=\"elementor-container elementor-column-gap-no\">\n\t\t\t\t\t<div class=\"elementor-column elementor-col-100 elementor-top-column elementor-element elementor-element-2a81e7b9\" data-id=\"2a81e7b9\" data-element_type=\"column\" data-e-type=\"column\">\n\t\t\t<div class=\"elementor-widget-wrap elementor-element-populated\">\n\t\t\t\t\t\t<div class=\"elementor-element elementor-element-2f17ec22 elementor-widget elementor-widget-heading\" data-id=\"2f17ec22\" data-element_type=\"widget\" data-e-type=\"widget\" data-widget_type=\"heading.default\">\n\t\t\t\t<div class=\"elementor-widget-container\">\n\t\t\t\t\t<h2 class=\"elementor-heading-title elementor-size-default\">PROJETS EMBL\u00c9MATIQUES<\/h2>\t\t\t\t<\/div>\n\t\t\t\t<\/div>\n\t\t\t\t<div class=\"elementor-element elementor-element-0c4ad85 elementor-widget elementor-widget-spacer\" data-id=\"0c4ad85\" data-element_type=\"widget\" data-e-type=\"widget\" data-widget_type=\"spacer.default\">\n\t\t\t\t<div class=\"elementor-widget-container\">\n\t\t\t\t\t\t\t<div class=\"elementor-spacer\">\n\t\t\t<div class=\"elementor-spacer-inner\"><\/div>\n\t\t<\/div>\n\t\t\t\t\t\t<\/div>\n\t\t\t\t<\/div>\n\t\t\t\t<div class=\"elementor-element elementor-element-1ff7f7fb elementor-widget elementor-widget-elementskit-IabdCPTGrid\" data-id=\"1ff7f7fb\" data-element_type=\"widget\" data-e-type=\"widget\" data-widget_type=\"elementskit-IabdCPTGrid.default\">\n\t\t\t\t<div class=\"elementor-widget-container\">\n\t\t\t\t\t<div class=\"ibway_iabd_cpt_grid\"><div id=\"post-items--1ff7f7fb\" class=\"row post-items\" data-col=\"col3\">\n        <div class=\"post-item\">\n        <div class=\"post-item__photo\" style=\"background-image: url('https:\/\/www.arteliagroup.com\/wp-content\/uploads\/2024\/01\/France_F76_Le-Havre_Gamesa-eoliennes_PHOTO.jpg')\">\n            <div class=\"picto\"><img decoding=\"async\" src=\"https:\/\/www.arteliagroup.com\/wp-content\/uploads\/2023\/04\/Picto_Batiment.svg\" \/><\/div>\n        <\/div>\n        <div class=\"post-item__info\">\n            <div class=\"post-item__info-meta\">\n                <div class=\"challenge\">Renouveau du b\u00e2ti<\/div>\n                <div class=\"country\">France<\/div>\n            <\/div>\n                        <div class=\"post-item__info-title\">\n                <h3>\n                    Siemens Gamesa offshore wind turbine plant                <\/h3>\n            <\/div>\n            \n                        <div class=\"post-item__info-des\">\n                A very significant contribution to the development of French offshore wind...            <\/div>\n            \n                        <div class=\"post-item__info-cta\" align=\"center\">\n                <a href=\"https:\/\/www.arteliagroup.com\/fr\/project\/siemens-gamesa-offshore-wind-turbine-plant\/\">EN SAVOIR +<\/a>\n            <\/div>\n            \n        <\/div>\n    <\/div>\n        <div class=\"post-item\">\n        <div class=\"post-item__photo\" style=\"background-image: url('https:\/\/www.arteliagroup.com\/wp-content\/uploads\/2024\/01\/France_F59_Douai_Gigafactory-Envision_PHOTO.jpg')\">\n            <div class=\"picto\"><img decoding=\"async\" src=\"https:\/\/www.arteliagroup.com\/wp-content\/uploads\/2023\/04\/Picto_Batiment.svg\" \/><\/div>\n        <\/div>\n        <div class=\"post-item__info\">\n            <div class=\"post-item__info-meta\">\n                <div class=\"challenge\">Renouveau du b\u00e2ti<\/div>\n                <div class=\"country\">France<\/div>\n            <\/div>\n                        <div class=\"post-item__info-title\">\n                <h3>\n                    Gigafactory de batteries Envision \u00e0 Douai                <\/h3>\n            <\/div>\n            \n                        <div class=\"post-item__info-des\">\n                Cr\u00e9ation de la premi\u00e8re usine de batterie Envision dans l\u2019Union eur...            <\/div>\n            \n                        <div class=\"post-item__info-cta\" align=\"center\">\n                <a href=\"https:\/\/www.arteliagroup.com\/fr\/project\/envision-battery-gigafactory-in-douai\/\">EN SAVOIR +<\/a>\n            <\/div>\n            \n        <\/div>\n    <\/div>\n    <\/div><\/div>\t\t\t\t<\/div>\n\t\t\t\t<\/div>\n\t\t\t\t\t<\/div>\n\t\t<\/div>\n\t\t\t\t\t<\/div>\n\t\t<\/section>\n\t\t\t\t<section class=\"elementor-section elementor-top-section elementor-element elementor-element-6b0a7500 elementor-section-boxed elementor-section-height-default elementor-section-height-default\" data-id=\"6b0a7500\" data-element_type=\"section\" data-e-type=\"section\">\n\t\t\t\t\t\t<div class=\"elementor-container elementor-column-gap-no\">\n\t\t\t\t\t<div class=\"elementor-column elementor-col-100 elementor-top-column elementor-element elementor-element-526fe2c2\" data-id=\"526fe2c2\" data-element_type=\"column\" data-e-type=\"column\">\n\t\t\t<div class=\"elementor-widget-wrap elementor-element-populated\">\n\t\t\t\t\t\t<div class=\"elementor-element elementor-element-2e86ee7d elementor-widget elementor-widget-spacer\" data-id=\"2e86ee7d\" data-element_type=\"widget\" data-e-type=\"widget\" data-widget_type=\"spacer.default\">\n\t\t\t\t<div class=\"elementor-widget-container\">\n\t\t\t\t\t\t\t<div class=\"elementor-spacer\">\n\t\t\t<div class=\"elementor-spacer-inner\"><\/div>\n\t\t<\/div>\n\t\t\t\t\t\t<\/div>\n\t\t\t\t<\/div>\n\t\t\t\t\t<\/div>\n\t\t<\/div>\n\t\t\t\t\t<\/div>\n\t\t<\/section>\n\t\t\t\t<\/div>\n\t\t","protected":false},"excerpt":{"rendered":"<p>B\u00c2TIMENTS INDUSTRIELS, GIGAFACTORIES Artelia s\u2019appuie sur sa longue exp\u00e9rience en immobilier industriel pour relever les d\u00e9fis des gigafactories. Contactez nous NOTRE ACCOMPAGNEMENT Artelia con\u00e7oit et r\u00e9alise des \u00e9difices industriels complexes et adapt\u00e9s aux sp\u00e9cificit\u00e9s des diff\u00e9rents secteurs productifs. Le Groupe livre des b\u00e2timents cl\u00e9s en main ou contribue \u00e0 leur conception-r\u00e9alisation, en g\u00e9rant la ma\u00eetrise [&hellip;]<\/p>\n","protected":false},"author":1,"featured_media":0,"parent":8247,"menu_order":8,"comment_status":"closed","ping_status":"closed","template":"","meta":{"_acf_changed":false,"inline_featured_image":false,"footnotes":""},"class_list":["post-8233","page","type-page","status-publish","hentry"],"acf":[],"yoast_head":"<!-- This site is optimized with the Yoast SEO plugin v27.4 - https:\/\/yoast.com\/product\/yoast-seo-wordpress\/ -->\n<title>B\u00e2timents industriels, gigafactories - Artelia Group<\/title>\n<meta name=\"robots\" content=\"index, follow, max-snippet:-1, max-image-preview:large, max-video-preview:-1\" \/>\n<link rel=\"canonical\" href=\"https:\/\/www.arteliagroup.com\/fr\/batiment\/batiments-industriels-gigafactories\/\" \/>\n<meta property=\"og:locale\" content=\"fr_FR\" \/>\n<meta property=\"og:type\" content=\"article\" \/>\n<meta property=\"og:title\" content=\"B\u00e2timents industriels, gigafactories - Artelia Group\" \/>\n<meta property=\"og:description\" content=\"B\u00c2TIMENTS INDUSTRIELS, GIGAFACTORIES Artelia s\u2019appuie sur sa longue exp\u00e9rience en immobilier industriel pour relever les d\u00e9fis des gigafactories. Contactez nous NOTRE ACCOMPAGNEMENT Artelia con\u00e7oit et r\u00e9alise des \u00e9difices industriels complexes et adapt\u00e9s aux sp\u00e9cificit\u00e9s des diff\u00e9rents secteurs productifs. Le Groupe livre des b\u00e2timents cl\u00e9s en main ou contribue \u00e0 leur conception-r\u00e9alisation, en g\u00e9rant la ma\u00eetrise [&hellip;]\" \/>\n<meta property=\"og:url\" content=\"https:\/\/www.arteliagroup.com\/fr\/batiment\/batiments-industriels-gigafactories\/\" \/>\n<meta property=\"og:site_name\" content=\"Artelia Group\" \/>\n<meta property=\"article:modified_time\" content=\"2024-01-03T14:15:05+00:00\" \/>\n<meta property=\"og:image\" content=\"https:\/\/www.arteliagroup.com\/wp-content\/uploads\/2023\/04\/Picto_Batiment.svg\" \/>\n<meta name=\"twitter:card\" content=\"summary_large_image\" \/>\n<meta name=\"twitter:label1\" content=\"Dur\u00e9e de lecture estim\u00e9e\" \/>\n\t<meta name=\"twitter:data1\" content=\"1 minute\" \/>\n<script type=\"application\/ld+json\" class=\"yoast-schema-graph\">{\"@context\":\"https:\\\/\\\/schema.org\",\"@graph\":[{\"@type\":\"WebPage\",\"@id\":\"https:\\\/\\\/www.arteliagroup.com\\\/fr\\\/batiment\\\/batiments-industriels-gigafactories\\\/\",\"url\":\"https:\\\/\\\/www.arteliagroup.com\\\/fr\\\/batiment\\\/batiments-industriels-gigafactories\\\/\",\"name\":\"B\u00e2timents industriels, gigafactories - Artelia Group\",\"isPartOf\":{\"@id\":\"https:\\\/\\\/www.arteliagroup.com\\\/#website\"},\"primaryImageOfPage\":{\"@id\":\"https:\\\/\\\/www.arteliagroup.com\\\/fr\\\/batiment\\\/batiments-industriels-gigafactories\\\/#primaryimage\"},\"image\":{\"@id\":\"https:\\\/\\\/www.arteliagroup.com\\\/fr\\\/batiment\\\/batiments-industriels-gigafactories\\\/#primaryimage\"},\"thumbnailUrl\":\"https:\\\/\\\/www.arteliagroup.com\\\/wp-content\\\/uploads\\\/2023\\\/04\\\/Picto_Batiment.svg\",\"datePublished\":\"2023-10-10T12:43:26+00:00\",\"dateModified\":\"2024-01-03T14:15:05+00:00\",\"breadcrumb\":{\"@id\":\"https:\\\/\\\/www.arteliagroup.com\\\/fr\\\/batiment\\\/batiments-industriels-gigafactories\\\/#breadcrumb\"},\"inLanguage\":\"fr-FR\",\"potentialAction\":[{\"@type\":\"ReadAction\",\"target\":[\"https:\\\/\\\/www.arteliagroup.com\\\/fr\\\/batiment\\\/batiments-industriels-gigafactories\\\/\"]}]},{\"@type\":\"ImageObject\",\"inLanguage\":\"fr-FR\",\"@id\":\"https:\\\/\\\/www.arteliagroup.com\\\/fr\\\/batiment\\\/batiments-industriels-gigafactories\\\/#primaryimage\",\"url\":\"https:\\\/\\\/www.arteliagroup.com\\\/wp-content\\\/uploads\\\/2023\\\/04\\\/Picto_Batiment.svg\",\"contentUrl\":\"https:\\\/\\\/www.arteliagroup.com\\\/wp-content\\\/uploads\\\/2023\\\/04\\\/Picto_Batiment.svg\"},{\"@type\":\"BreadcrumbList\",\"@id\":\"https:\\\/\\\/www.arteliagroup.com\\\/fr\\\/batiment\\\/batiments-industriels-gigafactories\\\/#breadcrumb\",\"itemListElement\":[{\"@type\":\"ListItem\",\"position\":1,\"name\":\"Home\",\"item\":\"https:\\\/\\\/www.arteliagroup.com\\\/fr\\\/\"},{\"@type\":\"ListItem\",\"position\":2,\"name\":\"B\u00e2timent\",\"item\":\"https:\\\/\\\/www.arteliagroup.com\\\/fr\\\/batiment\\\/\"},{\"@type\":\"ListItem\",\"position\":3,\"name\":\"B\u00e2timents industriels, gigafactories\"}]},{\"@type\":\"WebSite\",\"@id\":\"https:\\\/\\\/www.arteliagroup.com\\\/#website\",\"url\":\"https:\\\/\\\/www.arteliagroup.com\\\/\",\"name\":\"Artelia Group\",\"description\":\"\",\"publisher\":{\"@id\":\"https:\\\/\\\/www.arteliagroup.com\\\/#organization\"},\"potentialAction\":[{\"@type\":\"SearchAction\",\"target\":{\"@type\":\"EntryPoint\",\"urlTemplate\":\"https:\\\/\\\/www.arteliagroup.com\\\/?s={search_term_string}\"},\"query-input\":{\"@type\":\"PropertyValueSpecification\",\"valueRequired\":true,\"valueName\":\"search_term_string\"}}],\"inLanguage\":\"fr-FR\"},{\"@type\":\"Organization\",\"@id\":\"https:\\\/\\\/www.arteliagroup.com\\\/#organization\",\"name\":\"Artelia Group\",\"url\":\"https:\\\/\\\/www.arteliagroup.com\\\/\",\"logo\":{\"@type\":\"ImageObject\",\"inLanguage\":\"fr-FR\",\"@id\":\"https:\\\/\\\/www.arteliagroup.com\\\/#\\\/schema\\\/logo\\\/image\\\/\",\"url\":\"https:\\\/\\\/www.arteliagroup.com\\\/wp-content\\\/uploads\\\/2023\\\/04\\\/logo_ARTELIA_Couleur.png\",\"contentUrl\":\"https:\\\/\\\/www.arteliagroup.com\\\/wp-content\\\/uploads\\\/2023\\\/04\\\/logo_ARTELIA_Couleur.png\",\"width\":303,\"height\":100,\"caption\":\"Artelia Group\"},\"image\":{\"@id\":\"https:\\\/\\\/www.arteliagroup.com\\\/#\\\/schema\\\/logo\\\/image\\\/\"}}]}<\/script>\n<!-- \/ Yoast SEO plugin. -->","yoast_head_json":{"title":"B\u00e2timents industriels, gigafactories - Artelia Group","robots":{"index":"index","follow":"follow","max-snippet":"max-snippet:-1","max-image-preview":"max-image-preview:large","max-video-preview":"max-video-preview:-1"},"canonical":"https:\/\/www.arteliagroup.com\/fr\/batiment\/batiments-industriels-gigafactories\/","og_locale":"fr_FR","og_type":"article","og_title":"B\u00e2timents industriels, gigafactories - Artelia Group","og_description":"B\u00c2TIMENTS INDUSTRIELS, GIGAFACTORIES Artelia s\u2019appuie sur sa longue exp\u00e9rience en immobilier industriel pour relever les d\u00e9fis des gigafactories. Contactez nous NOTRE ACCOMPAGNEMENT Artelia con\u00e7oit et r\u00e9alise des \u00e9difices industriels complexes et adapt\u00e9s aux sp\u00e9cificit\u00e9s des diff\u00e9rents secteurs productifs. Le Groupe livre des b\u00e2timents cl\u00e9s en main ou contribue \u00e0 leur conception-r\u00e9alisation, en g\u00e9rant la ma\u00eetrise [&hellip;]","og_url":"https:\/\/www.arteliagroup.com\/fr\/batiment\/batiments-industriels-gigafactories\/","og_site_name":"Artelia Group","article_modified_time":"2024-01-03T14:15:05+00:00","og_image":[{"url":"https:\/\/www.arteliagroup.com\/wp-content\/uploads\/2023\/04\/Picto_Batiment.svg","type":"","width":"","height":""}],"twitter_card":"summary_large_image","twitter_misc":{"Dur\u00e9e de lecture estim\u00e9e":"1 minute"},"schema":{"@context":"https:\/\/schema.org","@graph":[{"@type":"WebPage","@id":"https:\/\/www.arteliagroup.com\/fr\/batiment\/batiments-industriels-gigafactories\/","url":"https:\/\/www.arteliagroup.com\/fr\/batiment\/batiments-industriels-gigafactories\/","name":"B\u00e2timents industriels, gigafactories - Artelia Group","isPartOf":{"@id":"https:\/\/www.arteliagroup.com\/#website"},"primaryImageOfPage":{"@id":"https:\/\/www.arteliagroup.com\/fr\/batiment\/batiments-industriels-gigafactories\/#primaryimage"},"image":{"@id":"https:\/\/www.arteliagroup.com\/fr\/batiment\/batiments-industriels-gigafactories\/#primaryimage"},"thumbnailUrl":"https:\/\/www.arteliagroup.com\/wp-content\/uploads\/2023\/04\/Picto_Batiment.svg","datePublished":"2023-10-10T12:43:26+00:00","dateModified":"2024-01-03T14:15:05+00:00","breadcrumb":{"@id":"https:\/\/www.arteliagroup.com\/fr\/batiment\/batiments-industriels-gigafactories\/#breadcrumb"},"inLanguage":"fr-FR","potentialAction":[{"@type":"ReadAction","target":["https:\/\/www.arteliagroup.com\/fr\/batiment\/batiments-industriels-gigafactories\/"]}]},{"@type":"ImageObject","inLanguage":"fr-FR","@id":"https:\/\/www.arteliagroup.com\/fr\/batiment\/batiments-industriels-gigafactories\/#primaryimage","url":"https:\/\/www.arteliagroup.com\/wp-content\/uploads\/2023\/04\/Picto_Batiment.svg","contentUrl":"https:\/\/www.arteliagroup.com\/wp-content\/uploads\/2023\/04\/Picto_Batiment.svg"},{"@type":"BreadcrumbList","@id":"https:\/\/www.arteliagroup.com\/fr\/batiment\/batiments-industriels-gigafactories\/#breadcrumb","itemListElement":[{"@type":"ListItem","position":1,"name":"Home","item":"https:\/\/www.arteliagroup.com\/fr\/"},{"@type":"ListItem","position":2,"name":"B\u00e2timent","item":"https:\/\/www.arteliagroup.com\/fr\/batiment\/"},{"@type":"ListItem","position":3,"name":"B\u00e2timents industriels, gigafactories"}]},{"@type":"WebSite","@id":"https:\/\/www.arteliagroup.com\/#website","url":"https:\/\/www.arteliagroup.com\/","name":"Artelia Group","description":"","publisher":{"@id":"https:\/\/www.arteliagroup.com\/#organization"},"potentialAction":[{"@type":"SearchAction","target":{"@type":"EntryPoint","urlTemplate":"https:\/\/www.arteliagroup.com\/?s={search_term_string}"},"query-input":{"@type":"PropertyValueSpecification","valueRequired":true,"valueName":"search_term_string"}}],"inLanguage":"fr-FR"},{"@type":"Organization","@id":"https:\/\/www.arteliagroup.com\/#organization","name":"Artelia Group","url":"https:\/\/www.arteliagroup.com\/","logo":{"@type":"ImageObject","inLanguage":"fr-FR","@id":"https:\/\/www.arteliagroup.com\/#\/schema\/logo\/image\/","url":"https:\/\/www.arteliagroup.com\/wp-content\/uploads\/2023\/04\/logo_ARTELIA_Couleur.png","contentUrl":"https:\/\/www.arteliagroup.com\/wp-content\/uploads\/2023\/04\/logo_ARTELIA_Couleur.png","width":303,"height":100,"caption":"Artelia Group"},"image":{"@id":"https:\/\/www.arteliagroup.com\/#\/schema\/logo\/image\/"}}]}},"_links":{"self":[{"href":"https:\/\/www.arteliagroup.com\/fr\/wp-json\/wp\/v2\/pages\/8233","targetHints":{"allow":["GET"]}}],"collection":[{"href":"https:\/\/www.arteliagroup.com\/fr\/wp-json\/wp\/v2\/pages"}],"about":[{"href":"https:\/\/www.arteliagroup.com\/fr\/wp-json\/wp\/v2\/types\/page"}],"author":[{"embeddable":true,"href":"https:\/\/www.arteliagroup.com\/fr\/wp-json\/wp\/v2\/users\/1"}],"replies":[{"embeddable":true,"href":"https:\/\/www.arteliagroup.com\/fr\/wp-json\/wp\/v2\/comments?post=8233"}],"version-history":[{"count":0,"href":"https:\/\/www.arteliagroup.com\/fr\/wp-json\/wp\/v2\/pages\/8233\/revisions"}],"up":[{"embeddable":true,"href":"https:\/\/www.arteliagroup.com\/fr\/wp-json\/wp\/v2\/pages\/8247"}],"wp:attachment":[{"href":"https:\/\/www.arteliagroup.com\/fr\/wp-json\/wp\/v2\/media?parent=8233"}],"curies":[{"name":"wp","href":"https:\/\/api.w.org\/{rel}","templated":true}]}}