{"id":8247,"date":"2023-10-10T12:01:57","date_gmt":"2023-10-10T10:01:57","guid":{"rendered":"https:\/\/www.arteliagroup.com\/batiment\/"},"modified":"2025-06-24T10:25:24","modified_gmt":"2025-06-24T08:25:24","slug":"batiment","status":"publish","type":"page","link":"https:\/\/www.arteliagroup.com\/fr\/batiment\/","title":{"rendered":"B\u00e2timent"},"content":{"rendered":"\t\t<div data-elementor-type=\"wp-page\" data-elementor-id=\"8247\" class=\"elementor elementor-8247 elementor-5293\">\n\t\t\t\t\t\t<section class=\"elementor-section elementor-top-section elementor-element elementor-element-d2acb85 elementor-section-full_width elementor-section-height-min-height elementor-section-items-stretch elementor-section-content-middle elementor-reverse-mobile_extra elementor-reverse-mobile width-limit elementor-section-height-default\" data-id=\"d2acb85\" data-element_type=\"section\" data-e-type=\"section\">\n\t\t\t\t\t\t\t<div class=\"elementor-background-overlay\"><\/div>\n\t\t\t\t\t\t\t<div class=\"elementor-container elementor-column-gap-no\">\n\t\t\t\t\t<div class=\"elementor-column elementor-col-50 elementor-top-column elementor-element elementor-element-77869240 padleft0-full\" data-id=\"77869240\" data-element_type=\"column\" data-e-type=\"column\">\n\t\t\t<div class=\"elementor-widget-wrap elementor-element-populated\">\n\t\t\t\t\t\t<div class=\"elementor-element elementor-element-339d0943 elementor-widget elementor-widget-heading\" data-id=\"339d0943\" data-element_type=\"widget\" data-e-type=\"widget\" data-widget_type=\"heading.default\">\n\t\t\t\t<div class=\"elementor-widget-container\">\n\t\t\t\t\t<h1 class=\"elementor-heading-title elementor-size-default\">B\u00c2TIMENT<\/h1>\t\t\t\t<\/div>\n\t\t\t\t<\/div>\n\t\t\t\t<div class=\"elementor-element elementor-element-3fbc70 elementor-widget elementor-widget-text-editor\" data-id=\"3fbc70\" data-element_type=\"widget\" data-e-type=\"widget\" data-widget_type=\"text-editor.default\">\n\t\t\t\t<div class=\"elementor-widget-container\">\n\t\t\t\t\t\t\t\t\t<p>Artelia g\u00e8re la construction et la r\u00e9novation de toutes les cat\u00e9gories de b\u00e2timents, en conciliant \u00e9conomie, fonctionnalit\u00e9, environnement et bien-\u00eatre des utilisateurs.<\/p>\n\t\t\t\t\t\t\t\t<\/div>\n\t\t\t\t<\/div>\n\t\t\t\t<div class=\"elementor-element elementor-element-87308b8 elementor-widget elementor-widget-button\" data-id=\"87308b8\" data-element_type=\"widget\" data-e-type=\"widget\" data-widget_type=\"button.default\">\n\t\t\t\t<div class=\"elementor-widget-container\">\n\t\t\t\t\t\t\t\t\t<div class=\"elementor-button-wrapper\">\n\t\t\t\t\t<a class=\"elementor-button elementor-button-link elementor-size-sm\" href=\"https:\/\/www.arteliagroup.com\/fr\/project-gallery\/\">\n\t\t\t\t\t\t<span class=\"elementor-button-content-wrapper\">\n\t\t\t\t\t\t\t\t\t<span class=\"elementor-button-text\">D\u00c9COUVREZ NOS PROJETS<\/span>\n\t\t\t\t\t<\/span>\n\t\t\t\t\t<\/a>\n\t\t\t\t<\/div>\n\t\t\t\t\t\t\t\t<\/div>\n\t\t\t\t<\/div>\n\t\t\t\t\t<\/div>\n\t\t<\/div>\n\t\t\t\t<div class=\"elementor-column elementor-col-50 elementor-top-column elementor-element elementor-element-5a436347\" data-id=\"5a436347\" data-element_type=\"column\" data-e-type=\"column\" data-settings=\"{&quot;background_background&quot;:&quot;classic&quot;}\">\n\t\t\t<div class=\"elementor-widget-wrap elementor-element-populated\">\n\t\t\t\t\t<div class=\"elementor-background-overlay\"><\/div>\n\t\t\t\t\t\t<div class=\"elementor-element elementor-element-4e08343b elementor-widget elementor-widget-spacer\" data-id=\"4e08343b\" data-element_type=\"widget\" data-e-type=\"widget\" data-widget_type=\"spacer.default\">\n\t\t\t\t<div class=\"elementor-widget-container\">\n\t\t\t\t\t\t\t<div class=\"elementor-spacer\">\n\t\t\t<div class=\"elementor-spacer-inner\"><\/div>\n\t\t<\/div>\n\t\t\t\t\t\t<\/div>\n\t\t\t\t<\/div>\n\t\t\t\t\t<\/div>\n\t\t<\/div>\n\t\t\t\t\t<\/div>\n\t\t<\/section>\n\t\t\t\t<section class=\"elementor-section elementor-top-section elementor-element elementor-element-18e99509 elementor-section-boxed elementor-section-height-default elementor-section-height-default\" data-id=\"18e99509\" data-element_type=\"section\" data-e-type=\"section\">\n\t\t\t\t\t\t<div class=\"elementor-container elementor-column-gap-no\">\n\t\t\t\t\t<div class=\"elementor-column elementor-col-100 elementor-top-column elementor-element elementor-element-2cc74eed\" data-id=\"2cc74eed\" data-element_type=\"column\" data-e-type=\"column\">\n\t\t\t<div class=\"elementor-widget-wrap elementor-element-populated\">\n\t\t\t\t\t\t<div class=\"elementor-element elementor-element-76ececa0 elementor-widget elementor-widget-spacer\" data-id=\"76ececa0\" data-element_type=\"widget\" data-e-type=\"widget\" data-widget_type=\"spacer.default\">\n\t\t\t\t<div class=\"elementor-widget-container\">\n\t\t\t\t\t\t\t<div class=\"elementor-spacer\">\n\t\t\t<div class=\"elementor-spacer-inner\"><\/div>\n\t\t<\/div>\n\t\t\t\t\t\t<\/div>\n\t\t\t\t<\/div>\n\t\t\t\t\t<\/div>\n\t\t<\/div>\n\t\t\t\t\t<\/div>\n\t\t<\/section>\n\t\t\t\t<section class=\"elementor-section elementor-top-section elementor-element elementor-element-2230cd4d elementor-section-boxed elementor-section-height-default elementor-section-height-default\" data-id=\"2230cd4d\" data-element_type=\"section\" data-e-type=\"section\">\n\t\t\t\t\t\t<div class=\"elementor-container elementor-column-gap-no\">\n\t\t\t\t\t<div class=\"elementor-column elementor-col-100 elementor-top-column elementor-element elementor-element-51570a24\" data-id=\"51570a24\" data-element_type=\"column\" data-e-type=\"column\">\n\t\t\t<div class=\"elementor-widget-wrap elementor-element-populated\">\n\t\t\t\t\t\t<div class=\"elementor-element elementor-element-527a4077 elementor-widget elementor-widget-elementskit-IabdPhotoFilter\" data-id=\"527a4077\" data-element_type=\"widget\" data-e-type=\"widget\" data-widget_type=\"elementskit-IabdPhotoFilter.default\">\n\t\t\t\t<div class=\"elementor-widget-container\">\n\t\t\t\t\t<div class=\"ibway_iabd_photo_filter\">\n<div class=\"bloc-filter\" style='height:200px'>\n\t<a href=\"\/fr\/bureaux\">\n\t\t<img decoding=\"async\" src=\"https:\/\/www.arteliagroup.com\/wp-content\/uploads\/2023\/10\/Building-Offices.jpg\" alt=\"\">\n\t\t<div class=\"bloc-filter__overlay\"><\/div>\n\t\t<div class=\"bloc-filter__des\">Bureaux<\/div>\n\t\t<div class=\"bloc-filter__des-hover\">Bureaux<\/div>\n\t<\/a>\n<\/div>\n<div class=\"bloc-filter\" style='height:200px'>\n\t<a href=\"\/fr\/residentiel-projets-mixtes\/\">\n\t\t<img decoding=\"async\" src=\"https:\/\/www.arteliagroup.com\/wp-content\/uploads\/2023\/10\/Building-offices-residential-conversion.jpg\" alt=\"\">\n\t\t<div class=\"bloc-filter__overlay\"><\/div>\n\t\t<div class=\"bloc-filter__des\">R\u00e9sidentiel, projets mixtes<\/div>\n\t\t<div class=\"bloc-filter__des-hover\">R\u00e9sidentiel, projets mixtes<\/div>\n\t<\/a>\n<\/div>\n<div class=\"bloc-filter\" style='height:200px'>\n\t<a href=\"https:\/\/www.arteliagroup.com\/fr\/batiment\/hotels-et-resorts\/\">\n\t\t<img decoding=\"async\" src=\"https:\/\/www.arteliagroup.com\/wp-content\/uploads\/2023\/10\/Building-Hotel-Carlton-Cannes-Copie.jpg\" alt=\"\">\n\t\t<div class=\"bloc-filter__overlay\"><\/div>\n\t\t<div class=\"bloc-filter__des\">H\u00f4tels & resorts<\/div>\n\t\t<div class=\"bloc-filter__des-hover\">H\u00f4tels & resorts<\/div>\n\t<\/a>\n<\/div>\n<div class=\"bloc-filter\" style='height:200px'>\n\t<a href=\"\/fr\/etablissements-de-sante\/\">\n\t\t<img decoding=\"async\" src=\"https:\/\/www.arteliagroup.com\/wp-content\/uploads\/2024\/03\/CHU-TOGBIN-2.jpg\" alt=\"\">\n\t\t<div class=\"bloc-filter__overlay\"><\/div>\n\t\t<div class=\"bloc-filter__des\">\u00c9tablissements de sant\u00e9<\/div>\n\t\t<div class=\"bloc-filter__des-hover\">\u00c9tablissements de sant\u00e9<\/div>\n\t<\/a>\n<\/div>\n<div class=\"bloc-filter\" style='height:200px'>\n\t<a href=\"\/fr\/enseignement-et-recherche\/\">\n\t\t<img decoding=\"async\" src=\"https:\/\/www.arteliagroup.com\/wp-content\/uploads\/2023\/10\/Building-Data-center-Data4-Paris-Saclay.jpg\" alt=\"\">\n\t\t<div class=\"bloc-filter__overlay\"><\/div>\n\t\t<div class=\"bloc-filter__des\">Enseignement & recherche <\/div>\n\t\t<div class=\"bloc-filter__des-hover\">Enseignement & recherche <\/div>\n\t<\/a>\n<\/div>\n<div class=\"bloc-filter\" style='height:200px'>\n\t<a href=\"\/fr\/batiment\/centres-commerciaux\/\">\n\t\t<img decoding=\"async\" src=\"https:\/\/www.arteliagroup.com\/wp-content\/uploads\/2023\/10\/Building-Samaritaine-Store.jpg\" alt=\"\">\n\t\t<div class=\"bloc-filter__overlay\"><\/div>\n\t\t<div class=\"bloc-filter__des\">Centres commerciaux<\/div>\n\t\t<div class=\"bloc-filter__des-hover\">Centres commerciaux<\/div>\n\t<\/a>\n<\/div>\n<div class=\"bloc-filter\" style='height:200px'>\n\t<a href=\"https:\/\/www.arteliagroup.com\/fr\/batiment\/sports-et-culture\/\">\n\t\t<img decoding=\"async\" src=\"https:\/\/www.arteliagroup.com\/wp-content\/uploads\/2023\/10\/Building-Rolfe-Judd_The-Kia-Oval.jpg\" alt=\"\">\n\t\t<div class=\"bloc-filter__overlay\"><\/div>\n\t\t<div class=\"bloc-filter__des\">Sports & culture<\/div>\n\t\t<div class=\"bloc-filter__des-hover\">Sports & culture<\/div>\n\t<\/a>\n<\/div>\n<div class=\"bloc-filter\" style='height:200px'>\n\t<a href=\"\/fr\/batiments-historiques\/\">\n\t\t<img decoding=\"async\" src=\"https:\/\/www.arteliagroup.com\/wp-content\/uploads\/2023\/10\/Buildings-Monument-history-Theatre-Chatelet.jpg\" alt=\"\">\n\t\t<div class=\"bloc-filter__overlay\"><\/div>\n\t\t<div class=\"bloc-filter__des\">B\u00e2timents historiques <\/div>\n\t\t<div class=\"bloc-filter__des-hover\">B\u00e2timents historiques <\/div>\n\t<\/a>\n<\/div>\n<div class=\"bloc-filter\" style='height:200px'>\n\t<a href=\"\/fr\/batiments-industriels-gigafactories\/\">\n\t\t<img decoding=\"async\" src=\"https:\/\/www.arteliagroup.com\/wp-content\/uploads\/2023\/10\/Buildings-Logistics-Large-Warehouse-Ferrero.jpg\" alt=\"\">\n\t\t<div class=\"bloc-filter__overlay\"><\/div>\n\t\t<div class=\"bloc-filter__des\">B\u00e2timents industriels, gigafactories<\/div>\n\t\t<div class=\"bloc-filter__des-hover\">B\u00e2timents industriels, gigafactories<\/div>\n\t<\/a>\n<\/div>\n<div class=\"bloc-filter\" style='height:200px'>\n\t<a href=\"\/fr\/centres-logistiques\/\">\n\t\t<img decoding=\"async\" src=\"https:\/\/www.arteliagroup.com\/wp-content\/uploads\/2023\/10\/Building-Logistique-Leclerc.jpg\" alt=\"\">\n\t\t<div class=\"bloc-filter__overlay\"><\/div>\n\t\t<div class=\"bloc-filter__des\">Centres logistiques <\/div>\n\t\t<div class=\"bloc-filter__des-hover\">Centres logistiques <\/div>\n\t<\/a>\n<\/div>\n<div class=\"bloc-filter\" style='height:200px'>\n\t<a href=\"\/fr\/centres-de-donnees\/\">\n\t\t<img decoding=\"async\" src=\"https:\/\/www.arteliagroup.com\/wp-content\/uploads\/2024\/03\/AdobeStock_Data-Center-scaled.jpg\" alt=\"\">\n\t\t<div class=\"bloc-filter__overlay\"><\/div>\n\t\t<div class=\"bloc-filter__des\">Data Centers<\/div>\n\t\t<div class=\"bloc-filter__des-hover\">Data Centers<\/div>\n\t<\/a>\n<\/div>\n<div class=\"bloc-filter\" style='height:200px'>\n\t<a href=\"\/fr\/reseaux-de-points-de-vente\/\">\n\t\t<img decoding=\"async\" src=\"https:\/\/www.arteliagroup.com\/wp-content\/uploads\/2023\/10\/Building-Sales-networks.jpg\" alt=\"\">\n\t\t<div class=\"bloc-filter__overlay\"><\/div>\n\t\t<div class=\"bloc-filter__des\">R\u00e9seaux de points de vente<\/div>\n\t\t<div class=\"bloc-filter__des-hover\">R\u00e9seaux de points de vente<\/div>\n\t<\/a>\n<\/div>\n<\/div>\t\t\t\t<\/div>\n\t\t\t\t<\/div>\n\t\t\t\t\t<\/div>\n\t\t<\/div>\n\t\t\t\t\t<\/div>\n\t\t<\/section>\n\t\t\t\t<section class=\"elementor-section elementor-top-section elementor-element elementor-element-1727e78d elementor-section-boxed elementor-section-height-default elementor-section-height-default\" data-id=\"1727e78d\" data-element_type=\"section\" data-e-type=\"section\">\n\t\t\t\t\t\t<div class=\"elementor-container elementor-column-gap-no\">\n\t\t\t\t\t<div class=\"elementor-column elementor-col-100 elementor-top-column elementor-element elementor-element-733a4e2e\" data-id=\"733a4e2e\" data-element_type=\"column\" data-e-type=\"column\">\n\t\t\t<div class=\"elementor-widget-wrap elementor-element-populated\">\n\t\t\t\t\t\t<div class=\"elementor-element elementor-element-2fea1a1 elementor-widget elementor-widget-spacer\" data-id=\"2fea1a1\" data-element_type=\"widget\" data-e-type=\"widget\" data-widget_type=\"spacer.default\">\n\t\t\t\t<div class=\"elementor-widget-container\">\n\t\t\t\t\t\t\t<div class=\"elementor-spacer\">\n\t\t\t<div class=\"elementor-spacer-inner\"><\/div>\n\t\t<\/div>\n\t\t\t\t\t\t<\/div>\n\t\t\t\t<\/div>\n\t\t\t\t\t<\/div>\n\t\t<\/div>\n\t\t\t\t\t<\/div>\n\t\t<\/section>\n\t\t\t\t<\/div>\n\t\t","protected":false},"excerpt":{"rendered":"<p>B\u00c2TIMENT Artelia g\u00e8re la construction et la r\u00e9novation de toutes les cat\u00e9gories de b\u00e2timents, en conciliant \u00e9conomie, fonctionnalit\u00e9, environnement et bien-\u00eatre des utilisateurs. D\u00c9COUVREZ NOS PROJETS Bureaux Bureaux R\u00e9sidentiel, projets mixtes R\u00e9sidentiel, projets mixtes H\u00f4tels &#038; resorts H\u00f4tels &#038; resorts \u00c9tablissements de sant\u00e9 \u00c9tablissements de sant\u00e9 Enseignement &#038; recherche Enseignement &#038; recherche Centres commerciaux Centres [&hellip;]<\/p>\n","protected":false},"author":1,"featured_media":0,"parent":0,"menu_order":0,"comment_status":"closed","ping_status":"closed","template":"","meta":{"_acf_changed":false,"inline_featured_image":false,"footnotes":""},"class_list":["post-8247","page","type-page","status-publish","hentry"],"acf":[],"yoast_head":"<!-- This site is optimized with the Yoast SEO plugin v27.3 - https:\/\/yoast.com\/product\/yoast-seo-wordpress\/ -->\n<title>B\u00e2timent - Artelia Group<\/title>\n<meta name=\"robots\" content=\"index, follow, max-snippet:-1, max-image-preview:large, max-video-preview:-1\" \/>\n<link rel=\"canonical\" href=\"https:\/\/www.arteliagroup.com\/fr\/batiment\/\" \/>\n<meta property=\"og:locale\" content=\"fr_FR\" \/>\n<meta property=\"og:type\" content=\"article\" \/>\n<meta property=\"og:title\" content=\"B\u00e2timent - Artelia Group\" \/>\n<meta property=\"og:description\" content=\"B\u00c2TIMENT Artelia g\u00e8re la construction et la r\u00e9novation de toutes les cat\u00e9gories de b\u00e2timents, en conciliant \u00e9conomie, fonctionnalit\u00e9, environnement et bien-\u00eatre des utilisateurs. D\u00c9COUVREZ NOS PROJETS Bureaux Bureaux R\u00e9sidentiel, projets mixtes R\u00e9sidentiel, projets mixtes H\u00f4tels &#038; resorts H\u00f4tels &#038; resorts \u00c9tablissements de sant\u00e9 \u00c9tablissements de sant\u00e9 Enseignement &#038; recherche Enseignement &#038; recherche Centres commerciaux Centres [&hellip;]\" \/>\n<meta property=\"og:url\" content=\"https:\/\/www.arteliagroup.com\/fr\/batiment\/\" \/>\n<meta property=\"og:site_name\" content=\"Artelia Group\" \/>\n<meta property=\"article:modified_time\" content=\"2025-06-24T08:25:24+00:00\" \/>\n<meta property=\"og:image\" content=\"https:\/\/www.arteliagroup.com\/wp-content\/uploads\/2023\/10\/Building-Offices.jpg\" \/>\n<meta name=\"twitter:card\" content=\"summary_large_image\" \/>\n<meta name=\"twitter:label1\" content=\"Dur\u00e9e de lecture estim\u00e9e\" \/>\n\t<meta name=\"twitter:data1\" content=\"3 minutes\" \/>\n<script type=\"application\/ld+json\" class=\"yoast-schema-graph\">{\"@context\":\"https:\\\/\\\/schema.org\",\"@graph\":[{\"@type\":\"WebPage\",\"@id\":\"https:\\\/\\\/www.arteliagroup.com\\\/fr\\\/batiment\\\/\",\"url\":\"https:\\\/\\\/www.arteliagroup.com\\\/fr\\\/batiment\\\/\",\"name\":\"B\u00e2timent - Artelia Group\",\"isPartOf\":{\"@id\":\"https:\\\/\\\/www.arteliagroup.com\\\/#website\"},\"primaryImageOfPage\":{\"@id\":\"https:\\\/\\\/www.arteliagroup.com\\\/fr\\\/batiment\\\/#primaryimage\"},\"image\":{\"@id\":\"https:\\\/\\\/www.arteliagroup.com\\\/fr\\\/batiment\\\/#primaryimage\"},\"thumbnailUrl\":\"https:\\\/\\\/www.arteliagroup.com\\\/wp-content\\\/uploads\\\/2023\\\/10\\\/Building-Offices.jpg\",\"datePublished\":\"2023-10-10T10:01:57+00:00\",\"dateModified\":\"2025-06-24T08:25:24+00:00\",\"breadcrumb\":{\"@id\":\"https:\\\/\\\/www.arteliagroup.com\\\/fr\\\/batiment\\\/#breadcrumb\"},\"inLanguage\":\"fr-FR\",\"potentialAction\":[{\"@type\":\"ReadAction\",\"target\":[\"https:\\\/\\\/www.arteliagroup.com\\\/fr\\\/batiment\\\/\"]}]},{\"@type\":\"ImageObject\",\"inLanguage\":\"fr-FR\",\"@id\":\"https:\\\/\\\/www.arteliagroup.com\\\/fr\\\/batiment\\\/#primaryimage\",\"url\":\"https:\\\/\\\/www.arteliagroup.com\\\/wp-content\\\/uploads\\\/2023\\\/10\\\/Building-Offices.jpg\",\"contentUrl\":\"https:\\\/\\\/www.arteliagroup.com\\\/wp-content\\\/uploads\\\/2023\\\/10\\\/Building-Offices.jpg\"},{\"@type\":\"BreadcrumbList\",\"@id\":\"https:\\\/\\\/www.arteliagroup.com\\\/fr\\\/batiment\\\/#breadcrumb\",\"itemListElement\":[{\"@type\":\"ListItem\",\"position\":1,\"name\":\"Home\",\"item\":\"https:\\\/\\\/www.arteliagroup.com\\\/fr\\\/\"},{\"@type\":\"ListItem\",\"position\":2,\"name\":\"B\u00e2timent\"}]},{\"@type\":\"WebSite\",\"@id\":\"https:\\\/\\\/www.arteliagroup.com\\\/#website\",\"url\":\"https:\\\/\\\/www.arteliagroup.com\\\/\",\"name\":\"Artelia Group\",\"description\":\"\",\"publisher\":{\"@id\":\"https:\\\/\\\/www.arteliagroup.com\\\/#organization\"},\"potentialAction\":[{\"@type\":\"SearchAction\",\"target\":{\"@type\":\"EntryPoint\",\"urlTemplate\":\"https:\\\/\\\/www.arteliagroup.com\\\/?s={search_term_string}\"},\"query-input\":{\"@type\":\"PropertyValueSpecification\",\"valueRequired\":true,\"valueName\":\"search_term_string\"}}],\"inLanguage\":\"fr-FR\"},{\"@type\":\"Organization\",\"@id\":\"https:\\\/\\\/www.arteliagroup.com\\\/#organization\",\"name\":\"Artelia Group\",\"url\":\"https:\\\/\\\/www.arteliagroup.com\\\/\",\"logo\":{\"@type\":\"ImageObject\",\"inLanguage\":\"fr-FR\",\"@id\":\"https:\\\/\\\/www.arteliagroup.com\\\/#\\\/schema\\\/logo\\\/image\\\/\",\"url\":\"https:\\\/\\\/www.arteliagroup.com\\\/wp-content\\\/uploads\\\/2023\\\/04\\\/logo_ARTELIA_Couleur.png\",\"contentUrl\":\"https:\\\/\\\/www.arteliagroup.com\\\/wp-content\\\/uploads\\\/2023\\\/04\\\/logo_ARTELIA_Couleur.png\",\"width\":303,\"height\":100,\"caption\":\"Artelia Group\"},\"image\":{\"@id\":\"https:\\\/\\\/www.arteliagroup.com\\\/#\\\/schema\\\/logo\\\/image\\\/\"}}]}<\/script>\n<!-- \/ Yoast SEO plugin. -->","yoast_head_json":{"title":"B\u00e2timent - Artelia Group","robots":{"index":"index","follow":"follow","max-snippet":"max-snippet:-1","max-image-preview":"max-image-preview:large","max-video-preview":"max-video-preview:-1"},"canonical":"https:\/\/www.arteliagroup.com\/fr\/batiment\/","og_locale":"fr_FR","og_type":"article","og_title":"B\u00e2timent - Artelia Group","og_description":"B\u00c2TIMENT Artelia g\u00e8re la construction et la r\u00e9novation de toutes les cat\u00e9gories de b\u00e2timents, en conciliant \u00e9conomie, fonctionnalit\u00e9, environnement et bien-\u00eatre des utilisateurs. D\u00c9COUVREZ NOS PROJETS Bureaux Bureaux R\u00e9sidentiel, projets mixtes R\u00e9sidentiel, projets mixtes H\u00f4tels &#038; resorts H\u00f4tels &#038; resorts \u00c9tablissements de sant\u00e9 \u00c9tablissements de sant\u00e9 Enseignement &#038; recherche Enseignement &#038; recherche Centres commerciaux Centres [&hellip;]","og_url":"https:\/\/www.arteliagroup.com\/fr\/batiment\/","og_site_name":"Artelia Group","article_modified_time":"2025-06-24T08:25:24+00:00","og_image":[{"url":"https:\/\/www.arteliagroup.com\/wp-content\/uploads\/2023\/10\/Building-Offices.jpg","type":"","width":"","height":""}],"twitter_card":"summary_large_image","twitter_misc":{"Dur\u00e9e de lecture estim\u00e9e":"3 minutes"},"schema":{"@context":"https:\/\/schema.org","@graph":[{"@type":"WebPage","@id":"https:\/\/www.arteliagroup.com\/fr\/batiment\/","url":"https:\/\/www.arteliagroup.com\/fr\/batiment\/","name":"B\u00e2timent - Artelia Group","isPartOf":{"@id":"https:\/\/www.arteliagroup.com\/#website"},"primaryImageOfPage":{"@id":"https:\/\/www.arteliagroup.com\/fr\/batiment\/#primaryimage"},"image":{"@id":"https:\/\/www.arteliagroup.com\/fr\/batiment\/#primaryimage"},"thumbnailUrl":"https:\/\/www.arteliagroup.com\/wp-content\/uploads\/2023\/10\/Building-Offices.jpg","datePublished":"2023-10-10T10:01:57+00:00","dateModified":"2025-06-24T08:25:24+00:00","breadcrumb":{"@id":"https:\/\/www.arteliagroup.com\/fr\/batiment\/#breadcrumb"},"inLanguage":"fr-FR","potentialAction":[{"@type":"ReadAction","target":["https:\/\/www.arteliagroup.com\/fr\/batiment\/"]}]},{"@type":"ImageObject","inLanguage":"fr-FR","@id":"https:\/\/www.arteliagroup.com\/fr\/batiment\/#primaryimage","url":"https:\/\/www.arteliagroup.com\/wp-content\/uploads\/2023\/10\/Building-Offices.jpg","contentUrl":"https:\/\/www.arteliagroup.com\/wp-content\/uploads\/2023\/10\/Building-Offices.jpg"},{"@type":"BreadcrumbList","@id":"https:\/\/www.arteliagroup.com\/fr\/batiment\/#breadcrumb","itemListElement":[{"@type":"ListItem","position":1,"name":"Home","item":"https:\/\/www.arteliagroup.com\/fr\/"},{"@type":"ListItem","position":2,"name":"B\u00e2timent"}]},{"@type":"WebSite","@id":"https:\/\/www.arteliagroup.com\/#website","url":"https:\/\/www.arteliagroup.com\/","name":"Artelia Group","description":"","publisher":{"@id":"https:\/\/www.arteliagroup.com\/#organization"},"potentialAction":[{"@type":"SearchAction","target":{"@type":"EntryPoint","urlTemplate":"https:\/\/www.arteliagroup.com\/?s={search_term_string}"},"query-input":{"@type":"PropertyValueSpecification","valueRequired":true,"valueName":"search_term_string"}}],"inLanguage":"fr-FR"},{"@type":"Organization","@id":"https:\/\/www.arteliagroup.com\/#organization","name":"Artelia Group","url":"https:\/\/www.arteliagroup.com\/","logo":{"@type":"ImageObject","inLanguage":"fr-FR","@id":"https:\/\/www.arteliagroup.com\/#\/schema\/logo\/image\/","url":"https:\/\/www.arteliagroup.com\/wp-content\/uploads\/2023\/04\/logo_ARTELIA_Couleur.png","contentUrl":"https:\/\/www.arteliagroup.com\/wp-content\/uploads\/2023\/04\/logo_ARTELIA_Couleur.png","width":303,"height":100,"caption":"Artelia Group"},"image":{"@id":"https:\/\/www.arteliagroup.com\/#\/schema\/logo\/image\/"}}]}},"_links":{"self":[{"href":"https:\/\/www.arteliagroup.com\/fr\/wp-json\/wp\/v2\/pages\/8247","targetHints":{"allow":["GET"]}}],"collection":[{"href":"https:\/\/www.arteliagroup.com\/fr\/wp-json\/wp\/v2\/pages"}],"about":[{"href":"https:\/\/www.arteliagroup.com\/fr\/wp-json\/wp\/v2\/types\/page"}],"author":[{"embeddable":true,"href":"https:\/\/www.arteliagroup.com\/fr\/wp-json\/wp\/v2\/users\/1"}],"replies":[{"embeddable":true,"href":"https:\/\/www.arteliagroup.com\/fr\/wp-json\/wp\/v2\/comments?post=8247"}],"version-history":[{"count":3,"href":"https:\/\/www.arteliagroup.com\/fr\/wp-json\/wp\/v2\/pages\/8247\/revisions"}],"predecessor-version":[{"id":22613,"href":"https:\/\/www.arteliagroup.com\/fr\/wp-json\/wp\/v2\/pages\/8247\/revisions\/22613"}],"wp:attachment":[{"href":"https:\/\/www.arteliagroup.com\/fr\/wp-json\/wp\/v2\/media?parent=8247"}],"curies":[{"name":"wp","href":"https:\/\/api.w.org\/{rel}","templated":true}]}}