{"id":8278,"date":"2023-10-10T14:24:31","date_gmt":"2023-10-10T12:24:31","guid":{"rendered":"https:\/\/www.arteliagroup.com\/industrie\/"},"modified":"2026-03-12T17:26:15","modified_gmt":"2026-03-12T16:26:15","slug":"industrie","status":"publish","type":"page","link":"https:\/\/www.arteliagroup.com\/fr\/industrie\/","title":{"rendered":"Industrie"},"content":{"rendered":"\t\t<div data-elementor-type=\"wp-page\" data-elementor-id=\"8278\" class=\"elementor elementor-8278 elementor-5367\">\n\t\t\t\t\t\t<section class=\"elementor-section elementor-top-section elementor-element elementor-element-d2acb85 elementor-section-full_width elementor-section-height-min-height elementor-section-items-stretch elementor-section-content-middle elementor-reverse-mobile_extra elementor-reverse-mobile width-limit elementor-section-height-default\" data-id=\"d2acb85\" data-element_type=\"section\" data-e-type=\"section\">\n\t\t\t\t\t\t\t<div class=\"elementor-background-overlay\"><\/div>\n\t\t\t\t\t\t\t<div class=\"elementor-container elementor-column-gap-no\">\n\t\t\t\t\t<div class=\"elementor-column elementor-col-50 elementor-top-column elementor-element elementor-element-77869240 padleft0-full\" data-id=\"77869240\" data-element_type=\"column\" data-e-type=\"column\">\n\t\t\t<div class=\"elementor-widget-wrap elementor-element-populated\">\n\t\t\t\t\t\t<div class=\"elementor-element elementor-element-339d0943 elementor-widget elementor-widget-heading\" data-id=\"339d0943\" data-element_type=\"widget\" data-e-type=\"widget\" data-widget_type=\"heading.default\">\n\t\t\t\t<div class=\"elementor-widget-container\">\n\t\t\t\t\t<h1 class=\"elementor-heading-title elementor-size-default\">INDUSTRIE<\/h1>\t\t\t\t<\/div>\n\t\t\t\t<\/div>\n\t\t\t\t<div class=\"elementor-element elementor-element-3fbc70 elementor-widget elementor-widget-text-editor\" data-id=\"3fbc70\" data-element_type=\"widget\" data-e-type=\"widget\" data-widget_type=\"text-editor.default\">\n\t\t\t\t<div class=\"elementor-widget-container\">\n\t\t\t\t\t\t\t\t\t<p>Nous concevons, adaptons et modernisons les installations industrielles pour conjuguer performance \u00e9conomique, d\u00e9fi environnemental et exigence de s\u00e9curit\u00e9.<\/p>\n\t\t\t\t\t\t\t\t<\/div>\n\t\t\t\t<\/div>\n\t\t\t\t<div class=\"elementor-element elementor-element-87308b8 elementor-widget elementor-widget-button\" data-id=\"87308b8\" data-element_type=\"widget\" data-e-type=\"widget\" data-widget_type=\"button.default\">\n\t\t\t\t<div class=\"elementor-widget-container\">\n\t\t\t\t\t\t\t\t\t<div class=\"elementor-button-wrapper\">\n\t\t\t\t\t<a class=\"elementor-button elementor-button-link elementor-size-sm\" href=\"https:\/\/www.arteliagroup.com\/fr\/project-gallery\/\">\n\t\t\t\t\t\t<span class=\"elementor-button-content-wrapper\">\n\t\t\t\t\t\t\t\t\t<span class=\"elementor-button-text\">D\u00c9COUVREZ NOS PROJETS<\/span>\n\t\t\t\t\t<\/span>\n\t\t\t\t\t<\/a>\n\t\t\t\t<\/div>\n\t\t\t\t\t\t\t\t<\/div>\n\t\t\t\t<\/div>\n\t\t\t\t\t<\/div>\n\t\t<\/div>\n\t\t\t\t<div class=\"elementor-column elementor-col-50 elementor-top-column elementor-element elementor-element-5a436347\" data-id=\"5a436347\" data-element_type=\"column\" data-e-type=\"column\" data-settings=\"{&quot;background_background&quot;:&quot;classic&quot;}\">\n\t\t\t<div class=\"elementor-widget-wrap elementor-element-populated\">\n\t\t\t\t\t<div class=\"elementor-background-overlay\"><\/div>\n\t\t\t\t\t\t<div class=\"elementor-element elementor-element-4e08343b elementor-widget elementor-widget-spacer\" data-id=\"4e08343b\" data-element_type=\"widget\" data-e-type=\"widget\" data-widget_type=\"spacer.default\">\n\t\t\t\t<div class=\"elementor-widget-container\">\n\t\t\t\t\t\t\t<div class=\"elementor-spacer\">\n\t\t\t<div class=\"elementor-spacer-inner\"><\/div>\n\t\t<\/div>\n\t\t\t\t\t\t<\/div>\n\t\t\t\t<\/div>\n\t\t\t\t\t<\/div>\n\t\t<\/div>\n\t\t\t\t\t<\/div>\n\t\t<\/section>\n\t\t\t\t<section class=\"elementor-section elementor-top-section elementor-element elementor-element-3bd898c6 elementor-section-boxed elementor-section-height-default elementor-section-height-default\" data-id=\"3bd898c6\" data-element_type=\"section\" data-e-type=\"section\">\n\t\t\t\t\t\t<div class=\"elementor-container elementor-column-gap-no\">\n\t\t\t\t\t<div class=\"elementor-column elementor-col-100 elementor-top-column elementor-element elementor-element-70add373\" data-id=\"70add373\" data-element_type=\"column\" data-e-type=\"column\">\n\t\t\t<div class=\"elementor-widget-wrap elementor-element-populated\">\n\t\t\t\t\t\t<div class=\"elementor-element elementor-element-3ab3b0f6 elementor-widget elementor-widget-spacer\" data-id=\"3ab3b0f6\" data-element_type=\"widget\" data-e-type=\"widget\" data-widget_type=\"spacer.default\">\n\t\t\t\t<div class=\"elementor-widget-container\">\n\t\t\t\t\t\t\t<div class=\"elementor-spacer\">\n\t\t\t<div class=\"elementor-spacer-inner\"><\/div>\n\t\t<\/div>\n\t\t\t\t\t\t<\/div>\n\t\t\t\t<\/div>\n\t\t\t\t\t<\/div>\n\t\t<\/div>\n\t\t\t\t\t<\/div>\n\t\t<\/section>\n\t\t\t\t<section class=\"elementor-section elementor-top-section elementor-element elementor-element-2230cd4d elementor-section-boxed elementor-section-height-default elementor-section-height-default\" data-id=\"2230cd4d\" data-element_type=\"section\" data-e-type=\"section\">\n\t\t\t\t\t\t<div class=\"elementor-container elementor-column-gap-no\">\n\t\t\t\t\t<div class=\"elementor-column elementor-col-100 elementor-top-column elementor-element elementor-element-51570a24\" data-id=\"51570a24\" data-element_type=\"column\" data-e-type=\"column\">\n\t\t\t<div class=\"elementor-widget-wrap elementor-element-populated\">\n\t\t\t\t\t\t<div class=\"elementor-element elementor-element-527a4077 elementor-widget elementor-widget-elementskit-IabdPhotoFilter\" data-id=\"527a4077\" data-element_type=\"widget\" data-e-type=\"widget\" data-widget_type=\"elementskit-IabdPhotoFilter.default\">\n\t\t\t\t<div class=\"elementor-widget-container\">\n\t\t\t\t\t<div class=\"ibway_iabd_photo_filter\">\n<div class=\"bloc-filter\" style='height:200px'>\n\t<a href=\"\/fr\/raffinage-conversion-dunites-recyclage-de-carbone\/\">\n\t\t<img decoding=\"async\" src=\"https:\/\/www.arteliagroup.com\/wp-content\/uploads\/2023\/10\/INDUSTRY-oil-refining.jpg\" alt=\"\">\n\t\t<div class=\"bloc-filter__overlay\"><\/div>\n\t\t<div class=\"bloc-filter__des\">Raffinage, conversion d\u2019unit\u00e9s, recyclage de carbone <\/div>\n\t\t<div class=\"bloc-filter__des-hover\">Raffinage, conversion d\u2019unit\u00e9s, recyclage de carbone <\/div>\n\t<\/a>\n<\/div>\n<div class=\"bloc-filter\" style='height:200px'>\n\t<a href=\"\/fr\/petrochimie\/\">\n\t\t<img decoding=\"async\" src=\"https:\/\/www.arteliagroup.com\/wp-content\/uploads\/2023\/10\/INDUSTRY-Petrochemicals-products-storage.jpg\" alt=\"\">\n\t\t<div class=\"bloc-filter__overlay\"><\/div>\n\t\t<div class=\"bloc-filter__des\">P\u00e9trochimie<\/div>\n\t\t<div class=\"bloc-filter__des-hover\">P\u00e9trochimie<\/div>\n\t<\/a>\n<\/div>\n<div class=\"bloc-filter\" style='height:200px'>\n\t<a href=\"\/fr\/chimie\/\">\n\t\t<img decoding=\"async\" src=\"https:\/\/www.arteliagroup.com\/wp-content\/uploads\/2023\/10\/INDUSTRY-Chemicals.jpg\" alt=\"\">\n\t\t<div class=\"bloc-filter__overlay\"><\/div>\n\t\t<div class=\"bloc-filter__des\">Chimie<\/div>\n\t\t<div class=\"bloc-filter__des-hover\">Chimie<\/div>\n\t<\/a>\n<\/div>\n<div class=\"bloc-filter\" style='height:200px'>\n\t<a href=\"\/fr\/pharmacie-et-cosmetique\/\">\n\t\t<img decoding=\"async\" src=\"https:\/\/www.arteliagroup.com\/wp-content\/uploads\/2023\/10\/INDUSTRY-pharmaceuticals.jpeg\" alt=\"\">\n\t\t<div class=\"bloc-filter__overlay\"><\/div>\n\t\t<div class=\"bloc-filter__des\">Pharmacie<\/div>\n\t\t<div class=\"bloc-filter__des-hover\">Pharmacie<\/div>\n\t<\/a>\n<\/div>\n<div class=\"bloc-filter\" style='height:200px'>\n\t<a href=\"\/fr\/aeronautique-automobile-construction-navale-et-spatiale\/\">\n\t\t<img decoding=\"async\" src=\"https:\/\/www.arteliagroup.com\/wp-content\/uploads\/2023\/10\/INDUSTRY-aeronautics-automotive-shipbuilding-space-industires.jpg\" alt=\"\">\n\t\t<div class=\"bloc-filter__overlay\"><\/div>\n\t\t<div class=\"bloc-filter__des\">A\u00e9ronautique, automobile, construction navale et spatiale<\/div>\n\t\t<div class=\"bloc-filter__des-hover\">A\u00e9ronautique, automobile, construction navale et spatiale<\/div>\n\t<\/a>\n<\/div>\n<div class=\"bloc-filter\" style='height:200px'>\n\t<a href=\"\/fr\/siderurgie-mines\/\">\n\t\t<img decoding=\"async\" src=\"https:\/\/www.arteliagroup.com\/wp-content\/uploads\/2023\/10\/INDUSTRIE-steel-industry-mining-siderurgie.jpg\" alt=\"\">\n\t\t<div class=\"bloc-filter__overlay\"><\/div>\n\t\t<div class=\"bloc-filter__des\">Sid\u00e9rurgie, mines <\/div>\n\t\t<div class=\"bloc-filter__des-hover\">Sid\u00e9rurgie, mines <\/div>\n\t<\/a>\n<\/div>\n<div class=\"bloc-filter\" style='height:200px'>\n\t<a href=\"\/fr\/microelectronique\/\">\n\t\t<img decoding=\"async\" src=\"https:\/\/www.arteliagroup.com\/wp-content\/uploads\/2023\/10\/INDUSTRIE-microelectonics.jpeg\" alt=\"\">\n\t\t<div class=\"bloc-filter__overlay\"><\/div>\n\t\t<div class=\"bloc-filter__des\">Micro\u00e9lectronique<\/div>\n\t\t<div class=\"bloc-filter__des-hover\">Micro\u00e9lectronique<\/div>\n\t<\/a>\n<\/div>\n<div class=\"bloc-filter\" style='height:200px'>\n\t<a href=\"\/fr\/defense\/\">\n\t\t<img decoding=\"async\" src=\"https:\/\/www.arteliagroup.com\/wp-content\/uploads\/2023\/10\/INDUSTRYIE-defence.jpeg\" alt=\"\">\n\t\t<div class=\"bloc-filter__overlay\"><\/div>\n\t\t<div class=\"bloc-filter__des\">D\u00e9fense<\/div>\n\t\t<div class=\"bloc-filter__des-hover\">D\u00e9fense<\/div>\n\t<\/a>\n<\/div>\n<\/div>\t\t\t\t<\/div>\n\t\t\t\t<\/div>\n\t\t\t\t\t<\/div>\n\t\t<\/div>\n\t\t\t\t\t<\/div>\n\t\t<\/section>\n\t\t\t\t<section class=\"elementor-section elementor-top-section elementor-element elementor-element-df3f4fe elementor-section-boxed elementor-section-height-default elementor-section-height-default\" data-id=\"df3f4fe\" data-element_type=\"section\" data-e-type=\"section\">\n\t\t\t\t\t\t<div class=\"elementor-container elementor-column-gap-no\">\n\t\t\t\t\t<div class=\"elementor-column elementor-col-100 elementor-top-column elementor-element elementor-element-2a3963b2\" data-id=\"2a3963b2\" data-element_type=\"column\" data-e-type=\"column\">\n\t\t\t<div class=\"elementor-widget-wrap elementor-element-populated\">\n\t\t\t\t\t\t<div class=\"elementor-element elementor-element-26d03306 elementor-widget elementor-widget-spacer\" data-id=\"26d03306\" data-element_type=\"widget\" data-e-type=\"widget\" data-widget_type=\"spacer.default\">\n\t\t\t\t<div class=\"elementor-widget-container\">\n\t\t\t\t\t\t\t<div class=\"elementor-spacer\">\n\t\t\t<div class=\"elementor-spacer-inner\"><\/div>\n\t\t<\/div>\n\t\t\t\t\t\t<\/div>\n\t\t\t\t<\/div>\n\t\t\t\t\t<\/div>\n\t\t<\/div>\n\t\t\t\t\t<\/div>\n\t\t<\/section>\n\t\t\t\t<section class=\"elementor-section elementor-top-section elementor-element elementor-element-0c266ee elementor-section-boxed elementor-section-height-default elementor-section-height-default\" data-id=\"0c266ee\" data-element_type=\"section\" data-e-type=\"section\">\n\t\t\t\t\t\t<div class=\"elementor-container elementor-column-gap-default\">\n\t\t\t\t\t<div class=\"elementor-column elementor-col-100 elementor-top-column elementor-element elementor-element-5c317df\" data-id=\"5c317df\" data-element_type=\"column\" data-e-type=\"column\">\n\t\t\t<div class=\"elementor-widget-wrap elementor-element-populated\">\n\t\t\t\t\t\t<div class=\"elementor-element elementor-element-3dfe08b elementor-widget elementor-widget-video\" data-id=\"3dfe08b\" data-element_type=\"widget\" data-e-type=\"widget\" data-settings=\"{&quot;youtube_url&quot;:&quot;https:\\\/\\\/www.youtube.com\\\/watch?v=tkLpTI876Us&quot;,&quot;video_type&quot;:&quot;youtube&quot;,&quot;controls&quot;:&quot;yes&quot;}\" data-widget_type=\"video.default\">\n\t\t\t\t<div class=\"elementor-widget-container\">\n\t\t\t\t\t\t\t<div class=\"elementor-wrapper elementor-open-inline\">\n\t\t\t<div class=\"elementor-video\"><\/div>\t\t<\/div>\n\t\t\t\t\t\t<\/div>\n\t\t\t\t<\/div>\n\t\t\t\t\t<\/div>\n\t\t<\/div>\n\t\t\t\t\t<\/div>\n\t\t<\/section>\n\t\t\t\t<\/div>\n\t\t","protected":false},"excerpt":{"rendered":"<p>INDUSTRIE Nous concevons, adaptons et modernisons les installations industrielles pour conjuguer performance \u00e9conomique, d\u00e9fi environnemental et exigence de s\u00e9curit\u00e9. D\u00c9COUVREZ NOS PROJETS Raffinage, conversion d\u2019unit\u00e9s, recyclage de carbone Raffinage, conversion d\u2019unit\u00e9s, recyclage de carbone P\u00e9trochimie P\u00e9trochimie Chimie Chimie Pharmacie Pharmacie A\u00e9ronautique, automobile, construction navale et spatiale A\u00e9ronautique, automobile, construction navale et spatiale Sid\u00e9rurgie, mines Sid\u00e9rurgie, [&hellip;]<\/p>\n","protected":false},"author":1,"featured_media":0,"parent":0,"menu_order":0,"comment_status":"closed","ping_status":"closed","template":"","meta":{"_acf_changed":false,"inline_featured_image":false,"footnotes":""},"class_list":["post-8278","page","type-page","status-publish","hentry"],"acf":[],"yoast_head":"<!-- This site is optimized with the Yoast SEO plugin v27.4 - https:\/\/yoast.com\/product\/yoast-seo-wordpress\/ -->\n<title>Industrie - Artelia Group<\/title>\n<meta name=\"robots\" content=\"index, follow, max-snippet:-1, max-image-preview:large, max-video-preview:-1\" \/>\n<link rel=\"canonical\" href=\"https:\/\/www.arteliagroup.com\/industry\/\" \/>\n<meta property=\"og:locale\" content=\"fr_FR\" \/>\n<meta property=\"og:type\" content=\"article\" \/>\n<meta property=\"og:title\" content=\"Industrie - Artelia Group\" \/>\n<meta property=\"og:description\" content=\"INDUSTRIE Nous concevons, adaptons et modernisons les installations industrielles pour conjuguer performance \u00e9conomique, d\u00e9fi environnemental et exigence de s\u00e9curit\u00e9. D\u00c9COUVREZ NOS PROJETS Raffinage, conversion d\u2019unit\u00e9s, recyclage de carbone Raffinage, conversion d\u2019unit\u00e9s, recyclage de carbone P\u00e9trochimie P\u00e9trochimie Chimie Chimie Pharmacie Pharmacie A\u00e9ronautique, automobile, construction navale et spatiale A\u00e9ronautique, automobile, construction navale et spatiale Sid\u00e9rurgie, mines Sid\u00e9rurgie, [&hellip;]\" \/>\n<meta property=\"og:url\" content=\"https:\/\/www.arteliagroup.com\/industry\/\" \/>\n<meta property=\"og:site_name\" content=\"Artelia Group\" \/>\n<meta property=\"article:modified_time\" content=\"2026-03-12T16:26:15+00:00\" \/>\n<meta property=\"og:image\" content=\"https:\/\/www.arteliagroup.com\/wp-content\/uploads\/2023\/10\/INDUSTRY-oil-refining.jpg\" \/>\n<meta name=\"twitter:card\" content=\"summary_large_image\" \/>\n<meta name=\"twitter:label1\" content=\"Dur\u00e9e de lecture estim\u00e9e\" \/>\n\t<meta name=\"twitter:data1\" content=\"2 minutes\" \/>\n<script type=\"application\/ld+json\" class=\"yoast-schema-graph\">{\"@context\":\"https:\\\/\\\/schema.org\",\"@graph\":[{\"@type\":\"WebPage\",\"@id\":\"https:\\\/\\\/www.arteliagroup.com\\\/industry\\\/\",\"url\":\"https:\\\/\\\/www.arteliagroup.com\\\/industry\\\/\",\"name\":\"Industrie - Artelia Group\",\"isPartOf\":{\"@id\":\"https:\\\/\\\/www.arteliagroup.com\\\/#website\"},\"primaryImageOfPage\":{\"@id\":\"https:\\\/\\\/www.arteliagroup.com\\\/industry\\\/#primaryimage\"},\"image\":{\"@id\":\"https:\\\/\\\/www.arteliagroup.com\\\/industry\\\/#primaryimage\"},\"thumbnailUrl\":\"https:\\\/\\\/www.arteliagroup.com\\\/wp-content\\\/uploads\\\/2023\\\/10\\\/INDUSTRY-oil-refining.jpg\",\"datePublished\":\"2023-10-10T12:24:31+00:00\",\"dateModified\":\"2026-03-12T16:26:15+00:00\",\"breadcrumb\":{\"@id\":\"https:\\\/\\\/www.arteliagroup.com\\\/industry\\\/#breadcrumb\"},\"inLanguage\":\"fr-FR\",\"potentialAction\":[{\"@type\":\"ReadAction\",\"target\":[\"https:\\\/\\\/www.arteliagroup.com\\\/industry\\\/\"]}]},{\"@type\":\"ImageObject\",\"inLanguage\":\"fr-FR\",\"@id\":\"https:\\\/\\\/www.arteliagroup.com\\\/industry\\\/#primaryimage\",\"url\":\"https:\\\/\\\/www.arteliagroup.com\\\/wp-content\\\/uploads\\\/2023\\\/10\\\/INDUSTRY-oil-refining.jpg\",\"contentUrl\":\"https:\\\/\\\/www.arteliagroup.com\\\/wp-content\\\/uploads\\\/2023\\\/10\\\/INDUSTRY-oil-refining.jpg\"},{\"@type\":\"BreadcrumbList\",\"@id\":\"https:\\\/\\\/www.arteliagroup.com\\\/industry\\\/#breadcrumb\",\"itemListElement\":[{\"@type\":\"ListItem\",\"position\":1,\"name\":\"Home\",\"item\":\"https:\\\/\\\/www.arteliagroup.com\\\/fr\\\/\"},{\"@type\":\"ListItem\",\"position\":2,\"name\":\"Industrie\"}]},{\"@type\":\"WebSite\",\"@id\":\"https:\\\/\\\/www.arteliagroup.com\\\/#website\",\"url\":\"https:\\\/\\\/www.arteliagroup.com\\\/\",\"name\":\"Artelia Group\",\"description\":\"\",\"publisher\":{\"@id\":\"https:\\\/\\\/www.arteliagroup.com\\\/#organization\"},\"potentialAction\":[{\"@type\":\"SearchAction\",\"target\":{\"@type\":\"EntryPoint\",\"urlTemplate\":\"https:\\\/\\\/www.arteliagroup.com\\\/?s={search_term_string}\"},\"query-input\":{\"@type\":\"PropertyValueSpecification\",\"valueRequired\":true,\"valueName\":\"search_term_string\"}}],\"inLanguage\":\"fr-FR\"},{\"@type\":\"Organization\",\"@id\":\"https:\\\/\\\/www.arteliagroup.com\\\/#organization\",\"name\":\"Artelia Group\",\"url\":\"https:\\\/\\\/www.arteliagroup.com\\\/\",\"logo\":{\"@type\":\"ImageObject\",\"inLanguage\":\"fr-FR\",\"@id\":\"https:\\\/\\\/www.arteliagroup.com\\\/#\\\/schema\\\/logo\\\/image\\\/\",\"url\":\"https:\\\/\\\/www.arteliagroup.com\\\/wp-content\\\/uploads\\\/2023\\\/04\\\/logo_ARTELIA_Couleur.png\",\"contentUrl\":\"https:\\\/\\\/www.arteliagroup.com\\\/wp-content\\\/uploads\\\/2023\\\/04\\\/logo_ARTELIA_Couleur.png\",\"width\":303,\"height\":100,\"caption\":\"Artelia Group\"},\"image\":{\"@id\":\"https:\\\/\\\/www.arteliagroup.com\\\/#\\\/schema\\\/logo\\\/image\\\/\"}}]}<\/script>\n<!-- \/ Yoast SEO plugin. -->","yoast_head_json":{"title":"Industrie - Artelia Group","robots":{"index":"index","follow":"follow","max-snippet":"max-snippet:-1","max-image-preview":"max-image-preview:large","max-video-preview":"max-video-preview:-1"},"canonical":"https:\/\/www.arteliagroup.com\/industry\/","og_locale":"fr_FR","og_type":"article","og_title":"Industrie - Artelia Group","og_description":"INDUSTRIE Nous concevons, adaptons et modernisons les installations industrielles pour conjuguer performance \u00e9conomique, d\u00e9fi environnemental et exigence de s\u00e9curit\u00e9. D\u00c9COUVREZ NOS PROJETS Raffinage, conversion d\u2019unit\u00e9s, recyclage de carbone Raffinage, conversion d\u2019unit\u00e9s, recyclage de carbone P\u00e9trochimie P\u00e9trochimie Chimie Chimie Pharmacie Pharmacie A\u00e9ronautique, automobile, construction navale et spatiale A\u00e9ronautique, automobile, construction navale et spatiale Sid\u00e9rurgie, mines Sid\u00e9rurgie, [&hellip;]","og_url":"https:\/\/www.arteliagroup.com\/industry\/","og_site_name":"Artelia Group","article_modified_time":"2026-03-12T16:26:15+00:00","og_image":[{"url":"https:\/\/www.arteliagroup.com\/wp-content\/uploads\/2023\/10\/INDUSTRY-oil-refining.jpg","type":"","width":"","height":""}],"twitter_card":"summary_large_image","twitter_misc":{"Dur\u00e9e de lecture estim\u00e9e":"2 minutes"},"schema":{"@context":"https:\/\/schema.org","@graph":[{"@type":"WebPage","@id":"https:\/\/www.arteliagroup.com\/industry\/","url":"https:\/\/www.arteliagroup.com\/industry\/","name":"Industrie - Artelia Group","isPartOf":{"@id":"https:\/\/www.arteliagroup.com\/#website"},"primaryImageOfPage":{"@id":"https:\/\/www.arteliagroup.com\/industry\/#primaryimage"},"image":{"@id":"https:\/\/www.arteliagroup.com\/industry\/#primaryimage"},"thumbnailUrl":"https:\/\/www.arteliagroup.com\/wp-content\/uploads\/2023\/10\/INDUSTRY-oil-refining.jpg","datePublished":"2023-10-10T12:24:31+00:00","dateModified":"2026-03-12T16:26:15+00:00","breadcrumb":{"@id":"https:\/\/www.arteliagroup.com\/industry\/#breadcrumb"},"inLanguage":"fr-FR","potentialAction":[{"@type":"ReadAction","target":["https:\/\/www.arteliagroup.com\/industry\/"]}]},{"@type":"ImageObject","inLanguage":"fr-FR","@id":"https:\/\/www.arteliagroup.com\/industry\/#primaryimage","url":"https:\/\/www.arteliagroup.com\/wp-content\/uploads\/2023\/10\/INDUSTRY-oil-refining.jpg","contentUrl":"https:\/\/www.arteliagroup.com\/wp-content\/uploads\/2023\/10\/INDUSTRY-oil-refining.jpg"},{"@type":"BreadcrumbList","@id":"https:\/\/www.arteliagroup.com\/industry\/#breadcrumb","itemListElement":[{"@type":"ListItem","position":1,"name":"Home","item":"https:\/\/www.arteliagroup.com\/fr\/"},{"@type":"ListItem","position":2,"name":"Industrie"}]},{"@type":"WebSite","@id":"https:\/\/www.arteliagroup.com\/#website","url":"https:\/\/www.arteliagroup.com\/","name":"Artelia Group","description":"","publisher":{"@id":"https:\/\/www.arteliagroup.com\/#organization"},"potentialAction":[{"@type":"SearchAction","target":{"@type":"EntryPoint","urlTemplate":"https:\/\/www.arteliagroup.com\/?s={search_term_string}"},"query-input":{"@type":"PropertyValueSpecification","valueRequired":true,"valueName":"search_term_string"}}],"inLanguage":"fr-FR"},{"@type":"Organization","@id":"https:\/\/www.arteliagroup.com\/#organization","name":"Artelia Group","url":"https:\/\/www.arteliagroup.com\/","logo":{"@type":"ImageObject","inLanguage":"fr-FR","@id":"https:\/\/www.arteliagroup.com\/#\/schema\/logo\/image\/","url":"https:\/\/www.arteliagroup.com\/wp-content\/uploads\/2023\/04\/logo_ARTELIA_Couleur.png","contentUrl":"https:\/\/www.arteliagroup.com\/wp-content\/uploads\/2023\/04\/logo_ARTELIA_Couleur.png","width":303,"height":100,"caption":"Artelia Group"},"image":{"@id":"https:\/\/www.arteliagroup.com\/#\/schema\/logo\/image\/"}}]}},"_links":{"self":[{"href":"https:\/\/www.arteliagroup.com\/fr\/wp-json\/wp\/v2\/pages\/8278","targetHints":{"allow":["GET"]}}],"collection":[{"href":"https:\/\/www.arteliagroup.com\/fr\/wp-json\/wp\/v2\/pages"}],"about":[{"href":"https:\/\/www.arteliagroup.com\/fr\/wp-json\/wp\/v2\/types\/page"}],"author":[{"embeddable":true,"href":"https:\/\/www.arteliagroup.com\/fr\/wp-json\/wp\/v2\/users\/1"}],"replies":[{"embeddable":true,"href":"https:\/\/www.arteliagroup.com\/fr\/wp-json\/wp\/v2\/comments?post=8278"}],"version-history":[{"count":3,"href":"https:\/\/www.arteliagroup.com\/fr\/wp-json\/wp\/v2\/pages\/8278\/revisions"}],"predecessor-version":[{"id":25521,"href":"https:\/\/www.arteliagroup.com\/fr\/wp-json\/wp\/v2\/pages\/8278\/revisions\/25521"}],"wp:attachment":[{"href":"https:\/\/www.arteliagroup.com\/fr\/wp-json\/wp\/v2\/media?parent=8278"}],"curies":[{"name":"wp","href":"https:\/\/api.w.org\/{rel}","templated":true}]}}