{"id":8288,"date":"2023-10-10T15:39:08","date_gmt":"2023-10-10T13:39:08","guid":{"rendered":"https:\/\/www.arteliagroup.com\/amenagement-de-la-ville\/"},"modified":"2023-12-19T16:54:48","modified_gmt":"2023-12-19T15:54:48","slug":"amenagement-de-la-ville","status":"publish","type":"page","link":"https:\/\/www.arteliagroup.com\/fr\/mobilite\/amenagement-de-la-ville\/","title":{"rendered":"Am\u00e9nagement de la ville"},"content":{"rendered":"\t\t<div data-elementor-type=\"wp-page\" data-elementor-id=\"8288\" class=\"elementor elementor-8288 elementor-5483\">\n\t\t\t\t\t\t<section class=\"elementor-section elementor-top-section elementor-element elementor-element-d2acb85 elementor-section-full_width elementor-section-height-min-height elementor-section-items-stretch elementor-section-content-middle elementor-reverse-mobile_extra elementor-reverse-mobile width-limit elementor-section-height-default\" data-id=\"d2acb85\" data-element_type=\"section\" data-e-type=\"section\">\n\t\t\t\t\t\t\t<div class=\"elementor-background-overlay\"><\/div>\n\t\t\t\t\t\t\t<div class=\"elementor-container elementor-column-gap-no\">\n\t\t\t\t\t<div class=\"elementor-column elementor-col-50 elementor-top-column elementor-element elementor-element-77869240 padleft0-full\" data-id=\"77869240\" data-element_type=\"column\" data-e-type=\"column\">\n\t\t\t<div class=\"elementor-widget-wrap elementor-element-populated\">\n\t\t\t\t\t\t<div class=\"elementor-element elementor-element-339d0943 elementor-widget elementor-widget-heading\" data-id=\"339d0943\" data-element_type=\"widget\" data-e-type=\"widget\" data-widget_type=\"heading.default\">\n\t\t\t\t<div class=\"elementor-widget-container\">\n\t\t\t\t\t<h1 class=\"elementor-heading-title elementor-size-default\">AM\u00c9NAGEMENT<br>DE LA VILLE<\/h1>\t\t\t\t<\/div>\n\t\t\t\t<\/div>\n\t\t\t\t<div class=\"elementor-element elementor-element-3fbc70 elementor-widget elementor-widget-text-editor\" data-id=\"3fbc70\" data-element_type=\"widget\" data-e-type=\"widget\" data-widget_type=\"text-editor.default\">\n\t\t\t\t<div class=\"elementor-widget-container\">\n\t\t\t\t\t\t\t\t\t<p>Engag\u00e9 dans de nombreux projets d\u2019am\u00e9nagement urbain, Artelia g\u00e8re efficacement l\u2019insertion des infrastructures de transport dans la ville.<\/p>\n\t\t\t\t\t\t\t\t<\/div>\n\t\t\t\t<\/div>\n\t\t\t\t<div class=\"elementor-element elementor-element-87308b8 elementor-widget elementor-widget-button\" data-id=\"87308b8\" data-element_type=\"widget\" data-e-type=\"widget\" data-widget_type=\"button.default\">\n\t\t\t\t<div class=\"elementor-widget-container\">\n\t\t\t\t\t\t\t\t\t<div class=\"elementor-button-wrapper\">\n\t\t\t\t\t<a class=\"elementor-button elementor-button-link elementor-size-sm\" href=\"https:\/\/www.arteliagroup.com\/fr\/contact\/\">\n\t\t\t\t\t\t<span class=\"elementor-button-content-wrapper\">\n\t\t\t\t\t\t\t\t\t<span class=\"elementor-button-text\">Contactez nous<\/span>\n\t\t\t\t\t<\/span>\n\t\t\t\t\t<\/a>\n\t\t\t\t<\/div>\n\t\t\t\t\t\t\t\t<\/div>\n\t\t\t\t<\/div>\n\t\t\t\t\t<\/div>\n\t\t<\/div>\n\t\t\t\t<div class=\"elementor-column elementor-col-50 elementor-top-column elementor-element elementor-element-5a436347\" data-id=\"5a436347\" data-element_type=\"column\" data-e-type=\"column\" data-settings=\"{&quot;background_background&quot;:&quot;classic&quot;}\">\n\t\t\t<div class=\"elementor-widget-wrap elementor-element-populated\">\n\t\t\t\t\t<div class=\"elementor-background-overlay\"><\/div>\n\t\t\t\t\t\t<div class=\"elementor-element elementor-element-4e08343b elementor-widget elementor-widget-spacer\" data-id=\"4e08343b\" data-element_type=\"widget\" data-e-type=\"widget\" data-widget_type=\"spacer.default\">\n\t\t\t\t<div class=\"elementor-widget-container\">\n\t\t\t\t\t\t\t<div class=\"elementor-spacer\">\n\t\t\t<div class=\"elementor-spacer-inner\"><\/div>\n\t\t<\/div>\n\t\t\t\t\t\t<\/div>\n\t\t\t\t<\/div>\n\t\t\t\t\t<\/div>\n\t\t<\/div>\n\t\t\t\t\t<\/div>\n\t\t<\/section>\n\t\t\t\t<section class=\"elementor-section elementor-top-section elementor-element elementor-element-44639658 elementor-section-boxed elementor-section-height-default elementor-section-height-default\" data-id=\"44639658\" data-element_type=\"section\" data-e-type=\"section\">\n\t\t\t\t\t\t<div class=\"elementor-container elementor-column-gap-no\">\n\t\t\t\t\t<div class=\"elementor-column elementor-col-100 elementor-top-column elementor-element elementor-element-2ad0b6c4\" data-id=\"2ad0b6c4\" data-element_type=\"column\" data-e-type=\"column\">\n\t\t\t<div class=\"elementor-widget-wrap elementor-element-populated\">\n\t\t\t\t\t\t<div class=\"elementor-element elementor-element-1f7418b0 elementor-widget elementor-widget-spacer\" data-id=\"1f7418b0\" data-element_type=\"widget\" data-e-type=\"widget\" data-widget_type=\"spacer.default\">\n\t\t\t\t<div class=\"elementor-widget-container\">\n\t\t\t\t\t\t\t<div class=\"elementor-spacer\">\n\t\t\t<div class=\"elementor-spacer-inner\"><\/div>\n\t\t<\/div>\n\t\t\t\t\t\t<\/div>\n\t\t\t\t<\/div>\n\t\t\t\t\t<\/div>\n\t\t<\/div>\n\t\t\t\t\t<\/div>\n\t\t<\/section>\n\t\t\t\t<section class=\"elementor-section elementor-top-section elementor-element elementor-element-15658913 elementor-section-boxed elementor-section-height-default elementor-section-height-default\" data-id=\"15658913\" data-element_type=\"section\" data-e-type=\"section\">\n\t\t\t\t\t\t<div class=\"elementor-container elementor-column-gap-no\">\n\t\t\t\t\t<div class=\"elementor-column elementor-col-100 elementor-top-column elementor-element elementor-element-1657ae43\" data-id=\"1657ae43\" data-element_type=\"column\" data-e-type=\"column\">\n\t\t\t<div class=\"elementor-widget-wrap elementor-element-populated\">\n\t\t\t\t\t\t<div class=\"elementor-element elementor-element-5c8b21d2 elementor-widget elementor-widget-heading\" data-id=\"5c8b21d2\" data-element_type=\"widget\" data-e-type=\"widget\" data-widget_type=\"heading.default\">\n\t\t\t\t<div class=\"elementor-widget-container\">\n\t\t\t\t\t<h2 class=\"elementor-heading-title elementor-size-default\">NOTRE ACCOMPAGNEMENT<\/h2>\t\t\t\t<\/div>\n\t\t\t\t<\/div>\n\t\t\t\t<div class=\"elementor-element elementor-element-643fb90c elementor-widget elementor-widget-text-editor\" data-id=\"643fb90c\" data-element_type=\"widget\" data-e-type=\"widget\" data-widget_type=\"text-editor.default\">\n\t\t\t\t<div class=\"elementor-widget-container\">\n\t\t\t\t\t\t\t\t\t<p>Le bon fonctionnement d\u2019une ville, et la r\u00e9ussite de tout projet d\u2019am\u00e9nagement urbain, reposent sur la capacit\u00e9 de la collectivit\u00e9 \u00e0 planifier son d\u00e9veloppement, en s\u2019appuyant sur un ensemble d\u2019infrastructures de qualit\u00e9, modernes et adapt\u00e9es aux besoins (r\u00e9seaux de transport, d\u2019assainissement, d\u2019eau, d\u2019\u00e9nergie et d\u2019\u00e9lectricit\u00e9, infrastructures de t\u00e9l\u00e9communications et de traitement de l\u2019information\u2026).<\/p>\n<p>Artelia, qui a particip\u00e9 \u00e0 la reconstruction compl\u00e8te de certaines villes, et accompagn\u00e9 dans leur d\u00e9veloppement de nombreuses agglom\u00e9rations, poss\u00e8de aujourd\u2019hui une exp\u00e9rience consid\u00e9rable dans la cr\u00e9ation, la r\u00e9habilitation et la modernisation des infrastructures traditionnelles. Le Groupe met \u00e9galement en \u0153uvre des concepts innovants et des solutions originales, adapt\u00e9es \u00e0 chaque contexte local.<\/p>\n<p>Artelia mobilise ce savoir-faire dans le cadre des projets de transport. Le Groupe d\u00e9veloppe des m\u00e9thodes de co-conception et d\u2019\u00e9coconception, et \u00e9labore des mod\u00e8les de mobilit\u00e9 statiques et dynamiques. Il accompagne des collectivit\u00e9s territoriales dans la planification de leur syst\u00e8me de transport en g\u00e9rant tous les types de besoins (mobilit\u00e9s professionnelles et pendulaires, ludiques et touristiques), en veillant \u00e0 relier efficacement les villes \u00e0 leurs territoires. Artelia conduit et participe \u00e9galement \u00e0 de nombreux projets de recherche et d\u00e9veloppement sur la ville et la mobilit\u00e9 durable.<\/p>\n\t\t\t\t\t\t\t\t<\/div>\n\t\t\t\t<\/div>\n\t\t\t\t\t<\/div>\n\t\t<\/div>\n\t\t\t\t\t<\/div>\n\t\t<\/section>\n\t\t\t\t<section class=\"elementor-section elementor-top-section elementor-element elementor-element-57c6de9 elementor-section-boxed elementor-section-height-default elementor-section-height-default\" data-id=\"57c6de9\" data-element_type=\"section\" data-e-type=\"section\">\n\t\t\t\t\t\t<div class=\"elementor-container elementor-column-gap-default\">\n\t\t\t\t\t<div class=\"elementor-column elementor-col-100 elementor-top-column elementor-element elementor-element-923ad2b\" data-id=\"923ad2b\" data-element_type=\"column\" data-e-type=\"column\">\n\t\t\t<div class=\"elementor-widget-wrap elementor-element-populated\">\n\t\t\t\t\t\t<div class=\"elementor-element elementor-element-988436d elementor-widget elementor-widget-spacer\" data-id=\"988436d\" data-element_type=\"widget\" data-e-type=\"widget\" data-widget_type=\"spacer.default\">\n\t\t\t\t<div class=\"elementor-widget-container\">\n\t\t\t\t\t\t\t<div class=\"elementor-spacer\">\n\t\t\t<div class=\"elementor-spacer-inner\"><\/div>\n\t\t<\/div>\n\t\t\t\t\t\t<\/div>\n\t\t\t\t<\/div>\n\t\t\t\t\t<\/div>\n\t\t<\/div>\n\t\t\t\t\t<\/div>\n\t\t<\/section>\n\t\t\t\t<section class=\"elementor-section elementor-top-section elementor-element elementor-element-7595033a elementor-section-boxed elementor-section-height-default elementor-section-height-default\" data-id=\"7595033a\" data-element_type=\"section\" data-e-type=\"section\">\n\t\t\t\t\t\t<div class=\"elementor-container elementor-column-gap-no\">\n\t\t\t\t\t<div class=\"elementor-column elementor-col-100 elementor-top-column elementor-element elementor-element-2a81e7b9\" data-id=\"2a81e7b9\" data-element_type=\"column\" data-e-type=\"column\">\n\t\t\t<div class=\"elementor-widget-wrap elementor-element-populated\">\n\t\t\t\t\t\t<div class=\"elementor-element elementor-element-2f17ec22 elementor-widget elementor-widget-heading\" data-id=\"2f17ec22\" data-element_type=\"widget\" data-e-type=\"widget\" data-widget_type=\"heading.default\">\n\t\t\t\t<div class=\"elementor-widget-container\">\n\t\t\t\t\t<h2 class=\"elementor-heading-title elementor-size-default\">PROJETS EMBL\u00c9MATIQUES<\/h2>\t\t\t\t<\/div>\n\t\t\t\t<\/div>\n\t\t\t\t<div class=\"elementor-element elementor-element-1ff7f7fb elementor-widget elementor-widget-elementskit-IabdCPTGrid\" data-id=\"1ff7f7fb\" data-element_type=\"widget\" data-e-type=\"widget\" data-widget_type=\"elementskit-IabdCPTGrid.default\">\n\t\t\t\t<div class=\"elementor-widget-container\">\n\t\t\t\t\t<div class=\"ibway_iabd_cpt_grid\"><div id=\"post-items--1ff7f7fb\" class=\"row post-items\" data-col=\"col3\">\n        <div class=\"post-item\">\n        <div class=\"post-item__photo\" style=\"background-image: url('https:\/\/www.arteliagroup.com\/wp-content\/uploads\/2023\/12\/France_F34_La-Grande-Motte_PHOTO-1024x343.jpg')\">\n            <div class=\"picto\"><img decoding=\"async\" src=\"https:\/\/www.arteliagroup.com\/wp-content\/uploads\/2023\/04\/Picto_Mobilite.svg\" \/><\/div>\n        <\/div>\n        <div class=\"post-item__info\">\n            <div class=\"post-item__info-meta\">\n                <div class=\"challenge\">Mobilit\u00e9 durable et multimodale<\/div>\n                <div class=\"country\">France<\/div>\n            <\/div>\n                        <div class=\"post-item__info-title\">\n                <h3>\n                    La Grande-Motte                <\/h3>\n            <\/div>\n            \n                        <div class=\"post-item__info-des\">\n                Modernisation durable des espaces publics d\u2019une ville-port tr\u00e8s to...            <\/div>\n            \n                        <div class=\"post-item__info-cta\" align=\"center\">\n                <a href=\"https:\/\/www.arteliagroup.com\/fr\/project\/la-grande-motte\/\">EN SAVOIR +<\/a>\n            <\/div>\n            \n        <\/div>\n    <\/div>\n        <div class=\"post-item\">\n        <div class=\"post-item__photo\" style=\"background-image: url('https:\/\/www.arteliagroup.com\/wp-content\/uploads\/2023\/12\/France_F33_Bordeaux_ZAC-Bastide-Niel_PHOTO-1024x595.jpg')\">\n            <div class=\"picto\"><img decoding=\"async\" src=\"https:\/\/www.arteliagroup.com\/wp-content\/uploads\/2023\/04\/Picto_Mobilite.svg\" \/><\/div>\n        <\/div>\n        <div class=\"post-item__info\">\n            <div class=\"post-item__info-meta\">\n                <div class=\"challenge\">Mobilit\u00e9 durable et multimodale<\/div>\n                <div class=\"country\">France<\/div>\n            <\/div>\n                        <div class=\"post-item__info-title\">\n                <h3>\n                    ZAC Bastide Niel\u200b                <\/h3>\n            <\/div>\n            \n                        <div class=\"post-item__info-des\">\n                Transformer une friche industrielle en quartier agr\u00e9able et...            <\/div>\n            \n                        <div class=\"post-item__info-cta\" align=\"center\">\n                <a href=\"https:\/\/www.arteliagroup.com\/fr\/project\/bastide-niel-development-area\/\">EN SAVOIR +<\/a>\n            <\/div>\n            \n        <\/div>\n    <\/div>\n        <div class=\"post-item\">\n        <div class=\"post-item__photo\" style=\"background-image: url('https:\/\/www.arteliagroup.com\/wp-content\/uploads\/2023\/12\/Danemark_Copenhague_Quartier_Enghave-Brygge_PHOTO_Copyright_Juul-_Frost-Arkitekter-Architects-1024x576.jpg')\">\n            <div class=\"picto\"><img decoding=\"async\" src=\"https:\/\/www.arteliagroup.com\/wp-content\/uploads\/2023\/04\/Picto_Mobilite.svg\" \/><\/div>\n        <\/div>\n        <div class=\"post-item__info\">\n            <div class=\"post-item__info-meta\">\n                <div class=\"challenge\">Mobilit\u00e9 durable et multimodale<\/div>\n                <div class=\"country\">Danemark<\/div>\n            <\/div>\n                        <div class=\"post-item__info-title\">\n                <h3>\n                    Enghave Brygge                <\/h3>\n            <\/div>\n            \n                        <div class=\"post-item__info-des\">\n                Construire la mobilit\u00e9 multimodale d\u2019un nouveau quartier de Co...            <\/div>\n            \n                        <div class=\"post-item__info-cta\" align=\"center\">\n                <a href=\"https:\/\/www.arteliagroup.com\/fr\/project\/elementor-11062\/\">EN SAVOIR +<\/a>\n            <\/div>\n            \n        <\/div>\n    <\/div>\n    <\/div><\/div>\t\t\t\t<\/div>\n\t\t\t\t<\/div>\n\t\t\t\t\t<\/div>\n\t\t<\/div>\n\t\t\t\t\t<\/div>\n\t\t<\/section>\n\t\t\t\t<section class=\"elementor-section elementor-top-section elementor-element elementor-element-c73d497 elementor-section-boxed elementor-section-height-default elementor-section-height-default\" data-id=\"c73d497\" data-element_type=\"section\" data-e-type=\"section\">\n\t\t\t\t\t\t<div class=\"elementor-container elementor-column-gap-no\">\n\t\t\t\t\t<div class=\"elementor-column elementor-col-100 elementor-top-column elementor-element elementor-element-0e0aaac\" data-id=\"0e0aaac\" data-element_type=\"column\" data-e-type=\"column\">\n\t\t\t<div class=\"elementor-widget-wrap elementor-element-populated\">\n\t\t\t\t\t\t<div class=\"elementor-element elementor-element-ab46e6a elementor-widget elementor-widget-spacer\" data-id=\"ab46e6a\" data-element_type=\"widget\" data-e-type=\"widget\" data-widget_type=\"spacer.default\">\n\t\t\t\t<div class=\"elementor-widget-container\">\n\t\t\t\t\t\t\t<div class=\"elementor-spacer\">\n\t\t\t<div class=\"elementor-spacer-inner\"><\/div>\n\t\t<\/div>\n\t\t\t\t\t\t<\/div>\n\t\t\t\t<\/div>\n\t\t\t\t\t<\/div>\n\t\t<\/div>\n\t\t\t\t\t<\/div>\n\t\t<\/section>\n\t\t\t\t<\/div>\n\t\t","protected":false},"excerpt":{"rendered":"<p>AM\u00c9NAGEMENTDE LA VILLE Engag\u00e9 dans de nombreux projets d\u2019am\u00e9nagement urbain, Artelia g\u00e8re efficacement l\u2019insertion des infrastructures de transport dans la ville. Contactez nous NOTRE ACCOMPAGNEMENT Le bon fonctionnement d\u2019une ville, et la r\u00e9ussite de tout projet d\u2019am\u00e9nagement urbain, reposent sur la capacit\u00e9 de la collectivit\u00e9 \u00e0 planifier son d\u00e9veloppement, en s\u2019appuyant sur un ensemble d\u2019infrastructures [&hellip;]<\/p>\n","protected":false},"author":1,"featured_media":0,"parent":8304,"menu_order":1,"comment_status":"closed","ping_status":"closed","template":"","meta":{"_acf_changed":false,"inline_featured_image":false,"footnotes":""},"class_list":["post-8288","page","type-page","status-publish","hentry"],"acf":[],"yoast_head":"<!-- This site is optimized with the Yoast SEO plugin v27.4 - https:\/\/yoast.com\/product\/yoast-seo-wordpress\/ -->\n<title>Am\u00e9nagement de la ville - Artelia Group<\/title>\n<meta name=\"robots\" content=\"index, follow, max-snippet:-1, max-image-preview:large, max-video-preview:-1\" \/>\n<link rel=\"canonical\" href=\"https:\/\/www.arteliagroup.com\/mobility\/urban-development\/\" \/>\n<meta property=\"og:locale\" content=\"fr_FR\" \/>\n<meta property=\"og:type\" content=\"article\" \/>\n<meta property=\"og:title\" content=\"Am\u00e9nagement de la ville - Artelia Group\" \/>\n<meta property=\"og:description\" content=\"AM\u00c9NAGEMENTDE LA VILLE Engag\u00e9 dans de nombreux projets d\u2019am\u00e9nagement urbain, Artelia g\u00e8re efficacement l\u2019insertion des infrastructures de transport dans la ville. Contactez nous NOTRE ACCOMPAGNEMENT Le bon fonctionnement d\u2019une ville, et la r\u00e9ussite de tout projet d\u2019am\u00e9nagement urbain, reposent sur la capacit\u00e9 de la collectivit\u00e9 \u00e0 planifier son d\u00e9veloppement, en s\u2019appuyant sur un ensemble d\u2019infrastructures [&hellip;]\" \/>\n<meta property=\"og:url\" content=\"https:\/\/www.arteliagroup.com\/mobility\/urban-development\/\" \/>\n<meta property=\"og:site_name\" content=\"Artelia Group\" \/>\n<meta property=\"article:modified_time\" content=\"2023-12-19T15:54:48+00:00\" \/>\n<meta name=\"twitter:card\" content=\"summary_large_image\" \/>\n<meta name=\"twitter:label1\" content=\"Dur\u00e9e de lecture estim\u00e9e\" \/>\n\t<meta name=\"twitter:data1\" content=\"1 minute\" \/>\n<script type=\"application\/ld+json\" class=\"yoast-schema-graph\">{\"@context\":\"https:\\\/\\\/schema.org\",\"@graph\":[{\"@type\":\"WebPage\",\"@id\":\"https:\\\/\\\/www.arteliagroup.com\\\/mobility\\\/urban-development\\\/\",\"url\":\"https:\\\/\\\/www.arteliagroup.com\\\/mobility\\\/urban-development\\\/\",\"name\":\"Am\u00e9nagement de la ville - Artelia Group\",\"isPartOf\":{\"@id\":\"https:\\\/\\\/www.arteliagroup.com\\\/#website\"},\"datePublished\":\"2023-10-10T13:39:08+00:00\",\"dateModified\":\"2023-12-19T15:54:48+00:00\",\"breadcrumb\":{\"@id\":\"https:\\\/\\\/www.arteliagroup.com\\\/mobility\\\/urban-development\\\/#breadcrumb\"},\"inLanguage\":\"fr-FR\",\"potentialAction\":[{\"@type\":\"ReadAction\",\"target\":[\"https:\\\/\\\/www.arteliagroup.com\\\/mobility\\\/urban-development\\\/\"]}]},{\"@type\":\"BreadcrumbList\",\"@id\":\"https:\\\/\\\/www.arteliagroup.com\\\/mobility\\\/urban-development\\\/#breadcrumb\",\"itemListElement\":[{\"@type\":\"ListItem\",\"position\":1,\"name\":\"Home\",\"item\":\"https:\\\/\\\/www.arteliagroup.com\\\/fr\\\/\"},{\"@type\":\"ListItem\",\"position\":2,\"name\":\"Mobilit\u00e9\",\"item\":\"https:\\\/\\\/www.arteliagroup.com\\\/mobility\\\/\"},{\"@type\":\"ListItem\",\"position\":3,\"name\":\"Am\u00e9nagement de la ville\"}]},{\"@type\":\"WebSite\",\"@id\":\"https:\\\/\\\/www.arteliagroup.com\\\/#website\",\"url\":\"https:\\\/\\\/www.arteliagroup.com\\\/\",\"name\":\"Artelia Group\",\"description\":\"\",\"publisher\":{\"@id\":\"https:\\\/\\\/www.arteliagroup.com\\\/#organization\"},\"potentialAction\":[{\"@type\":\"SearchAction\",\"target\":{\"@type\":\"EntryPoint\",\"urlTemplate\":\"https:\\\/\\\/www.arteliagroup.com\\\/?s={search_term_string}\"},\"query-input\":{\"@type\":\"PropertyValueSpecification\",\"valueRequired\":true,\"valueName\":\"search_term_string\"}}],\"inLanguage\":\"fr-FR\"},{\"@type\":\"Organization\",\"@id\":\"https:\\\/\\\/www.arteliagroup.com\\\/#organization\",\"name\":\"Artelia Group\",\"url\":\"https:\\\/\\\/www.arteliagroup.com\\\/\",\"logo\":{\"@type\":\"ImageObject\",\"inLanguage\":\"fr-FR\",\"@id\":\"https:\\\/\\\/www.arteliagroup.com\\\/#\\\/schema\\\/logo\\\/image\\\/\",\"url\":\"https:\\\/\\\/www.arteliagroup.com\\\/wp-content\\\/uploads\\\/2023\\\/04\\\/logo_ARTELIA_Couleur.png\",\"contentUrl\":\"https:\\\/\\\/www.arteliagroup.com\\\/wp-content\\\/uploads\\\/2023\\\/04\\\/logo_ARTELIA_Couleur.png\",\"width\":303,\"height\":100,\"caption\":\"Artelia Group\"},\"image\":{\"@id\":\"https:\\\/\\\/www.arteliagroup.com\\\/#\\\/schema\\\/logo\\\/image\\\/\"}}]}<\/script>\n<!-- \/ Yoast SEO plugin. -->","yoast_head_json":{"title":"Am\u00e9nagement de la ville - Artelia Group","robots":{"index":"index","follow":"follow","max-snippet":"max-snippet:-1","max-image-preview":"max-image-preview:large","max-video-preview":"max-video-preview:-1"},"canonical":"https:\/\/www.arteliagroup.com\/mobility\/urban-development\/","og_locale":"fr_FR","og_type":"article","og_title":"Am\u00e9nagement de la ville - Artelia Group","og_description":"AM\u00c9NAGEMENTDE LA VILLE Engag\u00e9 dans de nombreux projets d\u2019am\u00e9nagement urbain, Artelia g\u00e8re efficacement l\u2019insertion des infrastructures de transport dans la ville. Contactez nous NOTRE ACCOMPAGNEMENT Le bon fonctionnement d\u2019une ville, et la r\u00e9ussite de tout projet d\u2019am\u00e9nagement urbain, reposent sur la capacit\u00e9 de la collectivit\u00e9 \u00e0 planifier son d\u00e9veloppement, en s\u2019appuyant sur un ensemble d\u2019infrastructures [&hellip;]","og_url":"https:\/\/www.arteliagroup.com\/mobility\/urban-development\/","og_site_name":"Artelia Group","article_modified_time":"2023-12-19T15:54:48+00:00","twitter_card":"summary_large_image","twitter_misc":{"Dur\u00e9e de lecture estim\u00e9e":"1 minute"},"schema":{"@context":"https:\/\/schema.org","@graph":[{"@type":"WebPage","@id":"https:\/\/www.arteliagroup.com\/mobility\/urban-development\/","url":"https:\/\/www.arteliagroup.com\/mobility\/urban-development\/","name":"Am\u00e9nagement de la ville - Artelia Group","isPartOf":{"@id":"https:\/\/www.arteliagroup.com\/#website"},"datePublished":"2023-10-10T13:39:08+00:00","dateModified":"2023-12-19T15:54:48+00:00","breadcrumb":{"@id":"https:\/\/www.arteliagroup.com\/mobility\/urban-development\/#breadcrumb"},"inLanguage":"fr-FR","potentialAction":[{"@type":"ReadAction","target":["https:\/\/www.arteliagroup.com\/mobility\/urban-development\/"]}]},{"@type":"BreadcrumbList","@id":"https:\/\/www.arteliagroup.com\/mobility\/urban-development\/#breadcrumb","itemListElement":[{"@type":"ListItem","position":1,"name":"Home","item":"https:\/\/www.arteliagroup.com\/fr\/"},{"@type":"ListItem","position":2,"name":"Mobilit\u00e9","item":"https:\/\/www.arteliagroup.com\/mobility\/"},{"@type":"ListItem","position":3,"name":"Am\u00e9nagement de la ville"}]},{"@type":"WebSite","@id":"https:\/\/www.arteliagroup.com\/#website","url":"https:\/\/www.arteliagroup.com\/","name":"Artelia Group","description":"","publisher":{"@id":"https:\/\/www.arteliagroup.com\/#organization"},"potentialAction":[{"@type":"SearchAction","target":{"@type":"EntryPoint","urlTemplate":"https:\/\/www.arteliagroup.com\/?s={search_term_string}"},"query-input":{"@type":"PropertyValueSpecification","valueRequired":true,"valueName":"search_term_string"}}],"inLanguage":"fr-FR"},{"@type":"Organization","@id":"https:\/\/www.arteliagroup.com\/#organization","name":"Artelia Group","url":"https:\/\/www.arteliagroup.com\/","logo":{"@type":"ImageObject","inLanguage":"fr-FR","@id":"https:\/\/www.arteliagroup.com\/#\/schema\/logo\/image\/","url":"https:\/\/www.arteliagroup.com\/wp-content\/uploads\/2023\/04\/logo_ARTELIA_Couleur.png","contentUrl":"https:\/\/www.arteliagroup.com\/wp-content\/uploads\/2023\/04\/logo_ARTELIA_Couleur.png","width":303,"height":100,"caption":"Artelia Group"},"image":{"@id":"https:\/\/www.arteliagroup.com\/#\/schema\/logo\/image\/"}}]}},"_links":{"self":[{"href":"https:\/\/www.arteliagroup.com\/fr\/wp-json\/wp\/v2\/pages\/8288","targetHints":{"allow":["GET"]}}],"collection":[{"href":"https:\/\/www.arteliagroup.com\/fr\/wp-json\/wp\/v2\/pages"}],"about":[{"href":"https:\/\/www.arteliagroup.com\/fr\/wp-json\/wp\/v2\/types\/page"}],"author":[{"embeddable":true,"href":"https:\/\/www.arteliagroup.com\/fr\/wp-json\/wp\/v2\/users\/1"}],"replies":[{"embeddable":true,"href":"https:\/\/www.arteliagroup.com\/fr\/wp-json\/wp\/v2\/comments?post=8288"}],"version-history":[{"count":0,"href":"https:\/\/www.arteliagroup.com\/fr\/wp-json\/wp\/v2\/pages\/8288\/revisions"}],"up":[{"embeddable":true,"href":"https:\/\/www.arteliagroup.com\/fr\/wp-json\/wp\/v2\/pages\/8304"}],"wp:attachment":[{"href":"https:\/\/www.arteliagroup.com\/fr\/wp-json\/wp\/v2\/media?parent=8288"}],"curies":[{"name":"wp","href":"https:\/\/api.w.org\/{rel}","templated":true}]}}