{"id":8304,"date":"2023-10-10T15:16:44","date_gmt":"2023-10-10T13:16:44","guid":{"rendered":"https:\/\/www.arteliagroup.com\/mobilite\/"},"modified":"2025-06-24T15:45:08","modified_gmt":"2025-06-24T13:45:08","slug":"mobilite","status":"publish","type":"page","link":"https:\/\/www.arteliagroup.com\/fr\/mobilite\/","title":{"rendered":"Mobilit\u00e9"},"content":{"rendered":"\t\t<div data-elementor-type=\"wp-page\" data-elementor-id=\"8304\" class=\"elementor elementor-8304 elementor-5473\">\n\t\t\t\t\t\t<section class=\"elementor-section elementor-top-section elementor-element elementor-element-d2acb85 elementor-section-full_width elementor-section-height-min-height elementor-section-items-stretch elementor-section-content-middle elementor-reverse-mobile_extra elementor-reverse-mobile width-limit elementor-section-height-default\" data-id=\"d2acb85\" data-element_type=\"section\" data-e-type=\"section\">\n\t\t\t\t\t\t\t<div class=\"elementor-background-overlay\"><\/div>\n\t\t\t\t\t\t\t<div class=\"elementor-container elementor-column-gap-no\">\n\t\t\t\t\t<div class=\"elementor-column elementor-col-50 elementor-top-column elementor-element elementor-element-77869240 padleft0-full\" data-id=\"77869240\" data-element_type=\"column\" data-e-type=\"column\">\n\t\t\t<div class=\"elementor-widget-wrap elementor-element-populated\">\n\t\t\t\t\t\t<div class=\"elementor-element elementor-element-339d0943 elementor-widget elementor-widget-heading\" data-id=\"339d0943\" data-element_type=\"widget\" data-e-type=\"widget\" data-widget_type=\"heading.default\">\n\t\t\t\t<div class=\"elementor-widget-container\">\n\t\t\t\t\t<h1 class=\"elementor-heading-title elementor-size-default\">MOBILIT\u00c9<\/h1>\t\t\t\t<\/div>\n\t\t\t\t<\/div>\n\t\t\t\t<div class=\"elementor-element elementor-element-3fbc70 elementor-widget elementor-widget-text-editor\" data-id=\"3fbc70\" data-element_type=\"widget\" data-e-type=\"widget\" data-widget_type=\"text-editor.default\">\n\t\t\t\t<div class=\"elementor-widget-container\">\n\t\t\t\t\t\t\t\t\t<p>Artelia appr\u00e9hende la mobilit\u00e9 dans sa globalit\u00e9 en intervenant sur chaque type d\u2019infrastructures et sur leur interconnexion.<\/p>\n\t\t\t\t\t\t\t\t<\/div>\n\t\t\t\t<\/div>\n\t\t\t\t<div class=\"elementor-element elementor-element-87308b8 elementor-widget elementor-widget-button\" data-id=\"87308b8\" data-element_type=\"widget\" data-e-type=\"widget\" data-widget_type=\"button.default\">\n\t\t\t\t<div class=\"elementor-widget-container\">\n\t\t\t\t\t\t\t\t\t<div class=\"elementor-button-wrapper\">\n\t\t\t\t\t<a class=\"elementor-button elementor-button-link elementor-size-sm\" href=\"https:\/\/www.arteliagroup.com\/fr\/project-gallery\/\">\n\t\t\t\t\t\t<span class=\"elementor-button-content-wrapper\">\n\t\t\t\t\t\t\t\t\t<span class=\"elementor-button-text\">D\u00c9COUVREZ NOS PROJETS<\/span>\n\t\t\t\t\t<\/span>\n\t\t\t\t\t<\/a>\n\t\t\t\t<\/div>\n\t\t\t\t\t\t\t\t<\/div>\n\t\t\t\t<\/div>\n\t\t\t\t\t<\/div>\n\t\t<\/div>\n\t\t\t\t<div class=\"elementor-column elementor-col-50 elementor-top-column elementor-element elementor-element-5a436347\" data-id=\"5a436347\" data-element_type=\"column\" data-e-type=\"column\" data-settings=\"{&quot;background_background&quot;:&quot;classic&quot;}\">\n\t\t\t<div class=\"elementor-widget-wrap elementor-element-populated\">\n\t\t\t\t\t<div class=\"elementor-background-overlay\"><\/div>\n\t\t\t\t\t\t<div class=\"elementor-element elementor-element-4e08343b elementor-widget elementor-widget-spacer\" data-id=\"4e08343b\" data-element_type=\"widget\" data-e-type=\"widget\" data-widget_type=\"spacer.default\">\n\t\t\t\t<div class=\"elementor-widget-container\">\n\t\t\t\t\t\t\t<div class=\"elementor-spacer\">\n\t\t\t<div class=\"elementor-spacer-inner\"><\/div>\n\t\t<\/div>\n\t\t\t\t\t\t<\/div>\n\t\t\t\t<\/div>\n\t\t\t\t\t<\/div>\n\t\t<\/div>\n\t\t\t\t\t<\/div>\n\t\t<\/section>\n\t\t\t\t<section class=\"elementor-section elementor-top-section elementor-element elementor-element-44639658 elementor-section-boxed elementor-section-height-default elementor-section-height-default\" data-id=\"44639658\" data-element_type=\"section\" data-e-type=\"section\">\n\t\t\t\t\t\t<div class=\"elementor-container elementor-column-gap-no\">\n\t\t\t\t\t<div class=\"elementor-column elementor-col-100 elementor-top-column elementor-element elementor-element-2ad0b6c4\" data-id=\"2ad0b6c4\" data-element_type=\"column\" data-e-type=\"column\">\n\t\t\t<div class=\"elementor-widget-wrap elementor-element-populated\">\n\t\t\t\t\t\t<div class=\"elementor-element elementor-element-1f7418b0 elementor-widget elementor-widget-spacer\" data-id=\"1f7418b0\" data-element_type=\"widget\" data-e-type=\"widget\" data-widget_type=\"spacer.default\">\n\t\t\t\t<div class=\"elementor-widget-container\">\n\t\t\t\t\t\t\t<div class=\"elementor-spacer\">\n\t\t\t<div class=\"elementor-spacer-inner\"><\/div>\n\t\t<\/div>\n\t\t\t\t\t\t<\/div>\n\t\t\t\t<\/div>\n\t\t\t\t\t<\/div>\n\t\t<\/div>\n\t\t\t\t\t<\/div>\n\t\t<\/section>\n\t\t\t\t<section class=\"elementor-section elementor-top-section elementor-element elementor-element-2230cd4d elementor-section-boxed elementor-section-height-default elementor-section-height-default\" data-id=\"2230cd4d\" data-element_type=\"section\" data-e-type=\"section\">\n\t\t\t\t\t\t<div class=\"elementor-container elementor-column-gap-no\">\n\t\t\t\t\t<div class=\"elementor-column elementor-col-100 elementor-top-column elementor-element elementor-element-51570a24\" data-id=\"51570a24\" data-element_type=\"column\" data-e-type=\"column\">\n\t\t\t<div class=\"elementor-widget-wrap elementor-element-populated\">\n\t\t\t\t\t\t<div class=\"elementor-element elementor-element-527a4077 elementor-widget elementor-widget-elementskit-IabdPhotoFilter\" data-id=\"527a4077\" data-element_type=\"widget\" data-e-type=\"widget\" data-widget_type=\"elementskit-IabdPhotoFilter.default\">\n\t\t\t\t<div class=\"elementor-widget-container\">\n\t\t\t\t\t<div class=\"ibway_iabd_photo_filter\">\n<div class=\"bloc-filter\" style='height:200px'>\n\t<a href=\"\/fr\/transport-urbain\/\">\n\t\t<img decoding=\"async\" src=\"https:\/\/www.arteliagroup.com\/wp-content\/uploads\/2023\/10\/MOBILITY-Urban-transport.jpeg\" alt=\"\">\n\t\t<div class=\"bloc-filter__overlay\"><\/div>\n\t\t<div class=\"bloc-filter__des\">Transport urbain<\/div>\n\t\t<div class=\"bloc-filter__des-hover\">Transport urbain<\/div>\n\t<\/a>\n<\/div>\n<div class=\"bloc-filter\" style='height:200px'>\n\t<a href=\"\/fr\/amenagement-de-la-ville\/\">\n\t\t<img decoding=\"async\" src=\"https:\/\/www.arteliagroup.com\/wp-content\/uploads\/2023\/10\/MOBILITY-Urban-development.jpg\" alt=\"\">\n\t\t<div class=\"bloc-filter__overlay\"><\/div>\n\t\t<div class=\"bloc-filter__des\">Am\u00e9nagement de la ville<\/div>\n\t\t<div class=\"bloc-filter__des-hover\">Am\u00e9nagement de la ville<\/div>\n\t<\/a>\n<\/div>\n<div class=\"bloc-filter\" style='height:200px'>\n\t<a href=\"\/fr\/mobilites-actives\/\">\n\t\t<img decoding=\"async\" src=\"https:\/\/www.arteliagroup.com\/wp-content\/uploads\/2023\/10\/MOBILITY-Active-travel.jpg\" alt=\"\">\n\t\t<div class=\"bloc-filter__overlay\"><\/div>\n\t\t<div class=\"bloc-filter__des\">Mobilit\u00e9 active<\/div>\n\t\t<div class=\"bloc-filter__des-hover\">Mobilit\u00e9 active<\/div>\n\t<\/a>\n<\/div>\n<div class=\"bloc-filter\" style='height:200px'>\n\t<a href=\"\/fr\/ferroviaire-lgv\/\">\n\t\t<img decoding=\"async\" src=\"https:\/\/www.arteliagroup.com\/wp-content\/uploads\/2023\/10\/MOBILITY-Rail.jpg\" alt=\"\">\n\t\t<div class=\"bloc-filter__overlay\"><\/div>\n\t\t<div class=\"bloc-filter__des\">Ferroviaire, LGV<\/div>\n\t\t<div class=\"bloc-filter__des-hover\">Ferroviaire, LGV<\/div>\n\t<\/a>\n<\/div>\n<div class=\"bloc-filter\" style='height:200px'>\n\t<a href=\"\/fr\/routier\/\">\n\t\t<img decoding=\"async\" src=\"https:\/\/www.arteliagroup.com\/wp-content\/uploads\/2023\/10\/MOBILITY-Roads.jpg\" alt=\"\">\n\t\t<div class=\"bloc-filter__overlay\"><\/div>\n\t\t<div class=\"bloc-filter__des\">Routier<\/div>\n\t\t<div class=\"bloc-filter__des-hover\">Routier<\/div>\n\t<\/a>\n<\/div>\n<div class=\"bloc-filter\" style='height:200px'>\n\t<a href=\"\/fr\/aerien\/\">\n\t\t<img decoding=\"async\" src=\"https:\/\/www.arteliagroup.com\/wp-content\/uploads\/2025\/03\/MOBILITE_Aerien.jpg\" alt=\"\">\n\t\t<div class=\"bloc-filter__overlay\"><\/div>\n\t\t<div class=\"bloc-filter__des\">A\u00e9roportuaire<\/div>\n\t\t<div class=\"bloc-filter__des-hover\">A\u00e9roportuaire<\/div>\n\t<\/a>\n<\/div>\n<div class=\"bloc-filter\" style='height:200px'>\n\t<a href=\"https:\/\/www.arteliagroup.com\/fr\/mobilite\/fluvial-et-maritime\/\">\n\t\t<img decoding=\"async\" src=\"https:\/\/www.arteliagroup.com\/wp-content\/uploads\/2023\/10\/MOBILITY-River-Maritime.jpg\" alt=\"\">\n\t\t<div class=\"bloc-filter__overlay\"><\/div>\n\t\t<div class=\"bloc-filter__des\">Fluvial & maritime <\/div>\n\t\t<div class=\"bloc-filter__des-hover\">Fluvial & maritime <\/div>\n\t<\/a>\n<\/div>\n<div class=\"bloc-filter\" style='height:200px'>\n\t<a href=\"\/fr\/ouvrages-dart\/\">\n\t\t<img decoding=\"async\" src=\"https:\/\/www.arteliagroup.com\/wp-content\/uploads\/2023\/10\/MOBILITY-Civil-engineering-structures.jpeg\" alt=\"\">\n\t\t<div class=\"bloc-filter__overlay\"><\/div>\n\t\t<div class=\"bloc-filter__des\">Ouvrages d\u2019art<\/div>\n\t\t<div class=\"bloc-filter__des-hover\">Ouvrages d\u2019art<\/div>\n\t<\/a>\n<\/div>\n<\/div>\t\t\t\t<\/div>\n\t\t\t\t<\/div>\n\t\t\t\t\t<\/div>\n\t\t<\/div>\n\t\t\t\t\t<\/div>\n\t\t<\/section>\n\t\t\t\t<section class=\"elementor-section elementor-top-section elementor-element elementor-element-df3f4fe elementor-section-boxed elementor-section-height-default elementor-section-height-default\" data-id=\"df3f4fe\" data-element_type=\"section\" data-e-type=\"section\">\n\t\t\t\t\t\t<div class=\"elementor-container elementor-column-gap-no\">\n\t\t\t\t\t<div class=\"elementor-column elementor-col-100 elementor-top-column elementor-element elementor-element-2a3963b2\" data-id=\"2a3963b2\" data-element_type=\"column\" data-e-type=\"column\">\n\t\t\t<div class=\"elementor-widget-wrap elementor-element-populated\">\n\t\t\t\t\t\t<div class=\"elementor-element elementor-element-26d03306 elementor-widget elementor-widget-spacer\" data-id=\"26d03306\" data-element_type=\"widget\" data-e-type=\"widget\" data-widget_type=\"spacer.default\">\n\t\t\t\t<div class=\"elementor-widget-container\">\n\t\t\t\t\t\t\t<div class=\"elementor-spacer\">\n\t\t\t<div class=\"elementor-spacer-inner\"><\/div>\n\t\t<\/div>\n\t\t\t\t\t\t<\/div>\n\t\t\t\t<\/div>\n\t\t\t\t\t<\/div>\n\t\t<\/div>\n\t\t\t\t\t<\/div>\n\t\t<\/section>\n\t\t\t\t<\/div>\n\t\t","protected":false},"excerpt":{"rendered":"<p>MOBILIT\u00c9 Artelia appr\u00e9hende la mobilit\u00e9 dans sa globalit\u00e9 en intervenant sur chaque type d\u2019infrastructures et sur leur interconnexion. D\u00c9COUVREZ NOS PROJETS Transport urbain Transport urbain Am\u00e9nagement de la ville Am\u00e9nagement de la ville Mobilit\u00e9 active Mobilit\u00e9 active Ferroviaire, LGV Ferroviaire, LGV Routier Routier A\u00e9roportuaire A\u00e9roportuaire Fluvial &#038; maritime Fluvial &#038; maritime Ouvrages d\u2019art Ouvrages d\u2019art<\/p>\n","protected":false},"author":1,"featured_media":0,"parent":0,"menu_order":0,"comment_status":"closed","ping_status":"closed","template":"","meta":{"_acf_changed":false,"inline_featured_image":false,"footnotes":""},"class_list":["post-8304","page","type-page","status-publish","hentry"],"acf":[],"yoast_head":"<!-- This site is optimized with the Yoast SEO plugin v27.3 - https:\/\/yoast.com\/product\/yoast-seo-wordpress\/ -->\n<title>Mobilit\u00e9 - Artelia Group<\/title>\n<meta name=\"robots\" content=\"index, follow, max-snippet:-1, max-image-preview:large, max-video-preview:-1\" \/>\n<link rel=\"canonical\" href=\"https:\/\/www.arteliagroup.com\/mobility\/\" \/>\n<meta property=\"og:locale\" content=\"fr_FR\" \/>\n<meta property=\"og:type\" content=\"article\" \/>\n<meta property=\"og:title\" content=\"Mobilit\u00e9 - Artelia Group\" \/>\n<meta property=\"og:description\" content=\"MOBILIT\u00c9 Artelia appr\u00e9hende la mobilit\u00e9 dans sa globalit\u00e9 en intervenant sur chaque type d\u2019infrastructures et sur leur interconnexion. D\u00c9COUVREZ NOS PROJETS Transport urbain Transport urbain Am\u00e9nagement de la ville Am\u00e9nagement de la ville Mobilit\u00e9 active Mobilit\u00e9 active Ferroviaire, LGV Ferroviaire, LGV Routier Routier A\u00e9roportuaire A\u00e9roportuaire Fluvial &#038; maritime Fluvial &#038; maritime Ouvrages d\u2019art Ouvrages d\u2019art\" \/>\n<meta property=\"og:url\" content=\"https:\/\/www.arteliagroup.com\/mobility\/\" \/>\n<meta property=\"og:site_name\" content=\"Artelia Group\" \/>\n<meta property=\"article:modified_time\" content=\"2025-06-24T13:45:08+00:00\" \/>\n<meta property=\"og:image\" content=\"https:\/\/www.arteliagroup.com\/wp-content\/uploads\/2023\/10\/MOBILITY-Urban-transport.jpeg\" \/>\n<meta name=\"twitter:card\" content=\"summary_large_image\" \/>\n<meta name=\"twitter:label1\" content=\"Dur\u00e9e de lecture estim\u00e9e\" \/>\n\t<meta name=\"twitter:data1\" content=\"2 minutes\" \/>\n<script type=\"application\/ld+json\" class=\"yoast-schema-graph\">{\"@context\":\"https:\\\/\\\/schema.org\",\"@graph\":[{\"@type\":\"WebPage\",\"@id\":\"https:\\\/\\\/www.arteliagroup.com\\\/mobility\\\/\",\"url\":\"https:\\\/\\\/www.arteliagroup.com\\\/mobility\\\/\",\"name\":\"Mobilit\u00e9 - Artelia Group\",\"isPartOf\":{\"@id\":\"https:\\\/\\\/www.arteliagroup.com\\\/#website\"},\"primaryImageOfPage\":{\"@id\":\"https:\\\/\\\/www.arteliagroup.com\\\/mobility\\\/#primaryimage\"},\"image\":{\"@id\":\"https:\\\/\\\/www.arteliagroup.com\\\/mobility\\\/#primaryimage\"},\"thumbnailUrl\":\"https:\\\/\\\/www.arteliagroup.com\\\/wp-content\\\/uploads\\\/2023\\\/10\\\/MOBILITY-Urban-transport.jpeg\",\"datePublished\":\"2023-10-10T13:16:44+00:00\",\"dateModified\":\"2025-06-24T13:45:08+00:00\",\"breadcrumb\":{\"@id\":\"https:\\\/\\\/www.arteliagroup.com\\\/mobility\\\/#breadcrumb\"},\"inLanguage\":\"fr-FR\",\"potentialAction\":[{\"@type\":\"ReadAction\",\"target\":[\"https:\\\/\\\/www.arteliagroup.com\\\/mobility\\\/\"]}]},{\"@type\":\"ImageObject\",\"inLanguage\":\"fr-FR\",\"@id\":\"https:\\\/\\\/www.arteliagroup.com\\\/mobility\\\/#primaryimage\",\"url\":\"https:\\\/\\\/www.arteliagroup.com\\\/wp-content\\\/uploads\\\/2023\\\/10\\\/MOBILITY-Urban-transport.jpeg\",\"contentUrl\":\"https:\\\/\\\/www.arteliagroup.com\\\/wp-content\\\/uploads\\\/2023\\\/10\\\/MOBILITY-Urban-transport.jpeg\"},{\"@type\":\"BreadcrumbList\",\"@id\":\"https:\\\/\\\/www.arteliagroup.com\\\/mobility\\\/#breadcrumb\",\"itemListElement\":[{\"@type\":\"ListItem\",\"position\":1,\"name\":\"Home\",\"item\":\"https:\\\/\\\/www.arteliagroup.com\\\/fr\\\/\"},{\"@type\":\"ListItem\",\"position\":2,\"name\":\"Mobilit\u00e9\"}]},{\"@type\":\"WebSite\",\"@id\":\"https:\\\/\\\/www.arteliagroup.com\\\/#website\",\"url\":\"https:\\\/\\\/www.arteliagroup.com\\\/\",\"name\":\"Artelia Group\",\"description\":\"\",\"publisher\":{\"@id\":\"https:\\\/\\\/www.arteliagroup.com\\\/#organization\"},\"potentialAction\":[{\"@type\":\"SearchAction\",\"target\":{\"@type\":\"EntryPoint\",\"urlTemplate\":\"https:\\\/\\\/www.arteliagroup.com\\\/?s={search_term_string}\"},\"query-input\":{\"@type\":\"PropertyValueSpecification\",\"valueRequired\":true,\"valueName\":\"search_term_string\"}}],\"inLanguage\":\"fr-FR\"},{\"@type\":\"Organization\",\"@id\":\"https:\\\/\\\/www.arteliagroup.com\\\/#organization\",\"name\":\"Artelia Group\",\"url\":\"https:\\\/\\\/www.arteliagroup.com\\\/\",\"logo\":{\"@type\":\"ImageObject\",\"inLanguage\":\"fr-FR\",\"@id\":\"https:\\\/\\\/www.arteliagroup.com\\\/#\\\/schema\\\/logo\\\/image\\\/\",\"url\":\"https:\\\/\\\/www.arteliagroup.com\\\/wp-content\\\/uploads\\\/2023\\\/04\\\/logo_ARTELIA_Couleur.png\",\"contentUrl\":\"https:\\\/\\\/www.arteliagroup.com\\\/wp-content\\\/uploads\\\/2023\\\/04\\\/logo_ARTELIA_Couleur.png\",\"width\":303,\"height\":100,\"caption\":\"Artelia Group\"},\"image\":{\"@id\":\"https:\\\/\\\/www.arteliagroup.com\\\/#\\\/schema\\\/logo\\\/image\\\/\"}}]}<\/script>\n<!-- \/ Yoast SEO plugin. -->","yoast_head_json":{"title":"Mobilit\u00e9 - Artelia Group","robots":{"index":"index","follow":"follow","max-snippet":"max-snippet:-1","max-image-preview":"max-image-preview:large","max-video-preview":"max-video-preview:-1"},"canonical":"https:\/\/www.arteliagroup.com\/mobility\/","og_locale":"fr_FR","og_type":"article","og_title":"Mobilit\u00e9 - Artelia Group","og_description":"MOBILIT\u00c9 Artelia appr\u00e9hende la mobilit\u00e9 dans sa globalit\u00e9 en intervenant sur chaque type d\u2019infrastructures et sur leur interconnexion. D\u00c9COUVREZ NOS PROJETS Transport urbain Transport urbain Am\u00e9nagement de la ville Am\u00e9nagement de la ville Mobilit\u00e9 active Mobilit\u00e9 active Ferroviaire, LGV Ferroviaire, LGV Routier Routier A\u00e9roportuaire A\u00e9roportuaire Fluvial &#038; maritime Fluvial &#038; maritime Ouvrages d\u2019art Ouvrages d\u2019art","og_url":"https:\/\/www.arteliagroup.com\/mobility\/","og_site_name":"Artelia Group","article_modified_time":"2025-06-24T13:45:08+00:00","og_image":[{"url":"https:\/\/www.arteliagroup.com\/wp-content\/uploads\/2023\/10\/MOBILITY-Urban-transport.jpeg","type":"","width":"","height":""}],"twitter_card":"summary_large_image","twitter_misc":{"Dur\u00e9e de lecture estim\u00e9e":"2 minutes"},"schema":{"@context":"https:\/\/schema.org","@graph":[{"@type":"WebPage","@id":"https:\/\/www.arteliagroup.com\/mobility\/","url":"https:\/\/www.arteliagroup.com\/mobility\/","name":"Mobilit\u00e9 - Artelia Group","isPartOf":{"@id":"https:\/\/www.arteliagroup.com\/#website"},"primaryImageOfPage":{"@id":"https:\/\/www.arteliagroup.com\/mobility\/#primaryimage"},"image":{"@id":"https:\/\/www.arteliagroup.com\/mobility\/#primaryimage"},"thumbnailUrl":"https:\/\/www.arteliagroup.com\/wp-content\/uploads\/2023\/10\/MOBILITY-Urban-transport.jpeg","datePublished":"2023-10-10T13:16:44+00:00","dateModified":"2025-06-24T13:45:08+00:00","breadcrumb":{"@id":"https:\/\/www.arteliagroup.com\/mobility\/#breadcrumb"},"inLanguage":"fr-FR","potentialAction":[{"@type":"ReadAction","target":["https:\/\/www.arteliagroup.com\/mobility\/"]}]},{"@type":"ImageObject","inLanguage":"fr-FR","@id":"https:\/\/www.arteliagroup.com\/mobility\/#primaryimage","url":"https:\/\/www.arteliagroup.com\/wp-content\/uploads\/2023\/10\/MOBILITY-Urban-transport.jpeg","contentUrl":"https:\/\/www.arteliagroup.com\/wp-content\/uploads\/2023\/10\/MOBILITY-Urban-transport.jpeg"},{"@type":"BreadcrumbList","@id":"https:\/\/www.arteliagroup.com\/mobility\/#breadcrumb","itemListElement":[{"@type":"ListItem","position":1,"name":"Home","item":"https:\/\/www.arteliagroup.com\/fr\/"},{"@type":"ListItem","position":2,"name":"Mobilit\u00e9"}]},{"@type":"WebSite","@id":"https:\/\/www.arteliagroup.com\/#website","url":"https:\/\/www.arteliagroup.com\/","name":"Artelia Group","description":"","publisher":{"@id":"https:\/\/www.arteliagroup.com\/#organization"},"potentialAction":[{"@type":"SearchAction","target":{"@type":"EntryPoint","urlTemplate":"https:\/\/www.arteliagroup.com\/?s={search_term_string}"},"query-input":{"@type":"PropertyValueSpecification","valueRequired":true,"valueName":"search_term_string"}}],"inLanguage":"fr-FR"},{"@type":"Organization","@id":"https:\/\/www.arteliagroup.com\/#organization","name":"Artelia Group","url":"https:\/\/www.arteliagroup.com\/","logo":{"@type":"ImageObject","inLanguage":"fr-FR","@id":"https:\/\/www.arteliagroup.com\/#\/schema\/logo\/image\/","url":"https:\/\/www.arteliagroup.com\/wp-content\/uploads\/2023\/04\/logo_ARTELIA_Couleur.png","contentUrl":"https:\/\/www.arteliagroup.com\/wp-content\/uploads\/2023\/04\/logo_ARTELIA_Couleur.png","width":303,"height":100,"caption":"Artelia Group"},"image":{"@id":"https:\/\/www.arteliagroup.com\/#\/schema\/logo\/image\/"}}]}},"_links":{"self":[{"href":"https:\/\/www.arteliagroup.com\/fr\/wp-json\/wp\/v2\/pages\/8304","targetHints":{"allow":["GET"]}}],"collection":[{"href":"https:\/\/www.arteliagroup.com\/fr\/wp-json\/wp\/v2\/pages"}],"about":[{"href":"https:\/\/www.arteliagroup.com\/fr\/wp-json\/wp\/v2\/types\/page"}],"author":[{"embeddable":true,"href":"https:\/\/www.arteliagroup.com\/fr\/wp-json\/wp\/v2\/users\/1"}],"replies":[{"embeddable":true,"href":"https:\/\/www.arteliagroup.com\/fr\/wp-json\/wp\/v2\/comments?post=8304"}],"version-history":[{"count":12,"href":"https:\/\/www.arteliagroup.com\/fr\/wp-json\/wp\/v2\/pages\/8304\/revisions"}],"predecessor-version":[{"id":22677,"href":"https:\/\/www.arteliagroup.com\/fr\/wp-json\/wp\/v2\/pages\/8304\/revisions\/22677"}],"wp:attachment":[{"href":"https:\/\/www.arteliagroup.com\/fr\/wp-json\/wp\/v2\/media?parent=8304"}],"curies":[{"name":"wp","href":"https:\/\/api.w.org\/{rel}","templated":true}]}}